{"id":140,"date":"2020-11-30T14:09:46","date_gmt":"2020-11-30T13:09:46","guid":{"rendered":"https:\/\/bolmensweden.com\/?page_id=140"},"modified":"2021-11-03T09:09:47","modified_gmt":"2021-11-03T08:09:47","slug":"foreningen","status":"publish","type":"page","link":"https:\/\/bolmensweden.com\/de\/foreningen\/","title":{"rendered":"Der Verein"},"content":{"rendered":"<p>[et_pb_section fb_built=&#8221;1&#8243; _builder_version=&#8221;4.7.4&#8243; _module_preset=&#8221;default&#8221; background_image=&#8221;https:\/\/bolmensweden.com\/wp-content\/uploads\/2021\/01\/102647305_3379768708722895_1582666788259233792_o.jpg&#8221; height=&#8221;350px&#8221;][\/et_pb_section][et_pb_section fb_built=&#8221;1&#8243; _builder_version=&#8221;4.7.4&#8243; _module_preset=&#8221;default&#8221; background_color=&#8221;rgba(0,0,0,0)&#8221; custom_padding=&#8221;4px||||false|false&#8221;][et_pb_row column_structure=&#8221;2_3,1_3&#8243; _builder_version=&#8221;4.7.4&#8243; _module_preset=&#8221;default&#8221; custom_padding=&#8221;40px|||||&#8221;][et_pb_column type=&#8221;2_3&#8243; _builder_version=&#8221;4.7.4&#8243; _module_preset=&#8221;default&#8221;][et_pb_text _builder_version=&#8221;4.7.4&#8243; _module_preset=&#8221;default&#8221; hover_enabled=&#8221;0&#8243; background_color=&#8221;rgba(0,0,0,0)&#8221; sticky_enabled=&#8221;0&#8243;]<\/p>\n<h1>Der Verein<\/h1>\n<p><strong>Bolmens Fischereiverein ordnet die Fischerei und Fischereischutz  im See Bolmen. Wir arbeiten mit der F\u00f6rderung der  Fischrechtinhaber  sowie gemeinsamen Interessen, den Vorschriften und Regeln der Fischerei und der Allgemeinheit zur Verf\u00fcgung zu stehen.<\/strong><\/p>\n<p>Bolmens FVOF ist ein Verein f\u00fcr Fischrechtinhaber im Bolmen. Diese Personen besitzen ein Haus mit Recht im Bolmen zu angeln.<\/p>\n<p><strong>Der Betrieb<\/strong><br \/> Bolmens FVOF koordiniert Fischerei und Fischereischutz auf dem Auftrag der Fischrechtinhaber.  Wir arbeiten um die gemeinsamen Interessen zu f\u00f6rdern und beschliessen die Regeln und Vorschriften der Fischerei.Durch den Verkauf von Angelkarten geben wir denen, die kein Fischrecht im See Bolmen besitzen,  die M\u00f6glichkeit sich dieses Recht f\u00fcr eine bestimmte Periode zu kaufen.<br \/> Genom att s\u00e4lja fiskekort ger vi \u00e4ven m\u00f6jligheten f\u00f6r de som vill fiska i Bolmen och saknar fisker\u00e4tt att k\u00f6pa den r\u00e4tten under en period.<\/p>\n<p>[\/et_pb_text][et_pb_button button_url=&#8221;@ET-DC@eyJkeW5hbWljIjp0cnVlLCJjb250ZW50IjoicG9zdF9saW5rX3VybF9wYWdlIiwic2V0dGluZ3MiOnsicG9zdF9pZCI6IjIxNyJ9fQ==@&#8221; button_text=&#8221;L\u00e4s v\u00e5ra stadgar&#8221; button_alignment=&#8221;left&#8221; _builder_version=&#8221;4.7.4&#8243; _dynamic_attributes=&#8221;button_url&#8221; _module_preset=&#8221;default&#8221; custom_button=&#8221;on&#8221; button_text_size=&#8221;14px&#8221; button_bg_color=&#8221;#000000&#8243; button_border_width=&#8221;0px&#8221; background_layout=&#8221;dark&#8221; hover_enabled=&#8221;0&#8243; custom_padding=&#8221;||||false|false&#8221; custom_margin=&#8221;||10px||false|false&#8221; sticky_enabled=&#8221;0&#8243;][\/et_pb_button][\/et_pb_column][et_pb_column type=&#8221;1_3&#8243; _builder_version=&#8221;4.7.4&#8243; _module_preset=&#8221;default&#8221; background_color=&#8221;#DFB759&#8243; custom_padding=&#8221;42px|24px|32px|24px|false|true&#8221;][et_pb_text _builder_version=&#8221;4.7.4&#8243; _module_preset=&#8221;default&#8221; text_text_color=&#8221;#000000&#8243; header_2_font=&#8221;|700|||||||&#8221; header_2_text_color=&#8221;#000000&#8243; header_2_font_size=&#8221;22px&#8221; header_2_line_height=&#8221;1.2em&#8221; text_orientation=&#8221;center&#8221; custom_margin=&#8221;||24px||false|false&#8221; custom_padding=&#8221;||||true|true&#8221; hover_enabled=&#8221;0&#8243; background_color=&#8221;rgba(0,0,0,0)&#8221; sticky_enabled=&#8221;0&#8243;]<\/p>\n<h2>Der Fischereischutzverein 2019<\/h2>\n<p>Der Verein der Fischereibesitzer hat die Auszeichnung gestiftet um die wichtige Arbeit zu beachten, die unsere Fischereischutzverein betreiben.<\/p>\n<p>In Verbindung mit der Konferenz der nationalen Konferenz erhielt Bolmens FVOF den Preis 2019.<\/p>\n<p>[\/et_pb_text][\/et_pb_column][\/et_pb_row][et_pb_row _builder_version=&#8221;4.7.4&#8243; _module_preset=&#8221;default&#8221;][et_pb_column type=&#8221;4_4&#8243; _builder_version=&#8221;4.7.4&#8243; _module_preset=&#8221;default&#8221;][et_pb_button button_url=&#8221;https:\/\/bolmensweden.com\/styrelsen\/&#8221; button_text=&#8221;Styrelsen&#8221; button_alignment=&#8221;left&#8221; _builder_version=&#8221;4.7.4&#8243; _module_preset=&#8221;default&#8221; custom_button=&#8221;on&#8221; button_text_size=&#8221;14px&#8221; button_text_color=&#8221;#ffffff&#8221; button_bg_color=&#8221;#000000&#8243; button_border_width=&#8221;0px&#8221; background_layout=&#8221;dark&#8221;][\/et_pb_button][\/et_pb_column][\/et_pb_row][\/et_pb_section][et_pb_section fb_built=&#8221;1&#8243; _builder_version=&#8221;4.7.4&#8243; _module_preset=&#8221;default&#8221; background_color=&#8221;rgba(0,0,0,0)&#8221; custom_padding=&#8221;24px||||false|false&#8221; global_module=&#8221;557&#8243; saved_tabs=&#8221;all&#8221;][et_pb_row _builder_version=&#8221;4.7.4&#8243; _module_preset=&#8221;default&#8221;][et_pb_column type=&#8221;4_4&#8243; _builder_version=&#8221;4.7.4&#8243; _module_preset=&#8221;default&#8221;][et_pb_button button_text=&#8221;Aktuellt fr\u00e5n Bolmens fiskev\u00e5rdsomr\u00e5desf\u00f6rening&#8221; _builder_version=&#8221;4.7.4&#8243; _module_preset=&#8221;default&#8221; custom_button=&#8221;on&#8221; button_text_color=&#8221;#000000&#8243; button_border_width=&#8221;0px&#8221; button_icon=&#8221;%%206%%&#8221; button_icon_placement=&#8221;left&#8221; button_on_hover=&#8221;off&#8221; custom_margin=&#8221;||16px|26px|false|false&#8221; custom_padding=&#8221;0px|0px|0px|0px|false|false&#8221;][\/et_pb_button][\/et_pb_column][\/et_pb_row][et_pb_row use_custom_gutter=&#8221;on&#8221; make_equal=&#8221;on&#8221; _builder_version=&#8221;4.7.4&#8243; _module_preset=&#8221;default&#8221;][et_pb_column type=&#8221;4_4&#8243; _builder_version=&#8221;4.7.4&#8243; _module_preset=&#8221;default&#8221;][et_pb_blog fullwidth=&#8221;off&#8221; posts_number=&#8221;9&#8243; include_categories=&#8221;all&#8221; excerpt_length=&#8221;150&#8243; show_more=&#8221;on&#8221; show_author=&#8221;off&#8221; show_categories=&#8221;off&#8221; _builder_version=&#8221;4.7.4&#8243; _module_preset=&#8221;default&#8221; read_more_font=&#8221;|700|||||||&#8221; read_more_text_color=&#8221;#16467c&#8221; background_color=&#8221;rgba(0,0,0,0)&#8221; text_orientation=&#8221;left&#8221; border_width_all=&#8221;4px&#8221; border_color_all=&#8221;#f8f5f0&#8243;][\/et_pb_blog][\/et_pb_column][\/et_pb_row][\/et_pb_section]<\/p>","protected":false},"excerpt":{"rendered":"<p>F\u00f6reningen Bolmens fiskev\u00e5rdomr\u00e5desf\u00f6rening syftar till att f\u00f6r sj\u00f6n Bolmen samordna fiskets bedrivande och fiskev\u00e5rd, att fr\u00e4mja fisker\u00e4ttsinnehavarnas gemensamma intressen med beaktande av de f\u00f6reskrifter som g\u00e4ller f\u00f6r fiskets ut\u00f6vande, samt att uppl\u00e5ta fiske till allm\u00e4nheten. Bolmens FVOF \u00e4r en f\u00f6rening f\u00f6r fisker\u00e4tts\u00e4gare i sj\u00f6n Bolmen. Fisker\u00e4tts\u00e4gare \u00e4r \u00e4gare till fastighet som har en \u00e5satt r\u00e4tt [&hellip;]<\/p>","protected":false},"author":1,"featured_media":0,"parent":0,"menu_order":0,"comment_status":"closed","ping_status":"closed","template":"","meta":{"_et_pb_use_builder":"on","_et_pb_old_content":"","_et_gb_content_width":"","_monsterinsights_skip_tracking":false,"_monsterinsights_sitenote_active":false,"_monsterinsights_sitenote_note":"","_monsterinsights_sitenote_category":0},"yoast_head":"<!-- This site is optimized with the Yoast SEO plugin v17.5 - https:\/\/yoast.com\/wordpress\/plugins\/seo\/ -->\n<title>F\u00f6reningen - Bolmens fiskev\u00e5rdsomr\u00e5desf\u00f6rening<\/title>\n<meta name=\"robots\" content=\"index, follow, max-snippet:-1, max-image-preview:large, max-video-preview:-1\" \/>\n<link rel=\"canonical\" href=\"https:\/\/bolmensweden.com\/de\/foreningen\/\" \/>\n<meta property=\"og:locale\" content=\"de_DE\" \/>\n<meta property=\"og:type\" content=\"article\" \/>\n<meta property=\"og:title\" content=\"F\u00f6reningen - Bolmens fiskev\u00e5rdsomr\u00e5desf\u00f6rening\" \/>\n<meta property=\"og:description\" content=\"F\u00f6reningen Bolmens fiskev\u00e5rdomr\u00e5desf\u00f6rening syftar till att f\u00f6r sj\u00f6n Bolmen samordna fiskets bedrivande och fiskev\u00e5rd, att fr\u00e4mja fisker\u00e4ttsinnehavarnas gemensamma intressen med beaktande av de f\u00f6reskrifter som g\u00e4ller f\u00f6r fiskets ut\u00f6vande, samt att uppl\u00e5ta fiske till allm\u00e4nheten. Bolmens FVOF \u00e4r en f\u00f6rening f\u00f6r fisker\u00e4tts\u00e4gare i sj\u00f6n Bolmen. Fisker\u00e4tts\u00e4gare \u00e4r \u00e4gare till fastighet som har en \u00e5satt r\u00e4tt [&hellip;]\" \/>\n<meta property=\"og:url\" content=\"https:\/\/bolmensweden.com\/de\/foreningen\/\" \/>\n<meta property=\"og:site_name\" content=\"Bolmens fiskev\u00e5rdsomr\u00e5desf\u00f6rening\" \/>\n<meta property=\"article:modified_time\" content=\"2021-11-03T08:09:47+00:00\" \/>\n<meta name=\"twitter:card\" content=\"summary_large_image\" \/>\n<meta name=\"twitter:label1\" content=\"Gesch\u00e4tzte Lesezeit\" \/>\n\t<meta name=\"twitter:data1\" content=\"3\u00a0Minuten\" \/>\n<script type=\"application\/ld+json\" class=\"yoast-schema-graph\">{\"@context\":\"https:\/\/schema.org\",\"@graph\":[{\"@type\":\"WebSite\",\"@id\":\"https:\/\/bolmensweden.com\/de\/#website\",\"url\":\"https:\/\/bolmensweden.com\/de\/\",\"name\":\"Bolmens fiskev\\u00e5rdsomr\\u00e5desf\\u00f6rening\",\"description\":\"Fiske f\\u00f6r hela familjen\",\"potentialAction\":[{\"@type\":\"SearchAction\",\"target\":{\"@type\":\"EntryPoint\",\"urlTemplate\":\"https:\/\/bolmensweden.com\/de\/?s={search_term_string}\"},\"query-input\":\"required name=search_term_string\"}],\"inLanguage\":\"de\"},{\"@type\":\"WebPage\",\"@id\":\"https:\/\/bolmensweden.com\/de\/foreningen\/#webpage\",\"url\":\"https:\/\/bolmensweden.com\/de\/foreningen\/\",\"name\":\"F\\u00f6reningen - Bolmens fiskev\\u00e5rdsomr\\u00e5desf\\u00f6rening\",\"isPartOf\":{\"@id\":\"https:\/\/bolmensweden.com\/de\/#website\"},\"datePublished\":\"2020-11-30T13:09:46+00:00\",\"dateModified\":\"2021-11-03T08:09:47+00:00\",\"breadcrumb\":{\"@id\":\"https:\/\/bolmensweden.com\/de\/foreningen\/#breadcrumb\"},\"inLanguage\":\"de\",\"potentialAction\":[{\"@type\":\"ReadAction\",\"target\":[\"https:\/\/bolmensweden.com\/de\/foreningen\/\"]}]},{\"@type\":\"BreadcrumbList\",\"@id\":\"https:\/\/bolmensweden.com\/de\/foreningen\/#breadcrumb\",\"itemListElement\":[{\"@type\":\"ListItem\",\"position\":1,\"name\":\"Hem\",\"item\":\"https:\/\/bolmensweden.com\/de\/\"},{\"@type\":\"ListItem\",\"position\":2,\"name\":\"F\\u00f6reningen\"}]}]}<\/script>\n<!-- \/ Yoast SEO plugin. -->","yoast_head_json":{"title":"F\u00f6reningen - Bolmens fiskev\u00e5rdsomr\u00e5desf\u00f6rening","robots":{"index":"index","follow":"follow","max-snippet":"max-snippet:-1","max-image-preview":"max-image-preview:large","max-video-preview":"max-video-preview:-1"},"canonical":"https:\/\/bolmensweden.com\/de\/foreningen\/","og_locale":"de_DE","og_type":"article","og_title":"F\u00f6reningen - Bolmens fiskev\u00e5rdsomr\u00e5desf\u00f6rening","og_description":"F\u00f6reningen Bolmens fiskev\u00e5rdomr\u00e5desf\u00f6rening syftar till att f\u00f6r sj\u00f6n Bolmen samordna fiskets bedrivande och fiskev\u00e5rd, att fr\u00e4mja fisker\u00e4ttsinnehavarnas gemensamma intressen med beaktande av de f\u00f6reskrifter som g\u00e4ller f\u00f6r fiskets ut\u00f6vande, samt att uppl\u00e5ta fiske till allm\u00e4nheten. Bolmens FVOF \u00e4r en f\u00f6rening f\u00f6r fisker\u00e4tts\u00e4gare i sj\u00f6n Bolmen. Fisker\u00e4tts\u00e4gare \u00e4r \u00e4gare till fastighet som har en \u00e5satt r\u00e4tt [&hellip;]","og_url":"https:\/\/bolmensweden.com\/de\/foreningen\/","og_site_name":"Bolmens fiskev\u00e5rdsomr\u00e5desf\u00f6rening","article_modified_time":"2021-11-03T08:09:47+00:00","twitter_card":"summary_large_image","twitter_misc":{"Gesch\u00e4tzte Lesezeit":"3\u00a0Minuten"},"schema":{"@context":"https:\/\/schema.org","@graph":[{"@type":"WebSite","@id":"https:\/\/bolmensweden.com\/de\/#website","url":"https:\/\/bolmensweden.com\/de\/","name":"Bolmens fiskev\u00e5rdsomr\u00e5desf\u00f6rening","description":"Fiske f\u00f6r hela familjen","potentialAction":[{"@type":"SearchAction","target":{"@type":"EntryPoint","urlTemplate":"https:\/\/bolmensweden.com\/de\/?s={search_term_string}"},"query-input":"required name=search_term_string"}],"inLanguage":"de"},{"@type":"WebPage","@id":"https:\/\/bolmensweden.com\/de\/foreningen\/#webpage","url":"https:\/\/bolmensweden.com\/de\/foreningen\/","name":"F\u00f6reningen - Bolmens fiskev\u00e5rdsomr\u00e5desf\u00f6rening","isPartOf":{"@id":"https:\/\/bolmensweden.com\/de\/#website"},"datePublished":"2020-11-30T13:09:46+00:00","dateModified":"2021-11-03T08:09:47+00:00","breadcrumb":{"@id":"https:\/\/bolmensweden.com\/de\/foreningen\/#breadcrumb"},"inLanguage":"de","potentialAction":[{"@type":"ReadAction","target":["https:\/\/bolmensweden.com\/de\/foreningen\/"]}]},{"@type":"BreadcrumbList","@id":"https:\/\/bolmensweden.com\/de\/foreningen\/#breadcrumb","itemListElement":[{"@type":"ListItem","position":1,"name":"Hem","item":"https:\/\/bolmensweden.com\/de\/"},{"@type":"ListItem","position":2,"name":"F\u00f6reningen"}]}]}},"_links":{"self":[{"href":"https:\/\/bolmensweden.com\/de\/wp-json\/wp\/v2\/pages\/140"}],"collection":[{"href":"https:\/\/bolmensweden.com\/de\/wp-json\/wp\/v2\/pages"}],"about":[{"href":"https:\/\/bolmensweden.com\/de\/wp-json\/wp\/v2\/types\/page"}],"author":[{"embeddable":true,"href":"https:\/\/bolmensweden.com\/de\/wp-json\/wp\/v2\/users\/1"}],"replies":[{"embeddable":true,"href":"https:\/\/bolmensweden.com\/de\/wp-json\/wp\/v2\/comments?post=140"}],"version-history":[{"count":18,"href":"https:\/\/bolmensweden.com\/de\/wp-json\/wp\/v2\/pages\/140\/revisions"}],"predecessor-version":[{"id":1178,"href":"https:\/\/bolmensweden.com\/de\/wp-json\/wp\/v2\/pages\/140\/revisions\/1178"}],"wp:attachment":[{"href":"https:\/\/bolmensweden.com\/de\/wp-json\/wp\/v2\/media?parent=140"}],"curies":[{"name":"wp","href":"https:\/\/api.w.org\/{rel}","templated":true}]}}