{"id":170,"date":"2020-11-30T14:37:14","date_gmt":"2020-11-30T13:37:14","guid":{"rendered":"https:\/\/bolmensweden.com\/?page_id=170"},"modified":"2024-01-01T14:26:17","modified_gmt":"2024-01-01T13:26:17","slug":"fiska-i-bolmen","status":"publish","type":"page","link":"https:\/\/bolmensweden.com\/de\/fiska-i-bolmen\/","title":{"rendered":"Im Bolmen angeln"},"content":{"rendered":"<p>[et_pb_section fb_built=&#8221;1&#8243; fullwidth=&#8221;on&#8221; _builder_version=&#8221;4.16&#8243; _module_preset=&#8221;default&#8221; background_image=&#8221;https:\/\/bolmensweden.com\/wp-content\/uploads\/2020\/11\/G0117227-scaled.jpg&#8221; height=&#8221;350px&#8221; global_colors_info=&#8221;{}&#8221;][\/et_pb_section][et_pb_section fb_built=&#8221;1&#8243; _builder_version=&#8221;4.16&#8243; _module_preset=&#8221;default&#8221; background_color=&#8221;rgba(0,0,0,0)&#8221; custom_padding=&#8221;4px||||false|false&#8221; global_colors_info=&#8221;{}&#8221;][et_pb_row column_structure=&#8221;2_3,1_3&#8243; _builder_version=&#8221;4.16&#8243; _module_preset=&#8221;default&#8221; custom_margin=&#8221;|auto||auto|false|false&#8221; custom_padding=&#8221;40px|||||&#8221; global_colors_info=&#8221;{}&#8221;][et_pb_column type=&#8221;2_3&#8243; _builder_version=&#8221;4.16&#8243; _module_preset=&#8221;default&#8221; global_colors_info=&#8221;{}&#8221;][et_pb_text _builder_version=&#8221;4.16&#8243; _module_preset=&#8221;default&#8221; background_color=&#8221;rgba(0,0,0,0)&#8221; custom_padding=&#8221;0px|||||&#8221; global_colors_info=&#8221;{}&#8221;]<\/p>\n<h1>Im Bolmen angeln<\/h1>\n<p>Der Bolmen ist der zehnte gr\u00f6sste See Schwedens von der Fl\u00e4che her betrachtet.  185 km 2. Er liegt zwischen Sm\u00e5land und Halland, umgerahmt von tiefen, leisen W\u00e4lder. Die n\u00e4chste Stadt ist Ljungby, nur 20 km entfernt an der E 4. Der See befindet sich auf 140 km \u00fcber N.N.  und hat \u00fcber 300 Inseln. Die gr\u00f6sste ist Bolms\u00f6, die nach Osten \u00fcber eine Br\u00fccke mit dem Festland verbunden ist.  Nach Westen befindet sich eine geb\u00fchrenfreie F\u00e4hre.<\/p>\n<p>Im Bolmen gibt es 24 Fischarten und mit seinem unz\u00e4hligen vielen Inseln und Buchten, in denen es passend zu angeln ist.  Der Bolmen ist heute ein beliebter See zu angeln. Im fischreichen Wasser gibt es Zander und Barsch aber auch Lachs.Im Bolmen gibt es auch viele Raubfische und ein besonders starker Stamm von Hecht,Zander und Barsch, und alle drei in grossen Exemplare. (Quelle: Wikipedia)<\/p>\n<p>Die gew\u00f6hnlichsten Fische f\u00fcr Sportfischer sind Hecht, Zander und Barsch aber auch Quappe, Schleie und Pl\u00f6tzen kann man im See fangen.<\/p>\n<p>Die Reise ist einfach! Der See Bolmen liegt an der E4 und dem Fernstrasse 25. Diese Wege k\u00f6nnen Sie zur Anreise benutzen um den See zu finden: Fernstrasse 25 Halmstad - Ljungby und Fernstrasse  26 Halmstad - J\u00f6nk\u00f6ping.<\/p>\n<p>[\/et_pb_text][et_pb_button button_url=&#8221;https:\/\/bolmensweden.com\/fiskeregler\/&#8221; button_text=&#8221;L\u00e4s v\u00e5ra fiskeregler&#8221; button_alignment=&#8221;left&#8221; _builder_version=&#8221;4.16&#8243; _module_preset=&#8221;default&#8221; custom_button=&#8221;on&#8221; button_text_size=&#8221;14px&#8221; button_bg_color=&#8221;#000000&#8243; button_border_width=&#8221;0px&#8221; background_layout=&#8221;dark&#8221; global_colors_info=&#8221;{}&#8221;][\/et_pb_button][\/et_pb_column][et_pb_column type=&#8221;1_3&#8243; _builder_version=&#8221;4.16&#8243; _module_preset=&#8221;default&#8221; background_color=&#8221;#5B711D&#8221; custom_padding=&#8221;42px|24px|62px|24px|false|true&#8221; global_colors_info=&#8221;{}&#8221;][et_pb_text _builder_version=&#8221;4.16&#8243; _module_preset=&#8221;default&#8221; text_text_color=&#8221;#ffffff&#8221; header_2_font=&#8221;|700|||||||&#8221; header_2_text_color=&#8221;#ffffff&#8221; header_2_font_size=&#8221;34px&#8221; header_2_line_height=&#8221;1.3em&#8221; background_color=&#8221;rgba(0,0,0,0)&#8221; text_orientation=&#8221;center&#8221; custom_padding=&#8221;||||true|true&#8221; global_colors_info=&#8221;{}&#8221;]<\/p>\n<h2><strong>Anforderungen auf Angelschein<\/strong><\/h2>\n<p>Sie m\u00fc\u00dfen einen Angelschein kaufen, wenn Sie im Bolmen angeln wollen.Sie k\u00f6nnen ihn digital oder bei einem Verk\u00e4ufer einkaufen. Es gibt f\u00fcr einen Tag, eine Woche, einen Monat oder ein Jahr.<\/p>\n<p>[\/et_pb_text][et_pb_button button_url=&#8221;\/fiskekort&#8221; button_text=&#8221;K\u00f6p fiskekort&#8221; button_alignment=&#8221;center&#8221; _builder_version=&#8221;4.16&#8243; _module_preset=&#8221;default&#8221; custom_button=&#8221;on&#8221; button_text_size=&#8221;14px&#8221; button_bg_color=&#8221;#000000&#8243; button_border_width=&#8221;0px&#8221; button_use_icon=&#8221;off&#8221; background_layout=&#8221;dark&#8221; custom_margin=&#8221;24px||||false|false&#8221; global_colors_info=&#8221;{}&#8221;][\/et_pb_button][\/et_pb_column][\/et_pb_row][\/et_pb_section][et_pb_section fb_built=&#8221;1&#8243; _builder_version=&#8221;4.16&#8243; _module_preset=&#8221;default&#8221; background_color=&#8221;rgba(0,0,0,0)&#8221; custom_margin=&#8221;26px||||false|false&#8221; custom_padding=&#8221;24px||||false|false&#8221; global_colors_info=&#8221;{}&#8221;][et_pb_row _builder_version=&#8221;4.16&#8243; _module_preset=&#8221;default&#8221; global_colors_info=&#8221;{}&#8221;][et_pb_column type=&#8221;4_4&#8243; _builder_version=&#8221;4.16&#8243; _module_preset=&#8221;default&#8221; global_colors_info=&#8221;{}&#8221;][et_pb_button button_text=&#8221;Aktuellt fr\u00e5n Bolmens fiskev\u00e5rdsomr\u00e5desf\u00f6rening&#8221; _builder_version=&#8221;4.16&#8243; _module_preset=&#8221;default&#8221; custom_button=&#8221;on&#8221; button_text_color=&#8221;#000000&#8243; button_border_width=&#8221;0px&#8221; button_icon=&#8221;&#xe056;||divi||400&#8243; button_icon_placement=&#8221;left&#8221; button_on_hover=&#8221;off&#8221; custom_margin=&#8221;||16px|26px|false|false&#8221; custom_padding=&#8221;0px|0px|0px|0px|false|false&#8221; global_colors_info=&#8221;{}&#8221;][\/et_pb_button][\/et_pb_column][\/et_pb_row][et_pb_row use_custom_gutter=&#8221;on&#8221; make_equal=&#8221;on&#8221; _builder_version=&#8221;4.16&#8243; _module_preset=&#8221;default&#8221; global_colors_info=&#8221;{}&#8221;][et_pb_column type=&#8221;4_4&#8243; _builder_version=&#8221;4.16&#8243; _module_preset=&#8221;default&#8221; global_colors_info=&#8221;{}&#8221;][et_pb_blog fullwidth=&#8221;off&#8221; posts_number=&#8221;3&#8243; excerpt_length=&#8221;150&#8243; show_more=&#8221;on&#8221; show_author=&#8221;off&#8221; show_categories=&#8221;off&#8221; _builder_version=&#8221;4.16&#8243; _module_preset=&#8221;default&#8221; read_more_font=&#8221;||||||||&#8221; read_more_text_color=&#8221;#007fe0&#8243; background_color=&#8221;rgba(0,0,0,0)&#8221; text_orientation=&#8221;left&#8221; border_width_all=&#8221;4px&#8221; border_color_all=&#8221;#f8f5f0&#8243; global_colors_info=&#8221;{}&#8221;][\/et_pb_blog][\/et_pb_column][\/et_pb_row][\/et_pb_section][et_pb_section fb_built=&#8221;1&#8243; _builder_version=&#8221;4.16&#8243; _module_preset=&#8221;default&#8221; background_color=&#8221;#778454&#8243; box_shadow_style=&#8221;preset6&#8243; global_colors_info=&#8221;{}&#8221;][et_pb_row column_structure=&#8221;1_4,3_4&#8243; _builder_version=&#8221;4.16&#8243; _module_preset=&#8221;default&#8221; global_colors_info=&#8221;{}&#8221;][et_pb_column type=&#8221;1_4&#8243; _builder_version=&#8221;4.16&#8243; _module_preset=&#8221;default&#8221; global_colors_info=&#8221;{}&#8221;][et_pb_image src=&#8221;https:\/\/bolmensweden.com\/wp-content\/uploads\/2020\/11\/Logo_of_112_Georgia.png&#8221; title_text=&#8221;Logo_of_112_(Georgia)&#8221; align=&#8221;center&#8221; _builder_version=&#8221;4.16&#8243; _module_preset=&#8221;default&#8221; module_alignment=&#8221;left&#8221; max_height=&#8221;75px&#8221; global_colors_info=&#8221;{}&#8221;][\/et_pb_image][\/et_pb_column][et_pb_column type=&#8221;3_4&#8243; _builder_version=&#8221;4.16&#8243; _module_preset=&#8221;default&#8221; global_colors_info=&#8221;{}&#8221;][et_pb_text _builder_version=&#8221;4.16&#8243; _module_preset=&#8221;default&#8221; text_text_color=&#8221;#ffffff&#8221; background_color=&#8221;rgba(0,0,0,0)&#8221; custom_padding=&#8221;14px|||||&#8221; global_colors_info=&#8221;{}&#8221;]<\/p>\n<p>Ut\u00f6ver dina egna vidtagna s\u00e4kerhets\u00e5tg\u00e4rder s\u00e5 finns en modern och toppeffektiv<span>\u00a0<\/span><strong>sj\u00f6r\u00e4ddningsstation<\/strong><span>\u00a0<\/span>p\u00e5 Bolms\u00f6s \u00f6stra strand, ca 3 km s\u00f6der om bron, som kan bist\u00e5. Ring larmnumret 112.<\/p>\n<p>[\/et_pb_text][\/et_pb_column][\/et_pb_row][\/et_pb_section]<\/p>","protected":false},"excerpt":{"rendered":"<p>Fiska i Bolmen Bolmen \u00e4r Sveriges till ytan tionde st\u00f6rsta sj\u00f6, 185 km2. Den ligger mellan Sm\u00e5land och Halland, kantad av djupa tysta skogar. N\u00e4rmaste stad \u00e4r Ljungby, bel\u00e4gen vid E4 endast 20 km fr\u00e5n sj\u00f6n. Sj\u00f6n ligger p\u00e5 en h\u00f6jd av 140 m \u00f6ver havet och har \u00f6ver 300 \u00f6ar. Den st\u00f6rsta av dem [&hellip;]<\/p>","protected":false},"author":1,"featured_media":0,"parent":0,"menu_order":0,"comment_status":"closed","ping_status":"closed","template":"","meta":{"_et_pb_use_builder":"on","_et_pb_old_content":"","_et_gb_content_width":"","_monsterinsights_skip_tracking":false,"_monsterinsights_sitenote_active":false,"_monsterinsights_sitenote_note":"","_monsterinsights_sitenote_category":0},"yoast_head":"<!-- This site is optimized with the Yoast SEO plugin v17.5 - https:\/\/yoast.com\/wordpress\/plugins\/seo\/ -->\n<title>Fiska i Bolmen - Bolmens fiskev\u00e5rdsomr\u00e5desf\u00f6rening<\/title>\n<meta name=\"robots\" content=\"index, follow, max-snippet:-1, max-image-preview:large, max-video-preview:-1\" \/>\n<link rel=\"canonical\" href=\"https:\/\/bolmensweden.com\/de\/fiska-i-bolmen\/\" \/>\n<meta property=\"og:locale\" content=\"de_DE\" \/>\n<meta property=\"og:type\" content=\"article\" \/>\n<meta property=\"og:title\" content=\"Fiska i Bolmen - Bolmens fiskev\u00e5rdsomr\u00e5desf\u00f6rening\" \/>\n<meta property=\"og:description\" content=\"Fiska i Bolmen Bolmen \u00e4r Sveriges till ytan tionde st\u00f6rsta sj\u00f6, 185 km2. Den ligger mellan Sm\u00e5land och Halland, kantad av djupa tysta skogar. N\u00e4rmaste stad \u00e4r Ljungby, bel\u00e4gen vid E4 endast 20 km fr\u00e5n sj\u00f6n. Sj\u00f6n ligger p\u00e5 en h\u00f6jd av 140 m \u00f6ver havet och har \u00f6ver 300 \u00f6ar. Den st\u00f6rsta av dem [&hellip;]\" \/>\n<meta property=\"og:url\" content=\"https:\/\/bolmensweden.com\/de\/fiska-i-bolmen\/\" \/>\n<meta property=\"og:site_name\" content=\"Bolmens fiskev\u00e5rdsomr\u00e5desf\u00f6rening\" \/>\n<meta property=\"article:modified_time\" content=\"2024-01-01T13:26:17+00:00\" \/>\n<meta name=\"twitter:card\" content=\"summary_large_image\" \/>\n<meta name=\"twitter:label1\" content=\"Gesch\u00e4tzte Lesezeit\" \/>\n\t<meta name=\"twitter:data1\" content=\"5\u00a0Minuten\" \/>\n<script type=\"application\/ld+json\" class=\"yoast-schema-graph\">{\"@context\":\"https:\/\/schema.org\",\"@graph\":[{\"@type\":\"WebSite\",\"@id\":\"https:\/\/bolmensweden.com\/de\/#website\",\"url\":\"https:\/\/bolmensweden.com\/de\/\",\"name\":\"Bolmens fiskev\\u00e5rdsomr\\u00e5desf\\u00f6rening\",\"description\":\"Fiske f\\u00f6r hela familjen\",\"potentialAction\":[{\"@type\":\"SearchAction\",\"target\":{\"@type\":\"EntryPoint\",\"urlTemplate\":\"https:\/\/bolmensweden.com\/de\/?s={search_term_string}\"},\"query-input\":\"required name=search_term_string\"}],\"inLanguage\":\"de\"},{\"@type\":\"WebPage\",\"@id\":\"https:\/\/bolmensweden.com\/de\/fiska-i-bolmen\/#webpage\",\"url\":\"https:\/\/bolmensweden.com\/de\/fiska-i-bolmen\/\",\"name\":\"Fiska i Bolmen - Bolmens fiskev\\u00e5rdsomr\\u00e5desf\\u00f6rening\",\"isPartOf\":{\"@id\":\"https:\/\/bolmensweden.com\/de\/#website\"},\"datePublished\":\"2020-11-30T13:37:14+00:00\",\"dateModified\":\"2024-01-01T13:26:17+00:00\",\"breadcrumb\":{\"@id\":\"https:\/\/bolmensweden.com\/de\/fiska-i-bolmen\/#breadcrumb\"},\"inLanguage\":\"de\",\"potentialAction\":[{\"@type\":\"ReadAction\",\"target\":[\"https:\/\/bolmensweden.com\/de\/fiska-i-bolmen\/\"]}]},{\"@type\":\"BreadcrumbList\",\"@id\":\"https:\/\/bolmensweden.com\/de\/fiska-i-bolmen\/#breadcrumb\",\"itemListElement\":[{\"@type\":\"ListItem\",\"position\":1,\"name\":\"Hem\",\"item\":\"https:\/\/bolmensweden.com\/de\/\"},{\"@type\":\"ListItem\",\"position\":2,\"name\":\"Fiska i Bolmen\"}]}]}<\/script>\n<!-- \/ Yoast SEO plugin. -->","yoast_head_json":{"title":"Fiska i Bolmen - Bolmens fiskev\u00e5rdsomr\u00e5desf\u00f6rening","robots":{"index":"index","follow":"follow","max-snippet":"max-snippet:-1","max-image-preview":"max-image-preview:large","max-video-preview":"max-video-preview:-1"},"canonical":"https:\/\/bolmensweden.com\/de\/fiska-i-bolmen\/","og_locale":"de_DE","og_type":"article","og_title":"Fiska i Bolmen - Bolmens fiskev\u00e5rdsomr\u00e5desf\u00f6rening","og_description":"Fiska i Bolmen Bolmen \u00e4r Sveriges till ytan tionde st\u00f6rsta sj\u00f6, 185 km2. Den ligger mellan Sm\u00e5land och Halland, kantad av djupa tysta skogar. N\u00e4rmaste stad \u00e4r Ljungby, bel\u00e4gen vid E4 endast 20 km fr\u00e5n sj\u00f6n. Sj\u00f6n ligger p\u00e5 en h\u00f6jd av 140 m \u00f6ver havet och har \u00f6ver 300 \u00f6ar. Den st\u00f6rsta av dem [&hellip;]","og_url":"https:\/\/bolmensweden.com\/de\/fiska-i-bolmen\/","og_site_name":"Bolmens fiskev\u00e5rdsomr\u00e5desf\u00f6rening","article_modified_time":"2024-01-01T13:26:17+00:00","twitter_card":"summary_large_image","twitter_misc":{"Gesch\u00e4tzte Lesezeit":"5\u00a0Minuten"},"schema":{"@context":"https:\/\/schema.org","@graph":[{"@type":"WebSite","@id":"https:\/\/bolmensweden.com\/de\/#website","url":"https:\/\/bolmensweden.com\/de\/","name":"Bolmens fiskev\u00e5rdsomr\u00e5desf\u00f6rening","description":"Fiske f\u00f6r hela familjen","potentialAction":[{"@type":"SearchAction","target":{"@type":"EntryPoint","urlTemplate":"https:\/\/bolmensweden.com\/de\/?s={search_term_string}"},"query-input":"required name=search_term_string"}],"inLanguage":"de"},{"@type":"WebPage","@id":"https:\/\/bolmensweden.com\/de\/fiska-i-bolmen\/#webpage","url":"https:\/\/bolmensweden.com\/de\/fiska-i-bolmen\/","name":"Fiska i Bolmen - Bolmens fiskev\u00e5rdsomr\u00e5desf\u00f6rening","isPartOf":{"@id":"https:\/\/bolmensweden.com\/de\/#website"},"datePublished":"2020-11-30T13:37:14+00:00","dateModified":"2024-01-01T13:26:17+00:00","breadcrumb":{"@id":"https:\/\/bolmensweden.com\/de\/fiska-i-bolmen\/#breadcrumb"},"inLanguage":"de","potentialAction":[{"@type":"ReadAction","target":["https:\/\/bolmensweden.com\/de\/fiska-i-bolmen\/"]}]},{"@type":"BreadcrumbList","@id":"https:\/\/bolmensweden.com\/de\/fiska-i-bolmen\/#breadcrumb","itemListElement":[{"@type":"ListItem","position":1,"name":"Hem","item":"https:\/\/bolmensweden.com\/de\/"},{"@type":"ListItem","position":2,"name":"Fiska i Bolmen"}]}]}},"_links":{"self":[{"href":"https:\/\/bolmensweden.com\/de\/wp-json\/wp\/v2\/pages\/170"}],"collection":[{"href":"https:\/\/bolmensweden.com\/de\/wp-json\/wp\/v2\/pages"}],"about":[{"href":"https:\/\/bolmensweden.com\/de\/wp-json\/wp\/v2\/types\/page"}],"author":[{"embeddable":true,"href":"https:\/\/bolmensweden.com\/de\/wp-json\/wp\/v2\/users\/1"}],"replies":[{"embeddable":true,"href":"https:\/\/bolmensweden.com\/de\/wp-json\/wp\/v2\/comments?post=170"}],"version-history":[{"count":34,"href":"https:\/\/bolmensweden.com\/de\/wp-json\/wp\/v2\/pages\/170\/revisions"}],"predecessor-version":[{"id":1471,"href":"https:\/\/bolmensweden.com\/de\/wp-json\/wp\/v2\/pages\/170\/revisions\/1471"}],"wp:attachment":[{"href":"https:\/\/bolmensweden.com\/de\/wp-json\/wp\/v2\/media?parent=170"}],"curies":[{"name":"wp","href":"https:\/\/api.w.org\/{rel}","templated":true}]}}