{"id":202,"date":"2020-11-30T15:39:02","date_gmt":"2020-11-30T14:39:02","guid":{"rendered":"https:\/\/bolmensweden.com\/?page_id=202"},"modified":"2021-11-03T09:06:09","modified_gmt":"2021-11-03T08:06:09","slug":"fisken","status":"publish","type":"page","link":"https:\/\/bolmensweden.com\/de\/fisken\/","title":{"rendered":"Die Fische im Bolmen"},"content":{"rendered":"<p>[et_pb_section fb_built=&#8221;1&#8243; _builder_version=&#8221;4.7.4&#8243; _module_preset=&#8221;default&#8221; background_image=&#8221;https:\/\/bolmensweden.com\/wp-content\/uploads\/2020\/11\/G0073798-scaled.jpg&#8221; height=&#8221;350px&#8221;][\/et_pb_section][et_pb_section fb_built=&#8221;1&#8243; _builder_version=&#8221;4.7.4&#8243; _module_preset=&#8221;default&#8221; background_color=&#8221;rgba(0,0,0,0)&#8221; custom_padding=&#8221;||||false|false&#8221;][et_pb_row column_structure=&#8221;2_3,1_3&#8243; _builder_version=&#8221;4.7.4&#8243; _module_preset=&#8221;default&#8221; custom_margin=&#8221;-14px|auto||auto||&#8221; custom_padding=&#8221;40px|||||&#8221;][et_pb_column type=&#8221;2_3&#8243; _builder_version=&#8221;4.7.4&#8243; _module_preset=&#8221;default&#8221;][et_pb_text _builder_version=&#8221;4.7.4&#8243; _module_preset=&#8221;default&#8221; hover_enabled=&#8221;0&#8243; background_color=&#8221;rgba(0,0,0,0)&#8221; sticky_enabled=&#8221;0&#8243;]<\/p>\n<h1>Die Fische im Bolmen<\/h1>\n<p><strong>Die gew\u00f6hnlichsten Fische f\u00fcr Sportfischer sind Hecht, Zander und Barsch aber auch Quappe, Schleie und Pl\u00f6tzen kann man im See fangen.<\/strong><\/p>\n<p>Minimim\u00e5tt f\u00f6r \u00e5l: 75 cm<\/p>\n<p>Maximim\u00e5tt f\u00f6r g\u00f6s: 75 cm. N\u00e4r du f\u00e5r upp en f\u00f6r liten fisk s\u00e4tter du normalt tillbaka den i sj\u00f6n. F\u00f6r g\u00f6s g\u00e4ller d\u00e4remot att du f\u00e5r ta upp <strong>maximalt 10 g\u00f6sar per dag.<\/strong> Du tar upp g\u00f6sen ur sj\u00f6n och beh\u00e5ller de 10 f\u00f6rsta oavsett storlek. Detta beroende p\u00e5 d\u00e5lig \u00f6verlevnad p\u00e5 f\u00e5ngad och \u00e5terutsatt g\u00f6s.<\/p>\n<p>F\u00e5r du g\u00f6s \u00f6ver 75 cm s\u00e4tter du d\u00e4remot tillbaka den i sj\u00f6n. Om man \u00e4r varsam s\u00e5 finns m\u00f6jlighet att dessa stora fiskar \u00f6verlever om de inte f\u00e5ngats p\u00e5 f\u00f6r stort djup och om de inte trollats in f\u00f6r snabbt. Stora g\u00f6sar \u00e4r viktiga f\u00f6r reproduktionen. De l\u00e4gger stor m\u00e4ngd rom och har sannolikt bra gener.<\/p>\n<p>[\/et_pb_text][\/et_pb_column][et_pb_column type=&#8221;1_3&#8243; _builder_version=&#8221;4.7.4&#8243; _module_preset=&#8221;default&#8221; background_color=&#8221;#5B711D&#8221; custom_padding=&#8221;42px|24px|62px|24px|false|true&#8221;][et_pb_text _builder_version=&#8221;4.7.4&#8243; _module_preset=&#8221;default&#8221; text_text_color=&#8221;#ffffff&#8221; header_2_font=&#8221;|700|||||||&#8221; header_2_text_color=&#8221;#ffffff&#8221; header_2_font_size=&#8221;34px&#8221; header_2_line_height=&#8221;1.3em&#8221; background_color=&#8221;rgba(0,0,0,0)&#8221; text_orientation=&#8221;center&#8221; custom_padding=&#8221;||||true|true&#8221;]<\/p>\n<h2><strong>Anforderungen auf Angelschein<\/strong><\/h2>\n<p>Sie m\u00fc\u00dfen einen Angelschein kaufen, wenn Sie im Bolmen angeln wollen.Sie k\u00f6nnen ihn digital oder bei einem Verk\u00e4ufer einkaufen. Es gibt f\u00fcr einen Tag, eine Woche, einen Monat oder ein Jahr.<\/p>\n<p>[\/et_pb_text][et_pb_button button_url=&#8221;\/fiskekort&#8221; button_text=&#8221;K\u00f6p fiskekort&#8221; button_alignment=&#8221;center&#8221; _builder_version=&#8221;4.7.4&#8243; _module_preset=&#8221;default&#8221; custom_button=&#8221;on&#8221; button_text_size=&#8221;14px&#8221; button_bg_color=&#8221;#000000&#8243; button_border_width=&#8221;0px&#8221; button_use_icon=&#8221;off&#8221; background_layout=&#8221;dark&#8221; custom_margin=&#8221;24px||||false|false&#8221;][\/et_pb_button][\/et_pb_column][\/et_pb_row][\/et_pb_section][et_pb_section fb_built=&#8221;1&#8243; _builder_version=&#8221;4.7.4&#8243; _module_preset=&#8221;default&#8221; background_color=&#8221;rgba(0,0,0,0)&#8221; custom_padding=&#8221;48px||48px||false|false&#8221;][et_pb_row column_structure=&#8221;1_3,1_3,1_3&#8243; _builder_version=&#8221;4.7.4&#8243; _module_preset=&#8221;default&#8221; hover_enabled=&#8221;0&#8243; make_equal=&#8221;on&#8221; sticky_enabled=&#8221;0&#8243;][et_pb_column type=&#8221;1_3&#8243; _builder_version=&#8221;4.7.4&#8243; _module_preset=&#8221;default&#8221; background_color=&#8221;#ffffff&#8221; custom_padding=&#8221;30px|20px|30px|20px|true|true&#8221;][et_pb_blurb title=&#8221;Abborre&#8221; image=&#8221;https:\/\/bolmensweden.com\/wp-content\/uploads\/2020\/11\/Abborre.png&#8221; _builder_version=&#8221;4.7.4&#8243; _module_preset=&#8221;default&#8221;]<\/p>\n<p>Barsch beissen das ganze Jahr an. Sie sind oft in grossen Schw\u00e4rmen, so rechnen Sie damit, dass B\u00e4rsche auf demselben Platz anbeissen. Am leichtesten kann man ihn am Morgen  oder am Abend fangen, wenn er kleine Fische an der Oberfl\u00e4che jagt.<\/p>\n<p>[\/et_pb_blurb][\/et_pb_column][et_pb_column type=&#8221;1_3&#8243; _builder_version=&#8221;4.7.4&#8243; _module_preset=&#8221;default&#8221; background_color=&#8221;#ffffff&#8221; custom_padding=&#8221;3px|20px|3px|20px|true|true&#8221;][et_pb_blurb title=&#8221;G\u00e4dda&#8221; image=&#8221;https:\/\/bolmensweden.com\/wp-content\/uploads\/2020\/11\/gadda.jpg&#8221; _builder_version=&#8221;4.7.4&#8243; _module_preset=&#8221;default&#8221; custom_margin=&#8221;||18px|||&#8221;]<\/p>\n<p>Der Hecht ist der wahre K\u00e4mpfer. Er beisst sehr stark an und manchmal kann man glauben, dass der Haken  in dem Grundsatz festgeblieben ist, , aber es kann der Hecht sein, der festh\u00e4lt. Der Hecht jagt 1-3 Stunden nach dem Sonnenaufgang und -untergang , aber er beisst ebenso gut am Tage. Der Hecht muss am mindesten  40 cm sein, wenn Sie ihn behalten wollen. Sonst setzen Sie ihn wieder in den See.<\/p>\n<p>Viele Menschen, die im Bolmen geangelt haben,  erz\u00e4hlen dass extreme grosse Hechte im Rohr lauern. Man hat Gewichte \u00fcber 20 Kilo von ziemlich zuverl\u00e4ssiger Quelle notiert.<\/p>\n<p>[\/et_pb_blurb][\/et_pb_column][et_pb_column type=&#8221;1_3&#8243; _builder_version=&#8221;4.7.4&#8243; _module_preset=&#8221;default&#8221; background_color=&#8221;#ffffff&#8221; custom_padding=&#8221;30px|20px|30px|20px|true|true&#8221;][et_pb_blurb title=&#8221;G\u00f6s&#8221; image=&#8221;https:\/\/bolmensweden.com\/wp-content\/uploads\/2020\/11\/gos-wilhelm-von-wright.jpg&#8221; _builder_version=&#8221;4.7.4&#8243; _module_preset=&#8221;default&#8221;]<\/p>\n<p>Der Zander ist ein interessanter Fisch, der  auch ein ganz ausgesuchter Fisch zu essen ist. Er jagt wie der Barsch nicht allein, und wenn Sie einen fangen, k\u00f6nnen Sie mehrere auf demselben Platz fangen. Der Zander bewegt sich mehr im Tiefe, so ein Boot ist empfehlt. Wenn Sie einen Zander fangen wollen,  bewegt er sich am Sonnenaufgang  und -untergang. Es gibt kein Minimass.\nUm den Bestand zu schonen ist es erlaubt die zehn ersten, gefangenen Zander zu behalten. Damit verhindert man die Sterblichkeit, die entrinnt , wenn viele Zander gefangen werden und dann ins Wasser  wieder geworfen werden.Der Zander ist empf\u00e4nglich wegen seiner geschlossenen Schwimmblase, die am Druckunterschied besch\u00e4digt wird.  Folglich ist es auch verboten Zander tiefer als zehn Meter zu fangen.<\/p>\n<p>[\/et_pb_blurb][\/et_pb_column][\/et_pb_row][\/et_pb_section][et_pb_section fb_built=&#8221;1&#8243; _builder_version=&#8221;4.7.4&#8243; _module_preset=&#8221;default&#8221; custom_padding=&#8221;48px||64px||false|false&#8221;][et_pb_row column_structure=&#8221;1_3,1_3,1_3&#8243; _builder_version=&#8221;4.7.4&#8243; _module_preset=&#8221;default&#8221;][et_pb_column type=&#8221;1_3&#8243; _builder_version=&#8221;4.7.4&#8243; _module_preset=&#8221;default&#8221;][et_pb_blurb title=&#8221;Mete&#8221; _builder_version=&#8221;4.7.4&#8243; _module_preset=&#8221;default&#8221;]<\/p>\n<p>Befestigen Sie den K\u00f6der auf den Haken. Dann setzen Sie einige Gewichten auf den Haken, damit der Schwimmer am ersten Anbeissen sinkt. Wenn Sie in einem Boot sitzen, ankern Sie das Boot. Ziehen Sie sofort auf, wenn der Schwimmer sinkt und sich seitlich bewegt. Bleiben Sie dann auf demselben Platz - vielleicht gibt es mehrere Fische da. Sie k\u00f6nnen ja versuchen den Barsch zu locken, damit Sie das Anbeissen  dann und weit zu seitlich ziehen. W\u00fcrme k\u00f6nnen Sie in Laub- und Komposthaufen finden. Die k\u00f6nnen sie auch im Gesch\u00e4fte finden,  wo man man Fischger\u00e4te verkauft.<\/p>\n<p>[\/et_pb_blurb][\/et_pb_column][et_pb_column type=&#8221;1_3&#8243; _builder_version=&#8221;4.7.4&#8243; _module_preset=&#8221;default&#8221;][et_pb_blurb title=&#8221;Spinnfiske&#8221; _builder_version=&#8221;4.7.4&#8243; _module_preset=&#8221;default&#8221;]<\/p>\n<p>Benutzen Sie eine L\u00f6ffel  oder Spinnangel f\u00fcr grundes  Wasser. In Rohr oder Gr\u00fcnde gibt es  Hechte und Barsche die jagen, und da sollen Sie auch angeln. Werfen Sie den Schleppangel aus undl assen Sie ihn zu Grund hintersinken. Drehen Sie den Spinner sofort herein.<\/p>\n<p>Drehen sie den Spinner schnell herein  und  die L\u00f6ffel oder Vobbler langsamer und r\u00fcckweise.  Wenn die Fischen anbeissen, setzen Sie auf demselben Platz fort. Wenn nichts passiert - gehen Sie zu einem anderen Platz. Wenn der Haken sitzenbleibt, bewegen Sie sich, damit Sie die Richtung \u00e4ndern.<\/p>\n<p>[\/et_pb_blurb][\/et_pb_column][et_pb_column type=&#8221;1_3&#8243; _builder_version=&#8221;4.7.4&#8243; _module_preset=&#8221;default&#8221;][et_pb_image src=&#8221;https:\/\/bolmensweden.com\/wp-content\/uploads\/2020\/11\/GOPR0503-scaled.jpg&#8221; title_text=&#8221;DCIM100GOPRO&#8221; _builder_version=&#8221;4.7.4&#8243; _module_preset=&#8221;default&#8221;][\/et_pb_image][\/et_pb_column][\/et_pb_row][\/et_pb_section]<\/p>","protected":false},"excerpt":{"rendered":"<p>Fisken i Bolmen De vanligaste fiskarterna f\u00f6r sportfiskare \u00e4r g\u00e4dda, g\u00f6s, abborre men \u00e4ven lake, \u00e5l , sutare och braxen kan f\u00e5ngas i sj\u00f6n. Minimim\u00e5tt f\u00f6r \u00e5l: 75 cm Maximim\u00e5tt f\u00f6r g\u00f6s: 75 cm. N\u00e4r du f\u00e5r upp en f\u00f6r liten fisk s\u00e4tter du normalt tillbaka den i sj\u00f6n. F\u00f6r g\u00f6s g\u00e4ller d\u00e4remot att du [&hellip;]<\/p>","protected":false},"author":1,"featured_media":0,"parent":0,"menu_order":0,"comment_status":"closed","ping_status":"closed","template":"","meta":{"_et_pb_use_builder":"on","_et_pb_old_content":"","_et_gb_content_width":"","_monsterinsights_skip_tracking":false,"_monsterinsights_sitenote_active":false,"_monsterinsights_sitenote_note":"","_monsterinsights_sitenote_category":0},"yoast_head":"<!-- This site is optimized with the Yoast SEO plugin v17.5 - https:\/\/yoast.com\/wordpress\/plugins\/seo\/ -->\n<title>Fisken i Bolmen - Bolmens fiskev\u00e5rdsomr\u00e5desf\u00f6rening<\/title>\n<meta name=\"robots\" content=\"index, follow, max-snippet:-1, max-image-preview:large, max-video-preview:-1\" \/>\n<link rel=\"canonical\" href=\"https:\/\/bolmensweden.com\/de\/fisken\/\" \/>\n<meta property=\"og:locale\" content=\"de_DE\" \/>\n<meta property=\"og:type\" content=\"article\" \/>\n<meta property=\"og:title\" content=\"Fisken i Bolmen - Bolmens fiskev\u00e5rdsomr\u00e5desf\u00f6rening\" \/>\n<meta property=\"og:description\" content=\"Fisken i Bolmen De vanligaste fiskarterna f\u00f6r sportfiskare \u00e4r g\u00e4dda, g\u00f6s, abborre men \u00e4ven lake, \u00e5l , sutare och braxen kan f\u00e5ngas i sj\u00f6n. Minimim\u00e5tt f\u00f6r \u00e5l: 75 cm Maximim\u00e5tt f\u00f6r g\u00f6s: 75 cm. N\u00e4r du f\u00e5r upp en f\u00f6r liten fisk s\u00e4tter du normalt tillbaka den i sj\u00f6n. F\u00f6r g\u00f6s g\u00e4ller d\u00e4remot att du [&hellip;]\" \/>\n<meta property=\"og:url\" content=\"https:\/\/bolmensweden.com\/de\/fisken\/\" \/>\n<meta property=\"og:site_name\" content=\"Bolmens fiskev\u00e5rdsomr\u00e5desf\u00f6rening\" \/>\n<meta property=\"article:modified_time\" content=\"2021-11-03T08:06:09+00:00\" \/>\n<meta name=\"twitter:card\" content=\"summary_large_image\" \/>\n<meta name=\"twitter:label1\" content=\"Gesch\u00e4tzte Lesezeit\" \/>\n\t<meta name=\"twitter:data1\" content=\"6\u00a0Minuten\" \/>\n<script type=\"application\/ld+json\" class=\"yoast-schema-graph\">{\"@context\":\"https:\/\/schema.org\",\"@graph\":[{\"@type\":\"WebSite\",\"@id\":\"https:\/\/bolmensweden.com\/de\/#website\",\"url\":\"https:\/\/bolmensweden.com\/de\/\",\"name\":\"Bolmens fiskev\\u00e5rdsomr\\u00e5desf\\u00f6rening\",\"description\":\"Fiske f\\u00f6r hela familjen\",\"potentialAction\":[{\"@type\":\"SearchAction\",\"target\":{\"@type\":\"EntryPoint\",\"urlTemplate\":\"https:\/\/bolmensweden.com\/de\/?s={search_term_string}\"},\"query-input\":\"required name=search_term_string\"}],\"inLanguage\":\"de\"},{\"@type\":\"WebPage\",\"@id\":\"https:\/\/bolmensweden.com\/de\/fisken\/#webpage\",\"url\":\"https:\/\/bolmensweden.com\/de\/fisken\/\",\"name\":\"Fisken i Bolmen - Bolmens fiskev\\u00e5rdsomr\\u00e5desf\\u00f6rening\",\"isPartOf\":{\"@id\":\"https:\/\/bolmensweden.com\/de\/#website\"},\"datePublished\":\"2020-11-30T14:39:02+00:00\",\"dateModified\":\"2021-11-03T08:06:09+00:00\",\"breadcrumb\":{\"@id\":\"https:\/\/bolmensweden.com\/de\/fisken\/#breadcrumb\"},\"inLanguage\":\"de\",\"potentialAction\":[{\"@type\":\"ReadAction\",\"target\":[\"https:\/\/bolmensweden.com\/de\/fisken\/\"]}]},{\"@type\":\"BreadcrumbList\",\"@id\":\"https:\/\/bolmensweden.com\/de\/fisken\/#breadcrumb\",\"itemListElement\":[{\"@type\":\"ListItem\",\"position\":1,\"name\":\"Hem\",\"item\":\"https:\/\/bolmensweden.com\/de\/\"},{\"@type\":\"ListItem\",\"position\":2,\"name\":\"Fisken i Bolmen\"}]}]}<\/script>\n<!-- \/ Yoast SEO plugin. -->","yoast_head_json":{"title":"Fisken i Bolmen - Bolmens fiskev\u00e5rdsomr\u00e5desf\u00f6rening","robots":{"index":"index","follow":"follow","max-snippet":"max-snippet:-1","max-image-preview":"max-image-preview:large","max-video-preview":"max-video-preview:-1"},"canonical":"https:\/\/bolmensweden.com\/de\/fisken\/","og_locale":"de_DE","og_type":"article","og_title":"Fisken i Bolmen - Bolmens fiskev\u00e5rdsomr\u00e5desf\u00f6rening","og_description":"Fisken i Bolmen De vanligaste fiskarterna f\u00f6r sportfiskare \u00e4r g\u00e4dda, g\u00f6s, abborre men \u00e4ven lake, \u00e5l , sutare och braxen kan f\u00e5ngas i sj\u00f6n. Minimim\u00e5tt f\u00f6r \u00e5l: 75 cm Maximim\u00e5tt f\u00f6r g\u00f6s: 75 cm. N\u00e4r du f\u00e5r upp en f\u00f6r liten fisk s\u00e4tter du normalt tillbaka den i sj\u00f6n. F\u00f6r g\u00f6s g\u00e4ller d\u00e4remot att du [&hellip;]","og_url":"https:\/\/bolmensweden.com\/de\/fisken\/","og_site_name":"Bolmens fiskev\u00e5rdsomr\u00e5desf\u00f6rening","article_modified_time":"2021-11-03T08:06:09+00:00","twitter_card":"summary_large_image","twitter_misc":{"Gesch\u00e4tzte Lesezeit":"6\u00a0Minuten"},"schema":{"@context":"https:\/\/schema.org","@graph":[{"@type":"WebSite","@id":"https:\/\/bolmensweden.com\/de\/#website","url":"https:\/\/bolmensweden.com\/de\/","name":"Bolmens fiskev\u00e5rdsomr\u00e5desf\u00f6rening","description":"Fiske f\u00f6r hela familjen","potentialAction":[{"@type":"SearchAction","target":{"@type":"EntryPoint","urlTemplate":"https:\/\/bolmensweden.com\/de\/?s={search_term_string}"},"query-input":"required name=search_term_string"}],"inLanguage":"de"},{"@type":"WebPage","@id":"https:\/\/bolmensweden.com\/de\/fisken\/#webpage","url":"https:\/\/bolmensweden.com\/de\/fisken\/","name":"Fisken i Bolmen - Bolmens fiskev\u00e5rdsomr\u00e5desf\u00f6rening","isPartOf":{"@id":"https:\/\/bolmensweden.com\/de\/#website"},"datePublished":"2020-11-30T14:39:02+00:00","dateModified":"2021-11-03T08:06:09+00:00","breadcrumb":{"@id":"https:\/\/bolmensweden.com\/de\/fisken\/#breadcrumb"},"inLanguage":"de","potentialAction":[{"@type":"ReadAction","target":["https:\/\/bolmensweden.com\/de\/fisken\/"]}]},{"@type":"BreadcrumbList","@id":"https:\/\/bolmensweden.com\/de\/fisken\/#breadcrumb","itemListElement":[{"@type":"ListItem","position":1,"name":"Hem","item":"https:\/\/bolmensweden.com\/de\/"},{"@type":"ListItem","position":2,"name":"Fisken i Bolmen"}]}]}},"_links":{"self":[{"href":"https:\/\/bolmensweden.com\/de\/wp-json\/wp\/v2\/pages\/202"}],"collection":[{"href":"https:\/\/bolmensweden.com\/de\/wp-json\/wp\/v2\/pages"}],"about":[{"href":"https:\/\/bolmensweden.com\/de\/wp-json\/wp\/v2\/types\/page"}],"author":[{"embeddable":true,"href":"https:\/\/bolmensweden.com\/de\/wp-json\/wp\/v2\/users\/1"}],"replies":[{"embeddable":true,"href":"https:\/\/bolmensweden.com\/de\/wp-json\/wp\/v2\/comments?post=202"}],"version-history":[{"count":27,"href":"https:\/\/bolmensweden.com\/de\/wp-json\/wp\/v2\/pages\/202\/revisions"}],"predecessor-version":[{"id":1176,"href":"https:\/\/bolmensweden.com\/de\/wp-json\/wp\/v2\/pages\/202\/revisions\/1176"}],"wp:attachment":[{"href":"https:\/\/bolmensweden.com\/de\/wp-json\/wp\/v2\/media?parent=202"}],"curies":[{"name":"wp","href":"https:\/\/api.w.org\/{rel}","templated":true}]}}