{"id":245,"date":"2020-12-01T08:43:03","date_gmt":"2020-12-01T07:43:03","guid":{"rendered":"https:\/\/bolmensweden.com\/?page_id=245"},"modified":"2024-01-30T12:53:47","modified_gmt":"2024-01-30T11:53:47","slug":"fiskeregler","status":"publish","type":"page","link":"https:\/\/bolmensweden.com\/de\/fiskeregler\/","title":{"rendered":"Regeln f\u00fcr Fischerei"},"content":{"rendered":"<p>[et_pb_section fb_built=&#8221;1&#8243; fullwidth=&#8221;on&#8221; _builder_version=&#8221;4.16&#8243; _module_preset=&#8221;default&#8221; background_image=&#8221;https:\/\/bolmensweden.com\/wp-content\/uploads\/2021\/01\/shutterstock_1819711112-scaled.jpg&#8221; height=&#8221;350px&#8221; global_colors_info=&#8221;{}&#8221;][\/et_pb_section][et_pb_section fb_built=&#8221;1&#8243; _builder_version=&#8221;4.16&#8243; _module_preset=&#8221;default&#8221; background_color=&#8221;rgba(0,0,0,0)&#8221; custom_margin_tablet=&#8221;&#8221; custom_margin_phone=&#8221;&#8221; custom_margin_last_edited=&#8221;on|phone&#8221; custom_padding=&#8221;3px|||0px|false|false&#8221; global_colors_info=&#8221;{}&#8221;][et_pb_row column_structure=&#8221;2_3,1_3&#8243; _builder_version=&#8221;4.16&#8243; _module_preset=&#8221;default&#8221; custom_padding=&#8221;41px|||||&#8221; global_colors_info=&#8221;{}&#8221;][et_pb_column type=&#8221;2_3&#8243; _builder_version=&#8221;4.16&#8243; _module_preset=&#8221;default&#8221; global_colors_info=&#8221;{}&#8221;][et_pb_text _builder_version=&#8221;4.16&#8243; _module_preset=&#8221;default&#8221; background_color=&#8221;rgba(0,0,0,0)&#8221; custom_padding_tablet=&#8221;&#8221; custom_padding_phone=&#8221;&#8221; custom_padding_last_edited=&#8221;on|phone&#8221; global_colors_info=&#8221;{}&#8221;]<\/p>\n<p>\u00a0(2 personer)85<\/p>\n<h1><\/h1>\n<h1>Regeln f\u00fcr Fischerei<\/h1>\n<h3><span style=\"font-size: large;\"><strong><em>Generelle Regeln f\u00fcr Kartenk\u00e4ufer Bolmens FVOF<\/em><br \/><\/strong><\/span><\/h3>\n<h4><strong>Bolmens FVOF Begrenzungsgebiet<\/strong><\/h4>\n<ul>\n<li>Die Grenze ist in Stor\u00e5n an der M\u00fchle in Sl\u00e4tt\u00f6.<\/li>\n<li>In \u00d6nne \u00e5 geht die Grenze an der Br\u00fccke auf dem allgemeinen Weg Unnaryd- Odensj\u00f6.<\/li>\n<li>Im Ausflu\u00df Bolm\u00e5n ist die Grenze am Kraftwerk in Skeen.<\/li>\n<li>\u00dcbrigens geht die Grenze an bzw  die M\u00fcndung in Bolmen.<\/li>\n<\/ul>\n<h4><strong>Preise Angelkarten<\/strong><\/h4>\n<p>Bolmens FVOF stellt Fischerei zur Verf\u00fcgung f\u00fcr die Allgemeinheit durch Angelkarten.<\/p>\n<ul>\n<li>Tageskarte, 24 Stunden 180 SEK<\/li>\n<li>Wochenkarte 440 SEK<\/li>\n<li>Monatskarte 750 SEK<\/li>\n<li>Jahreskarte 1000 SEK<\/li>\n<li>Familienkarte (2 Personen) 1250 SEK<\/li>\n<li>Wettbewerbe 20 SEK per Person<\/li>\n<li>Betriebskarte 2 400 SEK<\/li>\n<\/ul>\n<h4><strong>Regeln wenn Kontrollgeb\u00fchr ausgenommen werden kann<\/strong><\/h4>\n<ul>\n<li>Lachsforelle mindeste Gr\u00f6\u00dfe 50 cm<\/li>\n<li>Angelverbot im Fluss \u00d6nne, das gantze Jahr<\/li>\n<li>Angelverbot in Stor\u00e5n von 15. April bis 15. Juni<\/li>\n<li>Max zwei  Ger\u00e4te ( Leine oder Bete) per Karte<\/li>\n<li>Max 10 Zander per Karte und  Tag<\/li>\n<li>Kontrollgeb\u00fchr 2 000 Skr<\/li>\n<\/ul>\n<h4><strong>\u00dcbrige Regeln f\u00fcr Kartenk\u00e4ufer<\/strong><\/h4>\n<ul>\n<li>Angelkarten sind pers\u00f6nlich und sind nicht einer anderen Person \u00fcbertragbar.<\/li>\n<li>Es darf nicht in der N\u00e4he von ausgelegten Reusen oder Netzen geangelt werden, die dadurch besch\u00e4digt werden k\u00f6nnen.<\/li>\n<li>Die Angelkarte berechtigt Sie, nach geltenen Regeln im Bolmen,  mit Handangeln, d.h. Fliegenfischen, Ruteangeln, Spinnenangeln, Blinkerangeln, Schleppangeln und Eisfischen.<\/li>\n<li>Angelger\u00e4te sind oben stehende Regel ausgenommen, nur  auf eisbelegten Gew\u00e4sser und maximum zehn Angelger\u00e4te per Karte. Der Fischer darf nicht die Angelger\u00e4te verlassen sondern die ganze Zeit auf sie Aufsicht haben.<\/li>\n<li>Angelkarte oder Kontrollnummer der I- Karte soll immer mitgenommen sein und auf Vorlangen der Polizei  oder Fischeraufsicht gezeigt werden k\u00f6nnen . Bei  einer Kontrolle durch die Fischeraufsicht sind g\u00fcltige Angelscheine ohne Aufforderungen vorzuweisen. Jugendliche unter 18 Jahre ben\u00f6tigen keine Angelkarten, aber sie unterstehen dieselben Regeln als der Kartenk\u00e4ufer.<\/li>\n<li>Alle Personen der Familie m\u00fc\u00dfen bei Einwohnermeldeamt auf derselben Adresse als der Besitzer der Karte gef\u00fchrt sein, und mit den Namen s\u00e4mtlicher fischenden Familienmitglieder. F\u00fcr Familienkarten gelten maximal zwei Angler.<\/li>\n<li>Maximumgr\u00f6\u00dfe f\u00fcr Zander ist 75 cm.  Gefangene Zander \u00fcber 75 cm sollen wieder in den See eingesetzt werden.<\/li>\n<li>\u201dCatch und release, \u201d Zander kleiner als 75 cm ist nicht erlaubt, i.e. Zander unter 75 cm d\u00fcrfen nicht wiedereingesetzt werden.<\/li>\n<li>Handangeln  ist nur bis zu 10 Meter Wassertiefe zul\u00e4ssig.<\/li>\n<li>Angelwettbewerbe gelten nur Rute  oder Eisangel und im wenigsten 10 Personen.<\/li>\n<li>Die Betriebskarte besteht aus vier Karten mit Plastik \u00fcbergezogen und den Namen der Firma. Ein Angler per Karte. Die Karte wird nur von dem Kassierer der Firma ausgestellt . Die Betriebskarte erlaubt nur die Besch\u00e4ftigen, also die Kunden,  die Lieferanten  u.s.w. d\u00fcrfen sie nicht benutzen.<\/li>\n<\/ul>\n<p><span style=\"font-size: medium;\">\u00a0<strong>Information<\/strong><\/span><\/p>\n<p>Wir verkaufen Angelscheine mit Tiefem\u00e4ssen. Sie k\u00f6nnen sie von unseren Wiederverk\u00e4ufern finden.<\/p>\n<p>[\/et_pb_text][\/et_pb_column][et_pb_column type=&#8221;1_3&#8243; _builder_version=&#8221;4.16&#8243; _module_preset=&#8221;default&#8221; background_color=&#8221;#5B711D&#8221; custom_padding=&#8221;42px|24px|62px|24px|false|true&#8221; global_colors_info=&#8221;{}&#8221;][et_pb_text _builder_version=&#8221;4.16&#8243; _module_preset=&#8221;default&#8221; text_text_color=&#8221;#ffffff&#8221; header_2_font=&#8221;|700|||||||&#8221; header_2_text_color=&#8221;#ffffff&#8221; header_2_font_size=&#8221;34px&#8221; header_2_line_height=&#8221;1.3em&#8221; background_color=&#8221;rgba(0,0,0,0)&#8221; text_orientation=&#8221;center&#8221; custom_padding=&#8221;||||true|true&#8221; global_colors_info=&#8221;{}&#8221;]<\/p>\n<h2><strong>Anforderungen auf Angelschein<\/strong><\/h2>\n<p>F\u00f6r att kunna fiska i Bolmen beh\u00f6ver du ett fiskekort. Detta kan k\u00f6pas digitalt eller hos f\u00f6rs\u00e4ljare, och finns f\u00f6r dag, vecka eller \u00e5rskort.<\/p>\n<p>[\/et_pb_text][et_pb_button button_url=&#8221;\/fiskekort&#8221; button_text=&#8221;K\u00f6p fiskekort&#8221; button_alignment=&#8221;center&#8221; _builder_version=&#8221;4.16&#8243; _module_preset=&#8221;default&#8221; custom_button=&#8221;on&#8221; button_text_size=&#8221;14px&#8221; button_bg_color=&#8221;#000000&#8243; button_border_width=&#8221;0px&#8221; button_use_icon=&#8221;off&#8221; background_layout=&#8221;dark&#8221; custom_margin=&#8221;24px||||false|false&#8221; global_colors_info=&#8221;{}&#8221;][\/et_pb_button][\/et_pb_column][\/et_pb_row][\/et_pb_section][et_pb_section fb_built=&#8221;1&#8243; _builder_version=&#8221;4.16&#8243; _module_preset=&#8221;default&#8221; background_color=&#8221;rgba(0,0,0,0)&#8221; custom_padding=&#8221;24px||||false|false&#8221; global_colors_info=&#8221;{}&#8221;][et_pb_row _builder_version=&#8221;4.16&#8243; _module_preset=&#8221;default&#8221; global_colors_info=&#8221;{}&#8221;][et_pb_column type=&#8221;4_4&#8243; _builder_version=&#8221;4.16&#8243; _module_preset=&#8221;default&#8221; global_colors_info=&#8221;{}&#8221;][et_pb_button button_text=&#8221;Aktuellt fr\u00e5n Bolmens fiskev\u00e5rdsomr\u00e5desf\u00f6rening&#8221; _builder_version=&#8221;4.16&#8243; _module_preset=&#8221;default&#8221; custom_button=&#8221;on&#8221; button_text_color=&#8221;#000000&#8243; button_border_width=&#8221;0px&#8221; button_icon=&#8221;&#xe056;||divi||400&#8243; button_icon_placement=&#8221;left&#8221; button_on_hover=&#8221;off&#8221; custom_margin=&#8221;||16px|26px|false|false&#8221; custom_padding=&#8221;0px|0px|0px|0px|false|false&#8221; global_colors_info=&#8221;{}&#8221;][\/et_pb_button][\/et_pb_column][\/et_pb_row][et_pb_row use_custom_gutter=&#8221;on&#8221; make_equal=&#8221;on&#8221; _builder_version=&#8221;4.16&#8243; _module_preset=&#8221;default&#8221; global_colors_info=&#8221;{}&#8221;][et_pb_column type=&#8221;4_4&#8243; _builder_version=&#8221;4.16&#8243; _module_preset=&#8221;default&#8221; global_colors_info=&#8221;{}&#8221;][et_pb_blog fullwidth=&#8221;off&#8221; posts_number=&#8221;3&#8243; excerpt_length=&#8221;150&#8243; show_more=&#8221;on&#8221; show_author=&#8221;off&#8221; show_categories=&#8221;off&#8221; _builder_version=&#8221;4.16&#8243; _module_preset=&#8221;default&#8221; read_more_font=&#8221;||||||||&#8221; read_more_text_color=&#8221;#007fe0&#8243; background_color=&#8221;rgba(0,0,0,0)&#8221; text_orientation=&#8221;left&#8221; border_width_all=&#8221;4px&#8221; border_color_all=&#8221;#f8f5f0&#8243; global_colors_info=&#8221;{}&#8221;][\/et_pb_blog][\/et_pb_column][\/et_pb_row][\/et_pb_section]<\/p>","protected":false},"excerpt":{"rendered":"<p>\u00a0(2 personer)85 Fiskeregler Allm\u00e4na fiskeregler f\u00f6r kortk\u00f6pare Bolmens FVOF Bolmens FVOF begr\u00e4nsningsomr\u00e5de Gr\u00e4nsen \u00e4r i Stor\u00e5n vid kvarnen i Sl\u00e4tt\u00f6. I \u00d6nne \u00e5 g\u00e5r gr\u00e4nsen vid bron p\u00e5 allm\u00e4nna v\u00e4gen Unnaryd-Odensj\u00f6. I utloppet Bolm\u00e5n \u00e4r gr\u00e4nsen i kraftverket vid Skeen. I \u00f6vrigt s\u00e5 \u00e4r gr\u00e4nsen vid respektive vattendrags utlopp i Bolmen. Priser p\u00e5 fiskekort Bolmens [&hellip;]<\/p>","protected":false},"author":1,"featured_media":0,"parent":0,"menu_order":0,"comment_status":"closed","ping_status":"closed","template":"","meta":{"_et_pb_use_builder":"on","_et_pb_old_content":"","_et_gb_content_width":"","_monsterinsights_skip_tracking":false,"_monsterinsights_sitenote_active":false,"_monsterinsights_sitenote_note":"","_monsterinsights_sitenote_category":0},"yoast_head":"<!-- This site is optimized with the Yoast SEO plugin v17.5 - https:\/\/yoast.com\/wordpress\/plugins\/seo\/ -->\n<title>Fiskeregler - Bolmens fiskev\u00e5rdsomr\u00e5desf\u00f6rening<\/title>\n<meta name=\"robots\" content=\"index, follow, max-snippet:-1, max-image-preview:large, max-video-preview:-1\" \/>\n<link rel=\"canonical\" href=\"https:\/\/bolmensweden.com\/de\/fiskeregler\/\" \/>\n<meta property=\"og:locale\" content=\"de_DE\" \/>\n<meta property=\"og:type\" content=\"article\" \/>\n<meta property=\"og:title\" content=\"Fiskeregler - Bolmens fiskev\u00e5rdsomr\u00e5desf\u00f6rening\" \/>\n<meta property=\"og:description\" content=\"\u00a0(2 personer)85 Fiskeregler Allm\u00e4na fiskeregler f\u00f6r kortk\u00f6pare Bolmens FVOF Bolmens FVOF begr\u00e4nsningsomr\u00e5de Gr\u00e4nsen \u00e4r i Stor\u00e5n vid kvarnen i Sl\u00e4tt\u00f6. I \u00d6nne \u00e5 g\u00e5r gr\u00e4nsen vid bron p\u00e5 allm\u00e4nna v\u00e4gen Unnaryd-Odensj\u00f6. I utloppet Bolm\u00e5n \u00e4r gr\u00e4nsen i kraftverket vid Skeen. I \u00f6vrigt s\u00e5 \u00e4r gr\u00e4nsen vid respektive vattendrags utlopp i Bolmen. Priser p\u00e5 fiskekort Bolmens [&hellip;]\" \/>\n<meta property=\"og:url\" content=\"https:\/\/bolmensweden.com\/de\/fiskeregler\/\" \/>\n<meta property=\"og:site_name\" content=\"Bolmens fiskev\u00e5rdsomr\u00e5desf\u00f6rening\" \/>\n<meta property=\"article:modified_time\" content=\"2024-01-30T11:53:47+00:00\" \/>\n<meta name=\"twitter:card\" content=\"summary_large_image\" \/>\n<meta name=\"twitter:label1\" content=\"Gesch\u00e4tzte Lesezeit\" \/>\n\t<meta name=\"twitter:data1\" content=\"5\u00a0Minuten\" \/>\n<script type=\"application\/ld+json\" class=\"yoast-schema-graph\">{\"@context\":\"https:\/\/schema.org\",\"@graph\":[{\"@type\":\"WebSite\",\"@id\":\"https:\/\/bolmensweden.com\/de\/#website\",\"url\":\"https:\/\/bolmensweden.com\/de\/\",\"name\":\"Bolmens fiskev\\u00e5rdsomr\\u00e5desf\\u00f6rening\",\"description\":\"Fiske f\\u00f6r hela familjen\",\"potentialAction\":[{\"@type\":\"SearchAction\",\"target\":{\"@type\":\"EntryPoint\",\"urlTemplate\":\"https:\/\/bolmensweden.com\/de\/?s={search_term_string}\"},\"query-input\":\"required name=search_term_string\"}],\"inLanguage\":\"de\"},{\"@type\":\"WebPage\",\"@id\":\"https:\/\/bolmensweden.com\/de\/fiskeregler\/#webpage\",\"url\":\"https:\/\/bolmensweden.com\/de\/fiskeregler\/\",\"name\":\"Fiskeregler - Bolmens fiskev\\u00e5rdsomr\\u00e5desf\\u00f6rening\",\"isPartOf\":{\"@id\":\"https:\/\/bolmensweden.com\/de\/#website\"},\"datePublished\":\"2020-12-01T07:43:03+00:00\",\"dateModified\":\"2024-01-30T11:53:47+00:00\",\"breadcrumb\":{\"@id\":\"https:\/\/bolmensweden.com\/de\/fiskeregler\/#breadcrumb\"},\"inLanguage\":\"de\",\"potentialAction\":[{\"@type\":\"ReadAction\",\"target\":[\"https:\/\/bolmensweden.com\/de\/fiskeregler\/\"]}]},{\"@type\":\"BreadcrumbList\",\"@id\":\"https:\/\/bolmensweden.com\/de\/fiskeregler\/#breadcrumb\",\"itemListElement\":[{\"@type\":\"ListItem\",\"position\":1,\"name\":\"Hem\",\"item\":\"https:\/\/bolmensweden.com\/de\/\"},{\"@type\":\"ListItem\",\"position\":2,\"name\":\"Fiskeregler\"}]}]}<\/script>\n<!-- \/ Yoast SEO plugin. -->","yoast_head_json":{"title":"Fiskeregler - Bolmens fiskev\u00e5rdsomr\u00e5desf\u00f6rening","robots":{"index":"index","follow":"follow","max-snippet":"max-snippet:-1","max-image-preview":"max-image-preview:large","max-video-preview":"max-video-preview:-1"},"canonical":"https:\/\/bolmensweden.com\/de\/fiskeregler\/","og_locale":"de_DE","og_type":"article","og_title":"Fiskeregler - Bolmens fiskev\u00e5rdsomr\u00e5desf\u00f6rening","og_description":"\u00a0(2 personer)85 Fiskeregler Allm\u00e4na fiskeregler f\u00f6r kortk\u00f6pare Bolmens FVOF Bolmens FVOF begr\u00e4nsningsomr\u00e5de Gr\u00e4nsen \u00e4r i Stor\u00e5n vid kvarnen i Sl\u00e4tt\u00f6. I \u00d6nne \u00e5 g\u00e5r gr\u00e4nsen vid bron p\u00e5 allm\u00e4nna v\u00e4gen Unnaryd-Odensj\u00f6. I utloppet Bolm\u00e5n \u00e4r gr\u00e4nsen i kraftverket vid Skeen. I \u00f6vrigt s\u00e5 \u00e4r gr\u00e4nsen vid respektive vattendrags utlopp i Bolmen. Priser p\u00e5 fiskekort Bolmens [&hellip;]","og_url":"https:\/\/bolmensweden.com\/de\/fiskeregler\/","og_site_name":"Bolmens fiskev\u00e5rdsomr\u00e5desf\u00f6rening","article_modified_time":"2024-01-30T11:53:47+00:00","twitter_card":"summary_large_image","twitter_misc":{"Gesch\u00e4tzte Lesezeit":"5\u00a0Minuten"},"schema":{"@context":"https:\/\/schema.org","@graph":[{"@type":"WebSite","@id":"https:\/\/bolmensweden.com\/de\/#website","url":"https:\/\/bolmensweden.com\/de\/","name":"Bolmens fiskev\u00e5rdsomr\u00e5desf\u00f6rening","description":"Fiske f\u00f6r hela familjen","potentialAction":[{"@type":"SearchAction","target":{"@type":"EntryPoint","urlTemplate":"https:\/\/bolmensweden.com\/de\/?s={search_term_string}"},"query-input":"required name=search_term_string"}],"inLanguage":"de"},{"@type":"WebPage","@id":"https:\/\/bolmensweden.com\/de\/fiskeregler\/#webpage","url":"https:\/\/bolmensweden.com\/de\/fiskeregler\/","name":"Fiskeregler - Bolmens fiskev\u00e5rdsomr\u00e5desf\u00f6rening","isPartOf":{"@id":"https:\/\/bolmensweden.com\/de\/#website"},"datePublished":"2020-12-01T07:43:03+00:00","dateModified":"2024-01-30T11:53:47+00:00","breadcrumb":{"@id":"https:\/\/bolmensweden.com\/de\/fiskeregler\/#breadcrumb"},"inLanguage":"de","potentialAction":[{"@type":"ReadAction","target":["https:\/\/bolmensweden.com\/de\/fiskeregler\/"]}]},{"@type":"BreadcrumbList","@id":"https:\/\/bolmensweden.com\/de\/fiskeregler\/#breadcrumb","itemListElement":[{"@type":"ListItem","position":1,"name":"Hem","item":"https:\/\/bolmensweden.com\/de\/"},{"@type":"ListItem","position":2,"name":"Fiskeregler"}]}]}},"_links":{"self":[{"href":"https:\/\/bolmensweden.com\/de\/wp-json\/wp\/v2\/pages\/245"}],"collection":[{"href":"https:\/\/bolmensweden.com\/de\/wp-json\/wp\/v2\/pages"}],"about":[{"href":"https:\/\/bolmensweden.com\/de\/wp-json\/wp\/v2\/types\/page"}],"author":[{"embeddable":true,"href":"https:\/\/bolmensweden.com\/de\/wp-json\/wp\/v2\/users\/1"}],"replies":[{"embeddable":true,"href":"https:\/\/bolmensweden.com\/de\/wp-json\/wp\/v2\/comments?post=245"}],"version-history":[{"count":31,"href":"https:\/\/bolmensweden.com\/de\/wp-json\/wp\/v2\/pages\/245\/revisions"}],"predecessor-version":[{"id":1491,"href":"https:\/\/bolmensweden.com\/de\/wp-json\/wp\/v2\/pages\/245\/revisions\/1491"}],"wp:attachment":[{"href":"https:\/\/bolmensweden.com\/de\/wp-json\/wp\/v2\/media?parent=245"}],"curies":[{"name":"wp","href":"https:\/\/api.w.org\/{rel}","templated":true}]}}