{"id":31,"date":"2020-11-27T14:11:17","date_gmt":"2020-11-27T13:11:17","guid":{"rendered":"https:\/\/bolmensweden.com\/?page_id=31"},"modified":"2025-05-16T22:20:57","modified_gmt":"2025-05-16T20:20:57","slug":"fiskekort","status":"publish","type":"page","link":"https:\/\/bolmensweden.com\/de\/fiskekort\/","title":{"rendered":"Angelkarte"},"content":{"rendered":"<p>[et_pb_section fb_built=&#8221;1&#8243; _builder_version=&#8221;4.16&#8243; _module_preset=&#8221;default&#8221; background_image=&#8221;https:\/\/bolmensweden.com\/wp-content\/uploads\/2021\/01\/shutterstock_1517897414-scaled.jpg&#8221; height=&#8221;350px&#8221; global_colors_info=&#8221;{}&#8221;][\/et_pb_section][et_pb_section fb_built=&#8221;1&#8243; _builder_version=&#8221;4.16&#8243; _module_preset=&#8221;default&#8221; background_color=&#8221;rgba(0,0,0,0)&#8221; custom_padding=&#8221;3px||||false|false&#8221; global_colors_info=&#8221;{}&#8221;][et_pb_row _builder_version=&#8221;4.16&#8243; _module_preset=&#8221;default&#8221; custom_margin=&#8221;40px|auto||auto||&#8221; global_colors_info=&#8221;{}&#8221;][et_pb_column type=&#8221;4_4&#8243; _builder_version=&#8221;4.16&#8243; _module_preset=&#8221;default&#8221; global_colors_info=&#8221;{}&#8221;][et_pb_text _builder_version=&#8221;4.16&#8243; _module_preset=&#8221;default&#8221; background_color=&#8221;rgba(0,0,0,0)&#8221; global_colors_info=&#8221;{}&#8221;]<\/p>\n<h1>Angelkarten um im Bolmen zu angeln<\/h1>\n<p><strong>Die Angelkarte berechtigt Sie zum Angeln  mit Handangeln, d.h.Fliegenfischen, Rutenangeln, Spinnenangeln, Blinkerangeln, Schleppangeln,  und Eisangeln. Alle Fischerei im Bolmen fordert Angelkarte.  Wir bieten verschiedene Karten an, abh\u00e4ngig von wenn nur Sie allein  angeln wollen oder mit der ganzen Familie.<\/strong><\/p>\n<p>&nbsp;<\/p>\n<p>[\/et_pb_text][\/et_pb_column][\/et_pb_row][et_pb_row _builder_version=&#8221;4.16&#8243; _module_preset=&#8221;default&#8221; background_color=&#8221;#DFB759&#8243; custom_padding=&#8221;36px|36px|36px|36px|false|false&#8221; global_colors_info=&#8221;{}&#8221;][et_pb_column type=&#8221;4_4&#8243; _builder_version=&#8221;4.16&#8243; _module_preset=&#8221;default&#8221; global_colors_info=&#8221;{}&#8221;][et_pb_text _builder_version=&#8221;4.16&#8243; _module_preset=&#8221;default&#8221; text_text_color=&#8221;#000000&#8243; background_color=&#8221;rgba(255,255,255,0.7)&#8221; global_colors_info=&#8221;{}&#8221;]<\/p>\n<p style=\"text-align: center;\">\n<p style=\"text-align: center;\">Ihre Angelkarte k\u00f6nnen Sie hier digital kaufen oder bei einer Wiederverk\u00e4ufer, Die Angelkarten, die digital verkauft werden, werden zusammen mit i.Fiske.se verkauft. <span style=\"text-decoration: underline; color: #000000;\"><strong><a href=\"#aterforsaljare\" style=\"color: #000000; text-decoration: underline;\">Wiederverk\u00e4ufer.<\/a><\/strong><\/span>Die Angelkarten, die digital verkauft werden, werden zusammen mit i.Fiske.se verkauft.<\/p>\n<p style=\"text-align: center;\">Klicken Sie auf die gew\u00e4hlte Angelkarte, und Sie kommen zu der Kasse in i.Fiske.se , wo Sie den Kauf bezahlen k\u00f6nnen. Kinder unter 18 Jahre angeln gratis.<\/p>\n<p>[\/et_pb_text][\/et_pb_column][\/et_pb_row][et_pb_row column_structure=&#8221;1_5,1_5,1_5,1_5,1_5&#8243; use_custom_gutter=&#8221;on&#8221; gutter_width=&#8221;2&#8243; _builder_version=&#8221;4.16&#8243; _module_preset=&#8221;default&#8221; background_color=&#8221;#DFB759&#8243; custom_padding=&#8221;|34px|34px|34px|false|false&#8221; global_colors_info=&#8221;{}&#8221;][et_pb_column type=&#8221;1_5&#8243; _builder_version=&#8221;4.16&#8243; _module_preset=&#8221;default&#8221; global_colors_info=&#8221;{}&#8221;][et_pb_text _builder_version=&#8221;4.16&#8243; _module_preset=&#8221;default&#8221; header_2_font=&#8221;|700|||||||&#8221; background_color=&#8221;rgba(255,255,255,0.7)&#8221; text_orientation=&#8221;center&#8221; custom_padding=&#8221;24px||16px||false|false&#8221; link_option_url=&#8221;https:\/\/www.ifiske.se\/index.php\/fiskekort?p=a&#038;page=2&#038;product=305&#038;hidelogin=0&#8243; link_option_url_new_window=&#8221;on&#8221; global_colors_info=&#8221;{}&#8221;]<\/p>\n<h3>Tageskarte, 24 Stunden<\/h3>\n<p><em>Pers\u00f6nlich<\/em>\u00a0<\/p>\n<p>&nbsp;<\/p>\n<h2>180 SEK<\/h2>\n<p>[\/et_pb_text][\/et_pb_column][et_pb_column type=&#8221;1_5&#8243; _builder_version=&#8221;4.16&#8243; _module_preset=&#8221;default&#8221; global_colors_info=&#8221;{}&#8221;][et_pb_text _builder_version=&#8221;4.21.0&#8243; _module_preset=&#8221;default&#8221; header_2_font=&#8221;|700|||||||&#8221; background_color=&#8221;rgba(255,255,255,0.7)&#8221; text_orientation=&#8221;center&#8221; custom_padding=&#8221;24px||16px||false|false&#8221; link_option_url=&#8221;https:\/\/www.ifiske.se\/index.php\/fiskekort?p=a&#038;page=2&#038;product=306&#038;hidelogin=0&#8243; global_colors_info=&#8221;{}&#8221;]<\/p>\n<h3>Wochenkarte<\/h3>\n<p><em>Pers\u00f6nlich<\/em><\/p>\n<p>&nbsp;<\/p>\n<h2>440 SEK<\/h2>\n<p>[\/et_pb_text][\/et_pb_column][et_pb_column type=&#8221;1_5&#8243; _builder_version=&#8221;4.21.0&#8243; _module_preset=&#8221;default&#8221; global_colors_info=&#8221;{}&#8221;][et_pb_text _builder_version=&#8221;4.21.0&#8243; _module_preset=&#8221;default&#8221; header_2_font=&#8221;|700|||||||&#8221; background_color=&#8221;rgba(255,255,255,0.7)&#8221; text_orientation=&#8221;center&#8221; custom_padding=&#8221;24px||16px||false|false&#8221; link_option_url=&#8221;https:\/\/www.ifiske.se\/index.php\/fiskekort?p=a&#038;page=2&#038;product=621&#8243; locked=&#8221;off&#8221; global_colors_info=&#8221;{}&#8221;]<\/p>\n<h3>Monatskarte<\/h3>\n<p><em>Pers\u00f6nlich<\/em><\/p>\n<p>&nbsp;<\/p>\n<h2>750 SEK<\/h2>\n<p>[\/et_pb_text][\/et_pb_column][et_pb_column type=&#8221;1_5&#8243; _builder_version=&#8221;4.16&#8243; _module_preset=&#8221;default&#8221; global_colors_info=&#8221;{}&#8221;][et_pb_text _builder_version=&#8221;4.16&#8243; _module_preset=&#8221;default&#8221; header_2_font=&#8221;|700|||||||&#8221; background_color=&#8221;rgba(255,255,255,0.7)&#8221; text_orientation=&#8221;center&#8221; custom_padding=&#8221;24px||16px||false|false&#8221; link_option_url=&#8221;https:\/\/www.ifiske.se\/index.php\/fiskekort?p=a&#038;page=2&#038;product=2405&#8243; global_colors_info=&#8221;{}&#8221;]<\/p>\n<h3>Jahreskarte<\/h3>\n<p><em>Pers\u00f6nlich<\/em><\/p>\n<p>&nbsp;<\/p>\n<h2>1000 SEK<\/h2>\n<p>[\/et_pb_text][\/et_pb_column][et_pb_column type=&#8221;1_5&#8243; _builder_version=&#8221;4.16&#8243; _module_preset=&#8221;default&#8221; global_colors_info=&#8221;{}&#8221;][et_pb_text _builder_version=&#8221;4.16&#8243; _module_preset=&#8221;default&#8221; header_2_font=&#8221;|700|||||||&#8221; background_color=&#8221;rgba(255,255,255,0.7)&#8221; text_orientation=&#8221;center&#8221; custom_padding=&#8221;24px||16px||false|false&#8221; link_option_url=&#8221;https:\/\/www.ifiske.se\/index.php\/fiskekort?p=a&#038;page=2&#038;product=4081&#038;hidelogin=0&#8243; global_colors_info=&#8221;{}&#8221;]<\/p>\n<h3>Familienkarte<\/h3>\n<p><em>G\u00fcltig f\u00fcr 2 Personen<\/em><\/p>\n<p>&nbsp;<\/p>\n<h2>1250 SEK<\/h2>\n<p>[\/et_pb_text][\/et_pb_column][\/et_pb_row][\/et_pb_section][et_pb_section fb_built=&#8221;1&#8243; _builder_version=&#8221;4.16&#8243; _module_preset=&#8221;default&#8221; background_color=&#8221;rgba(0,0,0,0)&#8221; custom_margin=&#8221;24px||46px||false|false&#8221; global_colors_info=&#8221;{}&#8221;][et_pb_row _builder_version=&#8221;4.16&#8243; _module_preset=&#8221;default&#8221; global_colors_info=&#8221;{}&#8221;][et_pb_column type=&#8221;4_4&#8243; _builder_version=&#8221;4.16&#8243; _module_preset=&#8221;default&#8221; global_colors_info=&#8221;{}&#8221;][et_pb_text _builder_version=&#8221;4.16&#8243; _module_preset=&#8221;default&#8221; header_2_font=&#8221;|700|||||||&#8221; background_color=&#8221;rgba(0,0,0,0)&#8221; global_colors_info=&#8221;{}&#8221;]<\/p>\n<p>&nbsp;<\/p>\n<p><strong>Die Angelkarte ist pers\u00f6nlich<\/strong><br \/> Die Angelkarte ist pers\u00f6nlich und muss w\u00e4hrend der Fischerei mitgef\u00fchrt sein. Bringen Sie ihr Mobil mit,  oder eine gekaufte oder ausgedruckte Angelkarte. \u00dcbertretung gegen die Angelregeln des Gebietes bringt sich mit Kontrollgeb\u00fchr von 2000 Schwedischen Kronen. Ungesetzliches Angeln wird mit gerichtlicher Pr\u00fcfung ermittelt.<\/p>\n<p><em>Begrenzungen: Folgende Pl\u00e4tze sind von Angeln gesch\u00fctzt: Angelverbot gilt im Fluss Inne. Angelverbot gilt in Stor\u00e5n von der M\u00fcndung  zur M\u00fchle in der Zeit vom 15. April bis den 15. Juni. Diese Gebiete sind mit Verbotschildern markiert. Bei Angeln auf diesen Pl\u00e4tzen wird eine Kontrollgeb\u00fchr  mit 2000 Schwedischen Kronen ausgenommen.<\/em><\/p>\n<p>[\/et_pb_text][\/et_pb_column][\/et_pb_row][et_pb_row _builder_version=&#8221;4.16&#8243; _module_preset=&#8221;default&#8221; custom_margin=&#8221;36px||||false|false&#8221; global_colors_info=&#8221;{}&#8221;][et_pb_column type=&#8221;4_4&#8243; _builder_version=&#8221;4.16&#8243; _module_preset=&#8221;default&#8221; global_colors_info=&#8221;{}&#8221;][et_pb_button button_url=&#8221;@ET-DC@eyJkeW5hbWljIjp0cnVlLCJjb250ZW50IjoicG9zdF9saW5rX3VybF9wYWdlIiwic2V0dGluZ3MiOnsicG9zdF9pZCI6IjI0NSJ9fQ==@&#8221; button_text=&#8221;L\u00e4s v\u00e5ra fiskeregler&#8221; _builder_version=&#8221;4.16&#8243; _dynamic_attributes=&#8221;button_url&#8221; _module_preset=&#8221;default&#8221; custom_button=&#8221;on&#8221; button_text_size=&#8221;14px&#8221; button_text_color=&#8221;#ffffff&#8221; button_bg_color=&#8221;#000000&#8243; button_border_width=&#8221;0px&#8221; button_font=&#8221;|700|||||||&#8221; button_use_icon=&#8221;off&#8221; background_layout=&#8221;dark&#8221; global_colors_info=&#8221;{}&#8221;][\/et_pb_button][\/et_pb_column][\/et_pb_row][\/et_pb_section][et_pb_section fb_built=&#8221;1&#8243; specialty=&#8221;on&#8221; _builder_version=&#8221;4.16&#8243; _module_preset=&#8221;default&#8221; background_color=&#8221;#5E7DA0&#8243; custom_margin=&#8221;||||false|false&#8221; custom_padding=&#8221;||63px||false|false&#8221; global_colors_info=&#8221;{}&#8221;][et_pb_column type=&#8221;2_3&#8243; specialty_columns=&#8221;2&#8243; _builder_version=&#8221;4.16&#8243; custom_padding=&#8221;|||&#8221; global_colors_info=&#8221;{}&#8221; custom_padding__hover=&#8221;|||&#8221;][et_pb_row_inner _builder_version=&#8221;4.16&#8243; _module_preset=&#8221;default&#8221; custom_padding=&#8221;||0px|||&#8221; global_colors_info=&#8221;{}&#8221;][et_pb_column_inner saved_specialty_column_type=&#8221;2_3&#8243; _builder_version=&#8221;4.16&#8243; _module_preset=&#8221;default&#8221; global_colors_info=&#8221;{}&#8221;][et_pb_text _builder_version=&#8221;4.16&#8243; _module_preset=&#8221;default&#8221; text_text_color=&#8221;#000000&#8243; header_2_font=&#8221;|700|||||||&#8221; header_2_text_color=&#8221;#000000&#8243; global_colors_info=&#8221;{}&#8221;]<\/p>\n<h2>\u00c5terf\u00f6rs\u00e4ljare<\/h2>\n<p>[\/et_pb_text][\/et_pb_column_inner][\/et_pb_row_inner][et_pb_row_inner column_structure=&#8221;1_3,1_3,1_3&#8243; _builder_version=&#8221;4.16&#8243; _module_preset=&#8221;default&#8221; global_colors_info=&#8221;{}&#8221;][et_pb_column_inner type=&#8221;1_3&#8243; saved_specialty_column_type=&#8221;2_3&#8243; _builder_version=&#8221;4.16&#8243; _module_preset=&#8221;default&#8221; global_colors_info=&#8221;{}&#8221;][et_pb_text _builder_version=&#8221;4.16&#8243; _module_preset=&#8221;default&#8221; text_text_color=&#8221;#000000&#8243; global_colors_info=&#8221;{}&#8221;]<\/p>\n<p><strong>Omr\u00e5de 1 (Orange)<\/strong><\/p>\n<p><strong>Ica \u00c4sset<\/strong><br \/><strong>Brogatan 4<\/strong><br \/><strong>331 73 Forsheda<\/strong><\/p>\n<p><strong>Liljen\u00e4s Natur &amp; Fritid<\/strong><br \/><strong>Liljen\u00e4s<\/strong><br \/><strong>331 72\u00a0 Forsheda<\/strong><\/p>\n<p><strong>Sl\u00e4tt\u00f6 Kvarn AB<\/strong><br \/><strong>Sl\u00e4tt\u00f6<\/strong><br \/><strong>331 72 Forsheda<\/strong><\/p>\n<p><strong>Dann\u00e4s V\u00e5ffelkaf\u00e9<\/strong><br \/><strong>Dann\u00e4s<\/strong><br \/><strong>331 72 Forsheda<\/strong><\/p>\n<p><strong><\/strong><\/p>\n<p><strong><\/strong><\/p>\n<p><strong>Omr\u00e5de 2 (Gul)<\/strong><\/p>\n<p><strong><\/strong><strong>Handlar\u2019n Tann\u00e5ker<\/strong><br \/><strong>Tallbo 2<\/strong><br \/><strong>341 96 Ljungby<\/strong><\/p>\n<p><strong><\/strong><\/p>\n<p><strong><\/strong><\/p>\n<p><strong><\/strong><\/p>\n<p>&nbsp;<\/p>\n<p>[\/et_pb_text][\/et_pb_column_inner][et_pb_column_inner type=&#8221;1_3&#8243; saved_specialty_column_type=&#8221;2_3&#8243; _builder_version=&#8221;4.16&#8243; _module_preset=&#8221;default&#8221; global_colors_info=&#8221;{}&#8221;][et_pb_text _builder_version=&#8221;4.16&#8243; _module_preset=&#8221;default&#8221; text_text_color=&#8221;#000000&#8243; global_colors_info=&#8221;{}&#8221;]<\/p>\n<p><strong><\/strong><strong>Omr\u00e5de 3 (R\u00f6d)<\/strong><\/p>\n<p><strong>Lagans Turistbyr\u00e5<\/strong><br \/><strong> Laganv\u00e4gen 10<\/strong><br \/><strong> 341 50 Lagan<\/strong><\/p>\n<p><strong>Bolmstads S\u00e4teri<\/strong><br \/><strong>Bolmstad<\/strong><br \/><strong> 341 94 Ljungby<\/strong><\/p>\n<p><strong><\/strong><\/p>\n<p><strong><\/strong><\/p>\n<p><strong>Omr\u00e5de 4 (Bl\u00e5)<\/strong><\/p>\n<p><strong>L\u00f6ckna Camping<\/strong><br \/><strong>L\u00f6ckna<\/strong><br \/><strong> 341 72 Lidhult<\/strong><\/p>\n<p><strong>ICA Lidhul<\/strong>t<br \/><strong>Unnarydsv\u00e4gen 1 A<\/strong><br \/><strong> 341 72 Lidhult<\/strong><\/p>\n<p><strong>David Salomonsson<\/strong><br \/><strong> Torp Mellang\u00e5rd<\/strong><br \/><strong> 341 72 Lidhult<\/strong><\/p>\n<p><strong>Odensj\u00f6 Turistinformation<\/strong><br \/><strong> Odensj\u00f6<\/strong><br \/><strong> 341 72 Lidhult <\/strong><\/p>\n<p><strong>Bolmen Camping Strandsj\u00f6v\u00e4gen 4\u00a0\u00a0\u00a0\u00a0\u00a0\u00a0\u00a0\u00a0\u00a0\u00a0\u00a0\u00a0\u00a0 <\/strong><strong>341 94 Ljungby<br \/><\/strong><\/p>\n<p><strong><\/strong><\/p>\n<p><strong><\/strong><\/p>\n<p>[\/et_pb_text][\/et_pb_column_inner][et_pb_column_inner type=&#8221;1_3&#8243; saved_specialty_column_type=&#8221;2_3&#8243; _builder_version=&#8221;4.16&#8243; _module_preset=&#8221;default&#8221; global_colors_info=&#8221;{}&#8221;][et_pb_text _builder_version=&#8221;4.16&#8243; _module_preset=&#8221;default&#8221; text_text_color=&#8221;#000000&#8243; global_colors_info=&#8221;{}&#8221;]<\/p>\n<p><strong>Omr\u00e5de 5 (Lila)<\/strong><\/p>\n<p><strong>Vallsn\u00e4s Camping<\/strong><br \/><strong> Vallsn\u00e4s<\/strong><br \/><strong> 314 52 Unnaryd<\/strong><\/p>\n<p><b>Hansen&#8217;s Mack &amp; Garage\u00a0 \u00a0 \u00a0 \u00a0 \u00a0 \u00a0 \u00a0 \u00a0 \u00a0 <\/b><b>314 55 Unnaryd<\/b><\/p>\n<p><b><\/b><\/p>\n<p><strong>Tiraholms Fisk<\/strong><br \/><strong> Tiraholm<\/strong><br \/><strong> 314 52 Unnaryd<\/strong><\/p>\n<p><strong>Unnaryds Kiosk &amp; Caf\u00e9<\/strong><br \/><strong> \u00c4nggatan 6 A<\/strong><br \/><strong> 314 51 Unnaryd<\/strong><\/p>\n<p><strong>Tallberga K\u00f6pcentrum<\/strong><br \/><strong> Tallberga<\/strong><br \/><strong> 333 73 Bredaryd<\/strong><\/p>\n<p><strong>Gipro Fiske<\/strong><br \/><strong> S\u00f6dra Storgatan 9<\/strong><br \/><strong> 332 33 Gislaved<\/strong><\/p>\n<p>[\/et_pb_text][\/et_pb_column_inner][\/et_pb_row_inner][\/et_pb_column][et_pb_column type=&#8221;1_3&#8243; _builder_version=&#8221;4.16&#8243; custom_padding=&#8221;|||&#8221; global_colors_info=&#8221;{}&#8221; custom_padding__hover=&#8221;|||&#8221;][et_pb_image src=&#8221;https:\/\/bolmensweden.com\/wp-content\/uploads\/2021\/01\/fiskeomraden.png&#8221; title_text=&#8221;fiskeomraden&#8221; _builder_version=&#8221;4.16&#8243; _module_preset=&#8221;default&#8221; custom_margin=&#8221;51px|||-44px||&#8221; custom_margin_tablet=&#8221;0px||||false|false&#8221; custom_margin_phone=&#8221;&#8221; custom_margin_last_edited=&#8221;on|phone&#8221; global_colors_info=&#8221;{}&#8221;][\/et_pb_image][\/et_pb_column][\/et_pb_section]<\/p>","protected":false},"excerpt":{"rendered":"<p>Fiskekort f\u00f6r fiske i Bolmen Fiskekortet ber\u00e4ttigar till handredskapsfiske dvs fluga, spinn, mete, pimpel, drag, trolling samt ismete (angel). Allt fiske i Bolmen kr\u00e4ver fiskekort. Vi erbjuder ett antal korttyper beroende p\u00e5 om du bara vill fiska f\u00f6r dagen eller kanske t\u00e4nker ta med familjen. &nbsp; Ditt fiskekort k\u00f6ps digitalt h\u00e4r eller hos \u00e5terf\u00f6rs\u00e4ljare. Fiskekorten [&hellip;]<\/p>","protected":false},"author":1,"featured_media":0,"parent":0,"menu_order":0,"comment_status":"closed","ping_status":"closed","template":"","meta":{"_et_pb_use_builder":"on","_et_pb_old_content":"","_et_gb_content_width":"","_monsterinsights_skip_tracking":false,"_monsterinsights_sitenote_active":false,"_monsterinsights_sitenote_note":"","_monsterinsights_sitenote_category":0},"yoast_head":"<!-- This site is optimized with the Yoast SEO plugin v17.5 - https:\/\/yoast.com\/wordpress\/plugins\/seo\/ -->\n<title>Fiskekort - Bolmens fiskev\u00e5rdsomr\u00e5desf\u00f6rening<\/title>\n<meta name=\"robots\" content=\"index, follow, max-snippet:-1, max-image-preview:large, max-video-preview:-1\" \/>\n<link rel=\"canonical\" href=\"https:\/\/bolmensweden.com\/de\/fiskekort\/\" \/>\n<meta property=\"og:locale\" content=\"de_DE\" \/>\n<meta property=\"og:type\" content=\"article\" \/>\n<meta property=\"og:title\" content=\"Fiskekort - Bolmens fiskev\u00e5rdsomr\u00e5desf\u00f6rening\" \/>\n<meta property=\"og:description\" content=\"Fiskekort f\u00f6r fiske i Bolmen Fiskekortet ber\u00e4ttigar till handredskapsfiske dvs fluga, spinn, mete, pimpel, drag, trolling samt ismete (angel). Allt fiske i Bolmen kr\u00e4ver fiskekort. Vi erbjuder ett antal korttyper beroende p\u00e5 om du bara vill fiska f\u00f6r dagen eller kanske t\u00e4nker ta med familjen. &nbsp; Ditt fiskekort k\u00f6ps digitalt h\u00e4r eller hos \u00e5terf\u00f6rs\u00e4ljare. Fiskekorten [&hellip;]\" \/>\n<meta property=\"og:url\" content=\"https:\/\/bolmensweden.com\/de\/fiskekort\/\" \/>\n<meta property=\"og:site_name\" content=\"Bolmens fiskev\u00e5rdsomr\u00e5desf\u00f6rening\" \/>\n<meta property=\"article:modified_time\" content=\"2025-05-16T20:20:57+00:00\" \/>\n<meta name=\"twitter:card\" content=\"summary_large_image\" \/>\n<meta name=\"twitter:label1\" content=\"Gesch\u00e4tzte Lesezeit\" \/>\n\t<meta name=\"twitter:data1\" content=\"7\u00a0Minuten\" \/>\n<script type=\"application\/ld+json\" class=\"yoast-schema-graph\">{\"@context\":\"https:\/\/schema.org\",\"@graph\":[{\"@type\":\"WebSite\",\"@id\":\"https:\/\/bolmensweden.com\/de\/#website\",\"url\":\"https:\/\/bolmensweden.com\/de\/\",\"name\":\"Bolmens fiskev\\u00e5rdsomr\\u00e5desf\\u00f6rening\",\"description\":\"Fiske f\\u00f6r hela familjen\",\"potentialAction\":[{\"@type\":\"SearchAction\",\"target\":{\"@type\":\"EntryPoint\",\"urlTemplate\":\"https:\/\/bolmensweden.com\/de\/?s={search_term_string}\"},\"query-input\":\"required name=search_term_string\"}],\"inLanguage\":\"de\"},{\"@type\":\"WebPage\",\"@id\":\"https:\/\/bolmensweden.com\/de\/fiskekort\/#webpage\",\"url\":\"https:\/\/bolmensweden.com\/de\/fiskekort\/\",\"name\":\"Fiskekort - Bolmens fiskev\\u00e5rdsomr\\u00e5desf\\u00f6rening\",\"isPartOf\":{\"@id\":\"https:\/\/bolmensweden.com\/de\/#website\"},\"datePublished\":\"2020-11-27T13:11:17+00:00\",\"dateModified\":\"2025-05-16T20:20:57+00:00\",\"breadcrumb\":{\"@id\":\"https:\/\/bolmensweden.com\/de\/fiskekort\/#breadcrumb\"},\"inLanguage\":\"de\",\"potentialAction\":[{\"@type\":\"ReadAction\",\"target\":[\"https:\/\/bolmensweden.com\/de\/fiskekort\/\"]}]},{\"@type\":\"BreadcrumbList\",\"@id\":\"https:\/\/bolmensweden.com\/de\/fiskekort\/#breadcrumb\",\"itemListElement\":[{\"@type\":\"ListItem\",\"position\":1,\"name\":\"Hem\",\"item\":\"https:\/\/bolmensweden.com\/de\/\"},{\"@type\":\"ListItem\",\"position\":2,\"name\":\"Fiskekort\"}]}]}<\/script>\n<!-- \/ Yoast SEO plugin. -->","yoast_head_json":{"title":"Fiskekort - Bolmens fiskev\u00e5rdsomr\u00e5desf\u00f6rening","robots":{"index":"index","follow":"follow","max-snippet":"max-snippet:-1","max-image-preview":"max-image-preview:large","max-video-preview":"max-video-preview:-1"},"canonical":"https:\/\/bolmensweden.com\/de\/fiskekort\/","og_locale":"de_DE","og_type":"article","og_title":"Fiskekort - Bolmens fiskev\u00e5rdsomr\u00e5desf\u00f6rening","og_description":"Fiskekort f\u00f6r fiske i Bolmen Fiskekortet ber\u00e4ttigar till handredskapsfiske dvs fluga, spinn, mete, pimpel, drag, trolling samt ismete (angel). Allt fiske i Bolmen kr\u00e4ver fiskekort. Vi erbjuder ett antal korttyper beroende p\u00e5 om du bara vill fiska f\u00f6r dagen eller kanske t\u00e4nker ta med familjen. &nbsp; Ditt fiskekort k\u00f6ps digitalt h\u00e4r eller hos \u00e5terf\u00f6rs\u00e4ljare. Fiskekorten [&hellip;]","og_url":"https:\/\/bolmensweden.com\/de\/fiskekort\/","og_site_name":"Bolmens fiskev\u00e5rdsomr\u00e5desf\u00f6rening","article_modified_time":"2025-05-16T20:20:57+00:00","twitter_card":"summary_large_image","twitter_misc":{"Gesch\u00e4tzte Lesezeit":"7\u00a0Minuten"},"schema":{"@context":"https:\/\/schema.org","@graph":[{"@type":"WebSite","@id":"https:\/\/bolmensweden.com\/de\/#website","url":"https:\/\/bolmensweden.com\/de\/","name":"Bolmens fiskev\u00e5rdsomr\u00e5desf\u00f6rening","description":"Fiske f\u00f6r hela familjen","potentialAction":[{"@type":"SearchAction","target":{"@type":"EntryPoint","urlTemplate":"https:\/\/bolmensweden.com\/de\/?s={search_term_string}"},"query-input":"required name=search_term_string"}],"inLanguage":"de"},{"@type":"WebPage","@id":"https:\/\/bolmensweden.com\/de\/fiskekort\/#webpage","url":"https:\/\/bolmensweden.com\/de\/fiskekort\/","name":"Fiskekort - Bolmens fiskev\u00e5rdsomr\u00e5desf\u00f6rening","isPartOf":{"@id":"https:\/\/bolmensweden.com\/de\/#website"},"datePublished":"2020-11-27T13:11:17+00:00","dateModified":"2025-05-16T20:20:57+00:00","breadcrumb":{"@id":"https:\/\/bolmensweden.com\/de\/fiskekort\/#breadcrumb"},"inLanguage":"de","potentialAction":[{"@type":"ReadAction","target":["https:\/\/bolmensweden.com\/de\/fiskekort\/"]}]},{"@type":"BreadcrumbList","@id":"https:\/\/bolmensweden.com\/de\/fiskekort\/#breadcrumb","itemListElement":[{"@type":"ListItem","position":1,"name":"Hem","item":"https:\/\/bolmensweden.com\/de\/"},{"@type":"ListItem","position":2,"name":"Fiskekort"}]}]}},"_links":{"self":[{"href":"https:\/\/bolmensweden.com\/de\/wp-json\/wp\/v2\/pages\/31"}],"collection":[{"href":"https:\/\/bolmensweden.com\/de\/wp-json\/wp\/v2\/pages"}],"about":[{"href":"https:\/\/bolmensweden.com\/de\/wp-json\/wp\/v2\/types\/page"}],"author":[{"embeddable":true,"href":"https:\/\/bolmensweden.com\/de\/wp-json\/wp\/v2\/users\/1"}],"replies":[{"embeddable":true,"href":"https:\/\/bolmensweden.com\/de\/wp-json\/wp\/v2\/comments?post=31"}],"version-history":[{"count":57,"href":"https:\/\/bolmensweden.com\/de\/wp-json\/wp\/v2\/pages\/31\/revisions"}],"predecessor-version":[{"id":1628,"href":"https:\/\/bolmensweden.com\/de\/wp-json\/wp\/v2\/pages\/31\/revisions\/1628"}],"wp:attachment":[{"href":"https:\/\/bolmensweden.com\/de\/wp-json\/wp\/v2\/media?parent=31"}],"curies":[{"name":"wp","href":"https:\/\/api.w.org\/{rel}","templated":true}]}}