{"id":622,"date":"2021-01-20T10:21:45","date_gmt":"2021-01-20T09:21:45","guid":{"rendered":"https:\/\/bolmensweden.com\/?page_id=622"},"modified":"2021-11-03T09:10:44","modified_gmt":"2021-11-03T08:10:44","slug":"bolmens-fiskestipendium","status":"publish","type":"page","link":"https:\/\/bolmensweden.com\/de\/bolmens-fiskestipendium\/","title":{"rendered":"Bolmens Fischereistipendium"},"content":{"rendered":"<p>[et_pb_section fb_built=&#8221;1&#8243; _builder_version=&#8221;4.7.4&#8243; _module_preset=&#8221;default&#8221; background_image=&#8221;https:\/\/bolmensweden.com\/wp-content\/uploads\/2021\/01\/118786356_3643615402338223_6226205748556701521_n.jpg&#8221; height=&#8221;350px&#8221;][\/et_pb_section][et_pb_section fb_built=&#8221;1&#8243; _builder_version=&#8221;4.7.4&#8243; _module_preset=&#8221;default&#8221; background_color=&#8221;rgba(0,0,0,0)&#8221; custom_padding=&#8221;1px||||false|false&#8221;][et_pb_row column_structure=&#8221;2_3,1_3&#8243; _builder_version=&#8221;4.7.4&#8243; _module_preset=&#8221;default&#8221; custom_padding=&#8221;40px|||||&#8221;][et_pb_column type=&#8221;2_3&#8243; _builder_version=&#8221;4.7.4&#8243; _module_preset=&#8221;default&#8221;][et_pb_text _builder_version=&#8221;4.7.4&#8243; _module_preset=&#8221;default&#8221; custom_margin=&#8221;|24px|||false|false&#8221; custom_padding=&#8221;|7px||||&#8221; hover_enabled=&#8221;0&#8243; background_color=&#8221;rgba(0,0,0,0)&#8221; sticky_enabled=&#8221;0&#8243;]<\/p>\n<h1>Bolmens Fischereistipendium<\/h1>\n<p><strong>Der Vorstand der Fischereischutzverein hat im Jahre 2006 entschlossen  das Fischereistipendium              des Bolmens zu stiften.<\/strong><\/p>\n<p><strong>J\u00e4hrliche Verteilund<\/strong><br \/> Durch j\u00e4hrliche Verteilung einer Summe am h\u00f6chsten 5000 Kronen will der Verein die Intresse f\u00fcr Studien, Forschung und Ausbildung  r\u00fchrend Fische und Fischerei und damit zusammenh\u00e4ngende Umweltfragen f\u00f6rdern.<\/p>\n<p>Das Stipendium kann einzelnen Personen, Schulen, Fischerei und Umweltorganisationen zugeteilt werden. Erstes soll die Interesse der jungen Menschen wahrgenommen werden, was nicht ausschliesst, dass der Vorstand , wenn er findet Ideen anderer und \u00e4lterer Personenwert zu entwickeln, das Stipendium zu zuteilen.<\/p>\n<p>Das Ver\u00f6ffentliche des Stipendiatens oder der Stipendiaten beabsichtigt man bei passender Gelegenheit w\u00e4hrend des Jahres zu legen. Als Gegenleistung erwartet man, dass der Stipendiat oder die Stipendiaten w\u00e4hrend der Jahresversammlung den Erfolg der Studien erz\u00e4hlt.<\/p>\n<p>Styrelsen i Bolmens fiskev\u00e5rdsomr\u00e5desf\u00f6rening<\/p>\n<p>[\/et_pb_text][\/et_pb_column][et_pb_column type=&#8221;1_3&#8243; _builder_version=&#8221;4.7.4&#8243; _module_preset=&#8221;default&#8221; background_color=&#8221;#DFB759&#8243; custom_padding=&#8221;42px|24px|32px|24px|false|true&#8221;][et_pb_text _builder_version=&#8221;4.7.4&#8243; _module_preset=&#8221;default&#8221; text_text_color=&#8221;#000000&#8243; header_text_color=&#8221;#000000&#8243; header_2_font=&#8221;|700|||||||&#8221; header_2_text_color=&#8221;#000000&#8243; header_2_font_size=&#8221;34px&#8221; header_2_line_height=&#8221;1.1em&#8221; text_orientation=&#8221;center&#8221; custom_margin=&#8221;||24px||false|false&#8221; custom_padding=&#8221;||||true|true&#8221; hover_enabled=&#8221;0&#8243; background_color=&#8221;rgba(0,0,0,0)&#8221; sticky_enabled=&#8221;0&#8243;]<\/p>\n<h2><strong>Ans\u00f6k<\/strong><\/h2>\n<p>Das Gesuch des Stipendiums soll pers\u00f6nlich sein. Auch Vorschl\u00e4ge von Empf\u00e4ngern werden empfangen. Das Gesuch soll schriftlich sein und dem Fischereiverein abgegeben werden.Die Stipendiaten werden von dem Vorstand gew\u00e4hlt. Das Gesuch soll schriftlich sein und dem Fischereiverein abgegeben werden.<\/p>\n<p>Die Stipendiaten werden von dem Vorstand des Vereins ausgenommen.<\/p>\n<p>Der Vorstand empf\u00e4ngt alle Gesuche via Email: <span style=\"text-decoration: underline; color: #000000;\"><strong><a href=\"mailto:kontakt@bolmensweden.com\" style=\"color: #000000; text-decoration: underline;\">kontakt@bolmensweden.com<\/a><\/strong><\/span>.<\/p>\n<p>[\/et_pb_text][\/et_pb_column][\/et_pb_row][\/et_pb_section][et_pb_section fb_built=&#8221;1&#8243; _builder_version=&#8221;4.7.4&#8243; _module_preset=&#8221;default&#8221; background_color=&#8221;rgba(0,0,0,0)&#8221; custom_padding=&#8221;24px||||false|false&#8221; global_module=&#8221;557&#8243; saved_tabs=&#8221;all&#8221;][et_pb_row _builder_version=&#8221;4.7.4&#8243; _module_preset=&#8221;default&#8221;][et_pb_column type=&#8221;4_4&#8243; _builder_version=&#8221;4.7.4&#8243; _module_preset=&#8221;default&#8221;][et_pb_button button_text=&#8221;Aktuellt fr\u00e5n Bolmens fiskev\u00e5rdsomr\u00e5desf\u00f6rening&#8221; _builder_version=&#8221;4.7.4&#8243; _module_preset=&#8221;default&#8221; custom_button=&#8221;on&#8221; button_text_color=&#8221;#000000&#8243; button_border_width=&#8221;0px&#8221; button_icon=&#8221;%%206%%&#8221; button_icon_placement=&#8221;left&#8221; button_on_hover=&#8221;off&#8221; custom_margin=&#8221;||16px|26px|false|false&#8221; custom_padding=&#8221;0px|0px|0px|0px|false|false&#8221;][\/et_pb_button][\/et_pb_column][\/et_pb_row][et_pb_row use_custom_gutter=&#8221;on&#8221; make_equal=&#8221;on&#8221; _builder_version=&#8221;4.7.4&#8243; _module_preset=&#8221;default&#8221;][et_pb_column type=&#8221;4_4&#8243; _builder_version=&#8221;4.7.4&#8243; _module_preset=&#8221;default&#8221;][et_pb_blog fullwidth=&#8221;off&#8221; posts_number=&#8221;9&#8243; include_categories=&#8221;all&#8221; excerpt_length=&#8221;150&#8243; show_more=&#8221;on&#8221; show_author=&#8221;off&#8221; show_categories=&#8221;off&#8221; _builder_version=&#8221;4.7.4&#8243; _module_preset=&#8221;default&#8221; read_more_font=&#8221;|700|||||||&#8221; read_more_text_color=&#8221;#16467c&#8221; background_color=&#8221;rgba(0,0,0,0)&#8221; text_orientation=&#8221;left&#8221; border_width_all=&#8221;4px&#8221; border_color_all=&#8221;#f8f5f0&#8243;][\/et_pb_blog][\/et_pb_column][\/et_pb_row][\/et_pb_section]<\/p>","protected":false},"excerpt":{"rendered":"<p>Bolmens fiskestipendium Styrelsen f\u00f6r Bolmens fiskev\u00e5rsomr\u00e5desf\u00f6rening har 2006 beslutat att instifta Bolmens fiskestipendium. \u00c5rlig utdelning Genom att \u00e5rligen dela ut en summa av h\u00f6gst 5 000 kronor vill f\u00f6reningen fr\u00e4mja intresset f\u00f6r studier, forskning och utbildning som r\u00f6r fisk och fiske och d\u00e4rmed sammanh\u00e4ngande milj\u00f6fr\u00e5gor. Summan kan f\u00f6rdelas p\u00e5 flera mottagare. Stipendiet kan tilldelas enskilda [&hellip;]<\/p>","protected":false},"author":1,"featured_media":0,"parent":0,"menu_order":0,"comment_status":"closed","ping_status":"closed","template":"","meta":{"_et_pb_use_builder":"on","_et_pb_old_content":"","_et_gb_content_width":"","_monsterinsights_skip_tracking":false,"_monsterinsights_sitenote_active":false,"_monsterinsights_sitenote_note":"","_monsterinsights_sitenote_category":0},"yoast_head":"<!-- This site is optimized with the Yoast SEO plugin v17.5 - https:\/\/yoast.com\/wordpress\/plugins\/seo\/ -->\n<title>Bolmens fiskestipendium - Bolmens fiskev\u00e5rdsomr\u00e5desf\u00f6rening<\/title>\n<meta name=\"robots\" content=\"index, follow, max-snippet:-1, max-image-preview:large, max-video-preview:-1\" \/>\n<link rel=\"canonical\" href=\"https:\/\/bolmensweden.com\/de\/bolmens-fiskestipendium\/\" \/>\n<meta property=\"og:locale\" content=\"de_DE\" \/>\n<meta property=\"og:type\" content=\"article\" \/>\n<meta property=\"og:title\" content=\"Bolmens fiskestipendium - Bolmens fiskev\u00e5rdsomr\u00e5desf\u00f6rening\" \/>\n<meta property=\"og:description\" content=\"Bolmens fiskestipendium Styrelsen f\u00f6r Bolmens fiskev\u00e5rsomr\u00e5desf\u00f6rening har 2006 beslutat att instifta Bolmens fiskestipendium. \u00c5rlig utdelning Genom att \u00e5rligen dela ut en summa av h\u00f6gst 5 000 kronor vill f\u00f6reningen fr\u00e4mja intresset f\u00f6r studier, forskning och utbildning som r\u00f6r fisk och fiske och d\u00e4rmed sammanh\u00e4ngande milj\u00f6fr\u00e5gor. Summan kan f\u00f6rdelas p\u00e5 flera mottagare. Stipendiet kan tilldelas enskilda [&hellip;]\" \/>\n<meta property=\"og:url\" content=\"https:\/\/bolmensweden.com\/de\/bolmens-fiskestipendium\/\" \/>\n<meta property=\"og:site_name\" content=\"Bolmens fiskev\u00e5rdsomr\u00e5desf\u00f6rening\" \/>\n<meta property=\"article:modified_time\" content=\"2021-11-03T08:10:44+00:00\" \/>\n<meta name=\"twitter:card\" content=\"summary_large_image\" \/>\n<meta name=\"twitter:label1\" content=\"Gesch\u00e4tzte Lesezeit\" \/>\n\t<meta name=\"twitter:data1\" content=\"3\u00a0Minuten\" \/>\n<script type=\"application\/ld+json\" class=\"yoast-schema-graph\">{\"@context\":\"https:\/\/schema.org\",\"@graph\":[{\"@type\":\"WebSite\",\"@id\":\"https:\/\/bolmensweden.com\/de\/#website\",\"url\":\"https:\/\/bolmensweden.com\/de\/\",\"name\":\"Bolmens fiskev\\u00e5rdsomr\\u00e5desf\\u00f6rening\",\"description\":\"Fiske f\\u00f6r hela familjen\",\"potentialAction\":[{\"@type\":\"SearchAction\",\"target\":{\"@type\":\"EntryPoint\",\"urlTemplate\":\"https:\/\/bolmensweden.com\/de\/?s={search_term_string}\"},\"query-input\":\"required name=search_term_string\"}],\"inLanguage\":\"de\"},{\"@type\":\"WebPage\",\"@id\":\"https:\/\/bolmensweden.com\/de\/bolmens-fiskestipendium\/#webpage\",\"url\":\"https:\/\/bolmensweden.com\/de\/bolmens-fiskestipendium\/\",\"name\":\"Bolmens fiskestipendium - Bolmens fiskev\\u00e5rdsomr\\u00e5desf\\u00f6rening\",\"isPartOf\":{\"@id\":\"https:\/\/bolmensweden.com\/de\/#website\"},\"datePublished\":\"2021-01-20T09:21:45+00:00\",\"dateModified\":\"2021-11-03T08:10:44+00:00\",\"breadcrumb\":{\"@id\":\"https:\/\/bolmensweden.com\/de\/bolmens-fiskestipendium\/#breadcrumb\"},\"inLanguage\":\"de\",\"potentialAction\":[{\"@type\":\"ReadAction\",\"target\":[\"https:\/\/bolmensweden.com\/de\/bolmens-fiskestipendium\/\"]}]},{\"@type\":\"BreadcrumbList\",\"@id\":\"https:\/\/bolmensweden.com\/de\/bolmens-fiskestipendium\/#breadcrumb\",\"itemListElement\":[{\"@type\":\"ListItem\",\"position\":1,\"name\":\"Hem\",\"item\":\"https:\/\/bolmensweden.com\/de\/\"},{\"@type\":\"ListItem\",\"position\":2,\"name\":\"Bolmens fiskestipendium\"}]}]}<\/script>\n<!-- \/ Yoast SEO plugin. -->","yoast_head_json":{"title":"Bolmens fiskestipendium - Bolmens fiskev\u00e5rdsomr\u00e5desf\u00f6rening","robots":{"index":"index","follow":"follow","max-snippet":"max-snippet:-1","max-image-preview":"max-image-preview:large","max-video-preview":"max-video-preview:-1"},"canonical":"https:\/\/bolmensweden.com\/de\/bolmens-fiskestipendium\/","og_locale":"de_DE","og_type":"article","og_title":"Bolmens fiskestipendium - Bolmens fiskev\u00e5rdsomr\u00e5desf\u00f6rening","og_description":"Bolmens fiskestipendium Styrelsen f\u00f6r Bolmens fiskev\u00e5rsomr\u00e5desf\u00f6rening har 2006 beslutat att instifta Bolmens fiskestipendium. \u00c5rlig utdelning Genom att \u00e5rligen dela ut en summa av h\u00f6gst 5 000 kronor vill f\u00f6reningen fr\u00e4mja intresset f\u00f6r studier, forskning och utbildning som r\u00f6r fisk och fiske och d\u00e4rmed sammanh\u00e4ngande milj\u00f6fr\u00e5gor. Summan kan f\u00f6rdelas p\u00e5 flera mottagare. Stipendiet kan tilldelas enskilda [&hellip;]","og_url":"https:\/\/bolmensweden.com\/de\/bolmens-fiskestipendium\/","og_site_name":"Bolmens fiskev\u00e5rdsomr\u00e5desf\u00f6rening","article_modified_time":"2021-11-03T08:10:44+00:00","twitter_card":"summary_large_image","twitter_misc":{"Gesch\u00e4tzte Lesezeit":"3\u00a0Minuten"},"schema":{"@context":"https:\/\/schema.org","@graph":[{"@type":"WebSite","@id":"https:\/\/bolmensweden.com\/de\/#website","url":"https:\/\/bolmensweden.com\/de\/","name":"Bolmens fiskev\u00e5rdsomr\u00e5desf\u00f6rening","description":"Fiske f\u00f6r hela familjen","potentialAction":[{"@type":"SearchAction","target":{"@type":"EntryPoint","urlTemplate":"https:\/\/bolmensweden.com\/de\/?s={search_term_string}"},"query-input":"required name=search_term_string"}],"inLanguage":"de"},{"@type":"WebPage","@id":"https:\/\/bolmensweden.com\/de\/bolmens-fiskestipendium\/#webpage","url":"https:\/\/bolmensweden.com\/de\/bolmens-fiskestipendium\/","name":"Bolmens fiskestipendium - Bolmens fiskev\u00e5rdsomr\u00e5desf\u00f6rening","isPartOf":{"@id":"https:\/\/bolmensweden.com\/de\/#website"},"datePublished":"2021-01-20T09:21:45+00:00","dateModified":"2021-11-03T08:10:44+00:00","breadcrumb":{"@id":"https:\/\/bolmensweden.com\/de\/bolmens-fiskestipendium\/#breadcrumb"},"inLanguage":"de","potentialAction":[{"@type":"ReadAction","target":["https:\/\/bolmensweden.com\/de\/bolmens-fiskestipendium\/"]}]},{"@type":"BreadcrumbList","@id":"https:\/\/bolmensweden.com\/de\/bolmens-fiskestipendium\/#breadcrumb","itemListElement":[{"@type":"ListItem","position":1,"name":"Hem","item":"https:\/\/bolmensweden.com\/de\/"},{"@type":"ListItem","position":2,"name":"Bolmens fiskestipendium"}]}]}},"_links":{"self":[{"href":"https:\/\/bolmensweden.com\/de\/wp-json\/wp\/v2\/pages\/622"}],"collection":[{"href":"https:\/\/bolmensweden.com\/de\/wp-json\/wp\/v2\/pages"}],"about":[{"href":"https:\/\/bolmensweden.com\/de\/wp-json\/wp\/v2\/types\/page"}],"author":[{"embeddable":true,"href":"https:\/\/bolmensweden.com\/de\/wp-json\/wp\/v2\/users\/1"}],"replies":[{"embeddable":true,"href":"https:\/\/bolmensweden.com\/de\/wp-json\/wp\/v2\/comments?post=622"}],"version-history":[{"count":8,"href":"https:\/\/bolmensweden.com\/de\/wp-json\/wp\/v2\/pages\/622\/revisions"}],"predecessor-version":[{"id":1180,"href":"https:\/\/bolmensweden.com\/de\/wp-json\/wp\/v2\/pages\/622\/revisions\/1180"}],"wp:attachment":[{"href":"https:\/\/bolmensweden.com\/de\/wp-json\/wp\/v2\/media?parent=622"}],"curies":[{"name":"wp","href":"https:\/\/api.w.org\/{rel}","templated":true}]}}