{"id":840,"date":"2021-03-08T17:49:39","date_gmt":"2021-03-08T16:49:39","guid":{"rendered":"https:\/\/bolmensweden.com\/?page_id=840"},"modified":"2024-04-22T15:29:38","modified_gmt":"2024-04-22T13:29:38","slug":"styrelsen","status":"publish","type":"page","link":"https:\/\/bolmensweden.com\/de\/styrelsen\/","title":{"rendered":"Der Vorstand"},"content":{"rendered":"<p>[et_pb_section fb_built=&#8221;1&#8243; _builder_version=&#8221;4.16&#8243; _module_preset=&#8221;default&#8221; background_color=&#8221;rgba(0,0,0,0)&#8221; global_colors_info=&#8221;{}&#8221;][et_pb_row _builder_version=&#8221;4.16&#8243; _module_preset=&#8221;default&#8221; custom_margin=&#8221;29px|auto||auto||&#8221; custom_padding=&#8221;||4px|||&#8221; global_colors_info=&#8221;{}&#8221;][et_pb_column type=&#8221;4_4&#8243; _builder_version=&#8221;4.16&#8243; _module_preset=&#8221;default&#8221; global_colors_info=&#8221;{}&#8221;][et_pb_text _builder_version=&#8221;4.16&#8243; _module_preset=&#8221;default&#8221; custom_padding=&#8221;||2px|||&#8221; global_colors_info=&#8221;{}&#8221;]<\/p>\n<h1>Der Vorstand<\/h1>\n<p><strong><br \/>\nE-post: <a href=\"mailto:kontakt@bolmensweden.com\">kontakt@bolmensweden.com<\/a><\/strong>[\/et_pb_text][\/et_pb_column][\/et_pb_row][\/et_pb_section][et_pb_section fb_built=&#8221;1&#8243; specialty=&#8221;on&#8221; _builder_version=&#8221;4.16&#8243; _module_preset=&#8221;default&#8221; background_color=&#8221;rgba(0,0,0,0)&#8221; global_colors_info=&#8221;{}&#8221;][et_pb_column type=&#8221;2_3&#8243; specialty_columns=&#8221;2&#8243; _builder_version=&#8221;4.16&#8243; custom_padding=&#8221;|||&#8221; global_colors_info=&#8221;{}&#8221; custom_padding__hover=&#8221;|||&#8221;][et_pb_row_inner column_structure=&#8221;1_2,1_2&#8243; use_custom_gutter=&#8221;on&#8221; gutter_width=&#8221;2&#8243; _builder_version=&#8221;4.16&#8243; _module_preset=&#8221;default&#8221; custom_padding=&#8221;5px|||||&#8221; global_colors_info=&#8221;{}&#8221;][et_pb_column_inner type=&#8221;1_2&#8243; saved_specialty_column_type=&#8221;2_3&#8243; _builder_version=&#8221;4.16&#8243; _module_preset=&#8221;default&#8221; global_colors_info=&#8221;{}&#8221;][et_pb_text _builder_version=&#8221;4.16&#8243; _module_preset=&#8221;default&#8221; global_colors_info=&#8221;{}&#8221;]<strong>Ordf\u00f6rande<br \/>\n<\/strong>Mats Ingemarsson (kommunrepresentant)<br \/>\nTel: <a href=\"tel:070-5594028\">070-5594028<\/a><br \/>\n<a href=\"mailto:matsilund@bolmso.se\">matsilund@bolmso.se<\/a>[\/et_pb_text][et_pb_text _builder_version=&#8221;4.16&#8243; _module_preset=&#8221;default&#8221; global_colors_info=&#8221;{}&#8221;]<strong>Vice ordf\u00f6rande<span style=\"color: #00ccff;\"><br \/>\n<\/span><\/strong>John-Erik Svensson (omr\u00e5de 1)<br \/>\nTel: <a href=\"tel:076-7848577\">076-7848577<\/a><br \/>\n<a href=\"mailto:storjonte@gmail.com\">storjonte@gmail.com<\/a>[\/et_pb_text][et_pb_text _builder_version=&#8221;4.16&#8243; _module_preset=&#8221;default&#8221; global_colors_info=&#8221;{}&#8221;]<strong>Sekreterare<\/strong><strong><span style=\"color: #cc0000;\"><br \/>\n<\/span><\/strong><span style=\"color: #000000;\">David Salomonsson (omr\u00e5de 4)<br \/>\nTel: <a href=\"tel:070-2738646\">070-2738646<\/a><br \/>\n<a href=\"mailto:davidsalomonsson100@gmail.com\">davidsalomonsson100@gmail.com<\/a><\/span>[\/et_pb_text][et_pb_text _builder_version=&#8221;4.16&#8243; _module_preset=&#8221;default&#8221; global_colors_info=&#8221;{}&#8221;]<strong>Kass\u00f6r<\/strong><br \/>\nBodil Ramshammar (omr\u00e5de 3)<br \/>\nTel: <a href=\"tel:070-3705876\">070-3705876<\/a><br \/>\n<a href=\"mailto:bodilramshammar@gmail.com\">bodilramshammar@gmail.com<\/a>[\/et_pb_text][et_pb_text _builder_version=&#8221;4.16&#8243; _module_preset=&#8221;default&#8221; global_colors_info=&#8221;{}&#8221;]<strong>Ledamot<\/strong><br \/>\nLeif Bjurka (omr\u00e5de 2)<br \/>\nTel: <a href=\"tel:070-5301313\">070-5301313<\/a><br \/>\n<a href=\"mailto:leif.bjurka@gmail.com\">leif.bjurka@gmail.com<\/a>[\/et_pb_text][et_pb_text _builder_version=&#8221;4.16&#8243; _module_preset=&#8221;default&#8221; global_colors_info=&#8221;{}&#8221;]<strong>Ledamot<\/strong><br \/>\nLennart Karlsson (omr\u00e5de 5)<br \/>\nTel: <a href=\"tel:070-6908679\">070-6908679<\/a><br \/>\n<a href=\"mailto:lennartkarlsson55@hotmail.com\">lennartkarlsson55@hotmail.com<\/a>[\/et_pb_text][et_pb_text _builder_version=&#8221;4.16&#8243; _module_preset=&#8221;default&#8221; global_colors_info=&#8221;{}&#8221;]<strong>Ledamot<\/strong><br \/>\nNils Ekwall (yrkesfiskare)<br \/>\nTel: <a href=\"tel:070-6664019\">070-6664019<\/a><br \/>\n<a href=\"mailto:nisse@tiraholm.se\">nisse@tiraholm.se<\/a>[\/et_pb_text][\/et_pb_column_inner][et_pb_column_inner type=&#8221;1_2&#8243; saved_specialty_column_type=&#8221;2_3&#8243; _builder_version=&#8221;4.16&#8243; _module_preset=&#8221;default&#8221; global_colors_info=&#8221;{}&#8221;][et_pb_text _builder_version=&#8221;4.16&#8243; _module_preset=&#8221;default&#8221; global_colors_info=&#8221;{}&#8221;]<strong>Ers\u00e4ttare<\/strong><br \/>\nH\u00e5kan Johansson (kommunrepresentant)<br \/>\nTel: <a href=\"tel:070-8190960\">070-8190960<\/a><br \/>\n<a href=\"mailto:hakan.johansson@politiker.varnamo.se\">hakan.johansson@politiker.varnamo.se<\/a>[\/et_pb_text][et_pb_text _builder_version=&#8221;4.16&#8243; _module_preset=&#8221;default&#8221; text_line_height=&#8221;1.5em&#8221; global_colors_info=&#8221;{}&#8221;]<strong>Ers\u00e4ttare<\/strong><br \/>\nJonathan Uvebrant (omr\u00e5de 1)<br \/>\nTel: <a href=\"tel:076-8359323\">076-8359323<\/a><br \/>\n<a href=\"mailto:jonathan.uvebrant@gmail.com\">jonathan.uvebrant@gmail.com<\/a>[\/et_pb_text][et_pb_text _builder_version=&#8221;4.16&#8243; _module_preset=&#8221;default&#8221; global_colors_info=&#8221;{}&#8221;]<strong>Ers\u00e4ttare <\/strong><br \/>\nMikael Lejon (omr\u00e5de 4)<br \/>\n<a href=\"tel:070-2713056\">Tel: 070-2713056<\/a><br \/>\n<a href=\"mailto:solbacken.5@telia.com\" target=\"_blank\" rel=\"noopener\">solbacken.5@telia.com<\/a>[\/et_pb_text][et_pb_text _builder_version=&#8221;4.16&#8243; _module_preset=&#8221;default&#8221; global_colors_info=&#8221;{}&#8221;]<\/p>\n<p><strong>Ers\u00e4ttare<\/strong><br \/>Joakim S\u00e5lebo (omr\u00e5de 3)<br \/>Tel: <a href=\"tel:072-5540006\">070-6941360 joakim.salebo@konceptor.se<\/a><\/p>\n<p>&nbsp;<\/p>\n<p>[\/et_pb_text][et_pb_text _builder_version=&#8221;4.16&#8243; _module_preset=&#8221;default&#8221; global_colors_info=&#8221;{}&#8221;]<strong>Ers\u00e4ttare<\/strong><br \/>\nPatrik L\u00f6\u00f6w (omr\u00e5de 2)<br \/>\nTel: <a href=\"tel:073-4220022\">073-4220022<\/a><br \/>\n<a title=\"patrik.loow@smefast.se\" href=\"mailto:patrik.loow@smefast.se\"><span style=\"text-decoration: underline; color: #000000;\">patrik.loow@smefast.se<\/span><\/a>[\/et_pb_text][et_pb_text _builder_version=&#8221;4.16&#8243; _module_preset=&#8221;default&#8221; global_colors_info=&#8221;{}&#8221;]<strong>Ers\u00e4ttare<\/strong><br \/>\nPer-Anders Greek (omr\u00e5de 5)<br \/>\nTel: <a href=\"tel:070-8105190\">070-8105190<\/a><br \/>\n<a href=\"mailto:per-anders64@hotmail.com\"><span style=\"text-decoration: underline; color: #000000;\">per-anders64@hotmail.se<\/span><\/a>[\/et_pb_text][et_pb_text _builder_version=&#8221;4.16&#8243; _module_preset=&#8221;default&#8221; global_colors_info=&#8221;{}&#8221;]<strong>Ers\u00e4ttare<\/strong><br \/>\nJan Karlsson (yrkesfiskare)<br \/>\nTel: <a href=\"tel:070-3510029\">070-3510029<\/a><br \/>\n<a href=\"mailto:bolmenfisk@live.se\"><span style=\"text-decoration: underline; color: #000000;\">bolmenfisk@live.se<\/span><\/a>[\/et_pb_text][\/et_pb_column_inner][\/et_pb_row_inner][\/et_pb_column][et_pb_column type=&#8221;1_3&#8243; _builder_version=&#8221;4.16&#8243; custom_padding=&#8221;|||&#8221; global_colors_info=&#8221;{}&#8221; custom_padding__hover=&#8221;|||&#8221;][et_pb_image src=&#8221;https:\/\/bolmensweden.com\/wp-content\/uploads\/2021\/03\/klubba-styrelse.jpg&#8221; title_text=&#8221;klubba-styrelse&#8221; show_bottom_space=&#8221;off&#8221; align=&#8221;right&#8221; _builder_version=&#8221;4.16&#8243; _module_preset=&#8221;default&#8221; width=&#8221;120.6%&#8221; custom_margin=&#8221;|||-43px||&#8221; custom_margin_tablet=&#8221;|||0px|false|false&#8221; custom_margin_phone=&#8221;&#8221; custom_margin_last_edited=&#8221;on|phone&#8221; custom_padding=&#8221;|2px||||&#8221; global_colors_info=&#8221;{}&#8221;][\/et_pb_image][\/et_pb_column][\/et_pb_section]<\/p>","protected":false},"excerpt":{"rendered":"<p>Styrelsen E-post: kontakt@bolmensweden.comOrdf\u00f6rande Mats Ingemarsson (kommunrepresentant) Tel: 070-5594028 matsilund@bolmso.seVice ordf\u00f6rande John-Erik Svensson (omr\u00e5de 1) Tel: 076-7848577 storjonte@gmail.comSekreterare David Salomonsson (omr\u00e5de 4) Tel: 070-2738646 davidsalomonsson100@gmail.comKass\u00f6r Bodil Ramshammar (omr\u00e5de 3) Tel: 070-3705876 bodilramshammar@gmail.comLedamot Leif Bjurka (omr\u00e5de 2) Tel: 070-5301313 leif.bjurka@gmail.comLedamot Lennart Karlsson (omr\u00e5de 5) Tel: 070-6908679 lennartkarlsson55@hotmail.comLedamot Nils Ekwall (yrkesfiskare) Tel: 070-6664019 nisse@tiraholm.seErs\u00e4ttare H\u00e5kan Johansson (kommunrepresentant) Tel: [&hellip;]<\/p>","protected":false},"author":2,"featured_media":0,"parent":0,"menu_order":0,"comment_status":"closed","ping_status":"closed","template":"","meta":{"_et_pb_use_builder":"on","_et_pb_old_content":"","_et_gb_content_width":"","_monsterinsights_skip_tracking":false,"_monsterinsights_sitenote_active":false,"_monsterinsights_sitenote_note":"","_monsterinsights_sitenote_category":0},"yoast_head":"<!-- This site is optimized with the Yoast SEO plugin v17.5 - https:\/\/yoast.com\/wordpress\/plugins\/seo\/ -->\n<title>Styrelsen - Bolmens fiskev\u00e5rdsomr\u00e5desf\u00f6rening<\/title>\n<meta name=\"robots\" content=\"index, follow, max-snippet:-1, max-image-preview:large, max-video-preview:-1\" \/>\n<link rel=\"canonical\" href=\"https:\/\/bolmensweden.com\/de\/styrelsen\/\" \/>\n<meta property=\"og:locale\" content=\"de_DE\" \/>\n<meta property=\"og:type\" content=\"article\" \/>\n<meta property=\"og:title\" content=\"Styrelsen - Bolmens fiskev\u00e5rdsomr\u00e5desf\u00f6rening\" \/>\n<meta property=\"og:description\" content=\"Styrelsen E-post: kontakt@bolmensweden.comOrdf\u00f6rande Mats Ingemarsson (kommunrepresentant) Tel: 070-5594028 matsilund@bolmso.seVice ordf\u00f6rande John-Erik Svensson (omr\u00e5de 1) Tel: 076-7848577 storjonte@gmail.comSekreterare David Salomonsson (omr\u00e5de 4) Tel: 070-2738646 davidsalomonsson100@gmail.comKass\u00f6r Bodil Ramshammar (omr\u00e5de 3) Tel: 070-3705876 bodilramshammar@gmail.comLedamot Leif Bjurka (omr\u00e5de 2) Tel: 070-5301313 leif.bjurka@gmail.comLedamot Lennart Karlsson (omr\u00e5de 5) Tel: 070-6908679 lennartkarlsson55@hotmail.comLedamot Nils Ekwall (yrkesfiskare) Tel: 070-6664019 nisse@tiraholm.seErs\u00e4ttare H\u00e5kan Johansson (kommunrepresentant) Tel: [&hellip;]\" \/>\n<meta property=\"og:url\" content=\"https:\/\/bolmensweden.com\/de\/styrelsen\/\" \/>\n<meta property=\"og:site_name\" content=\"Bolmens fiskev\u00e5rdsomr\u00e5desf\u00f6rening\" \/>\n<meta property=\"article:modified_time\" content=\"2024-04-22T13:29:38+00:00\" \/>\n<meta name=\"twitter:card\" content=\"summary_large_image\" \/>\n<meta name=\"twitter:label1\" content=\"Gesch\u00e4tzte Lesezeit\" \/>\n\t<meta name=\"twitter:data1\" content=\"2\u00a0Minuten\" \/>\n<script type=\"application\/ld+json\" class=\"yoast-schema-graph\">{\"@context\":\"https:\/\/schema.org\",\"@graph\":[{\"@type\":\"WebSite\",\"@id\":\"https:\/\/bolmensweden.com\/de\/#website\",\"url\":\"https:\/\/bolmensweden.com\/de\/\",\"name\":\"Bolmens fiskev\\u00e5rdsomr\\u00e5desf\\u00f6rening\",\"description\":\"Fiske f\\u00f6r hela familjen\",\"potentialAction\":[{\"@type\":\"SearchAction\",\"target\":{\"@type\":\"EntryPoint\",\"urlTemplate\":\"https:\/\/bolmensweden.com\/de\/?s={search_term_string}\"},\"query-input\":\"required name=search_term_string\"}],\"inLanguage\":\"de\"},{\"@type\":\"WebPage\",\"@id\":\"https:\/\/bolmensweden.com\/de\/styrelsen\/#webpage\",\"url\":\"https:\/\/bolmensweden.com\/de\/styrelsen\/\",\"name\":\"Styrelsen - Bolmens fiskev\\u00e5rdsomr\\u00e5desf\\u00f6rening\",\"isPartOf\":{\"@id\":\"https:\/\/bolmensweden.com\/de\/#website\"},\"datePublished\":\"2021-03-08T16:49:39+00:00\",\"dateModified\":\"2024-04-22T13:29:38+00:00\",\"breadcrumb\":{\"@id\":\"https:\/\/bolmensweden.com\/de\/styrelsen\/#breadcrumb\"},\"inLanguage\":\"de\",\"potentialAction\":[{\"@type\":\"ReadAction\",\"target\":[\"https:\/\/bolmensweden.com\/de\/styrelsen\/\"]}]},{\"@type\":\"BreadcrumbList\",\"@id\":\"https:\/\/bolmensweden.com\/de\/styrelsen\/#breadcrumb\",\"itemListElement\":[{\"@type\":\"ListItem\",\"position\":1,\"name\":\"Hem\",\"item\":\"https:\/\/bolmensweden.com\/de\/\"},{\"@type\":\"ListItem\",\"position\":2,\"name\":\"Styrelsen\"}]}]}<\/script>\n<!-- \/ Yoast SEO plugin. -->","yoast_head_json":{"title":"Styrelsen - Bolmens fiskev\u00e5rdsomr\u00e5desf\u00f6rening","robots":{"index":"index","follow":"follow","max-snippet":"max-snippet:-1","max-image-preview":"max-image-preview:large","max-video-preview":"max-video-preview:-1"},"canonical":"https:\/\/bolmensweden.com\/de\/styrelsen\/","og_locale":"de_DE","og_type":"article","og_title":"Styrelsen - Bolmens fiskev\u00e5rdsomr\u00e5desf\u00f6rening","og_description":"Styrelsen E-post: kontakt@bolmensweden.comOrdf\u00f6rande Mats Ingemarsson (kommunrepresentant) Tel: 070-5594028 matsilund@bolmso.seVice ordf\u00f6rande John-Erik Svensson (omr\u00e5de 1) Tel: 076-7848577 storjonte@gmail.comSekreterare David Salomonsson (omr\u00e5de 4) Tel: 070-2738646 davidsalomonsson100@gmail.comKass\u00f6r Bodil Ramshammar (omr\u00e5de 3) Tel: 070-3705876 bodilramshammar@gmail.comLedamot Leif Bjurka (omr\u00e5de 2) Tel: 070-5301313 leif.bjurka@gmail.comLedamot Lennart Karlsson (omr\u00e5de 5) Tel: 070-6908679 lennartkarlsson55@hotmail.comLedamot Nils Ekwall (yrkesfiskare) Tel: 070-6664019 nisse@tiraholm.seErs\u00e4ttare H\u00e5kan Johansson (kommunrepresentant) Tel: [&hellip;]","og_url":"https:\/\/bolmensweden.com\/de\/styrelsen\/","og_site_name":"Bolmens fiskev\u00e5rdsomr\u00e5desf\u00f6rening","article_modified_time":"2024-04-22T13:29:38+00:00","twitter_card":"summary_large_image","twitter_misc":{"Gesch\u00e4tzte Lesezeit":"2\u00a0Minuten"},"schema":{"@context":"https:\/\/schema.org","@graph":[{"@type":"WebSite","@id":"https:\/\/bolmensweden.com\/de\/#website","url":"https:\/\/bolmensweden.com\/de\/","name":"Bolmens fiskev\u00e5rdsomr\u00e5desf\u00f6rening","description":"Fiske f\u00f6r hela familjen","potentialAction":[{"@type":"SearchAction","target":{"@type":"EntryPoint","urlTemplate":"https:\/\/bolmensweden.com\/de\/?s={search_term_string}"},"query-input":"required name=search_term_string"}],"inLanguage":"de"},{"@type":"WebPage","@id":"https:\/\/bolmensweden.com\/de\/styrelsen\/#webpage","url":"https:\/\/bolmensweden.com\/de\/styrelsen\/","name":"Styrelsen - Bolmens fiskev\u00e5rdsomr\u00e5desf\u00f6rening","isPartOf":{"@id":"https:\/\/bolmensweden.com\/de\/#website"},"datePublished":"2021-03-08T16:49:39+00:00","dateModified":"2024-04-22T13:29:38+00:00","breadcrumb":{"@id":"https:\/\/bolmensweden.com\/de\/styrelsen\/#breadcrumb"},"inLanguage":"de","potentialAction":[{"@type":"ReadAction","target":["https:\/\/bolmensweden.com\/de\/styrelsen\/"]}]},{"@type":"BreadcrumbList","@id":"https:\/\/bolmensweden.com\/de\/styrelsen\/#breadcrumb","itemListElement":[{"@type":"ListItem","position":1,"name":"Hem","item":"https:\/\/bolmensweden.com\/de\/"},{"@type":"ListItem","position":2,"name":"Styrelsen"}]}]}},"_links":{"self":[{"href":"https:\/\/bolmensweden.com\/de\/wp-json\/wp\/v2\/pages\/840"}],"collection":[{"href":"https:\/\/bolmensweden.com\/de\/wp-json\/wp\/v2\/pages"}],"about":[{"href":"https:\/\/bolmensweden.com\/de\/wp-json\/wp\/v2\/types\/page"}],"author":[{"embeddable":true,"href":"https:\/\/bolmensweden.com\/de\/wp-json\/wp\/v2\/users\/2"}],"replies":[{"embeddable":true,"href":"https:\/\/bolmensweden.com\/de\/wp-json\/wp\/v2\/comments?post=840"}],"version-history":[{"count":34,"href":"https:\/\/bolmensweden.com\/de\/wp-json\/wp\/v2\/pages\/840\/revisions"}],"predecessor-version":[{"id":1508,"href":"https:\/\/bolmensweden.com\/de\/wp-json\/wp\/v2\/pages\/840\/revisions\/1508"}],"wp:attachment":[{"href":"https:\/\/bolmensweden.com\/de\/wp-json\/wp\/v2\/media?parent=840"}],"curies":[{"name":"wp","href":"https:\/\/api.w.org\/{rel}","templated":true}]}}