{"id":1288,"date":"2022-05-09T09:06:14","date_gmt":"2022-05-09T07:06:14","guid":{"rendered":"https:\/\/bolmensweden.com\/?page_id=1288"},"modified":"2022-05-09T09:06:15","modified_gmt":"2022-05-09T07:06:15","slug":"inloggad-sida","status":"publish","type":"page","link":"https:\/\/bolmensweden.com\/en\/inloggad-sida\/","title":{"rendered":"Inloggad sida"},"content":{"rendered":"","protected":true},"excerpt":{"rendered":"","protected":true},"author":1,"featured_media":0,"parent":0,"menu_order":0,"comment_status":"closed","ping_status":"closed","template":"","meta":{"_et_pb_use_builder":"on","_et_pb_old_content":"","_et_gb_content_width":"","_monsterinsights_skip_tracking":false,"_monsterinsights_sitenote_active":false,"_monsterinsights_sitenote_note":"","_monsterinsights_sitenote_category":0},"yoast_head":"<!-- This site is optimized with the Yoast SEO plugin v17.5 - https:\/\/yoast.com\/wordpress\/plugins\/seo\/ -->\n<title>Inloggad sida - Bolmens fiskev\u00e5rdsomr\u00e5desf\u00f6rening<\/title>\n<meta name=\"robots\" content=\"index, follow, max-snippet:-1, max-image-preview:large, max-video-preview:-1\" \/>\n<link rel=\"canonical\" href=\"https:\/\/bolmensweden.com\/en\/inloggad-sida\/\" \/>\n<meta property=\"og:locale\" content=\"en_GB\" \/>\n<meta property=\"og:type\" content=\"article\" \/>\n<meta property=\"og:title\" content=\"Inloggad sida - Bolmens fiskev\u00e5rdsomr\u00e5desf\u00f6rening\" \/>\n<meta property=\"og:description\" content=\"There is no excerpt because this is a protected post.\" \/>\n<meta property=\"og:url\" content=\"https:\/\/bolmensweden.com\/en\/inloggad-sida\/\" \/>\n<meta property=\"og:site_name\" content=\"Bolmens fiskev\u00e5rdsomr\u00e5desf\u00f6rening\" \/>\n<meta property=\"article:modified_time\" content=\"2022-05-09T07:06:15+00:00\" \/>\n<meta name=\"twitter:card\" content=\"summary_large_image\" \/>\n<script type=\"application\/ld+json\" class=\"yoast-schema-graph\">{\"@context\":\"https:\/\/schema.org\",\"@graph\":[{\"@type\":\"WebSite\",\"@id\":\"https:\/\/bolmensweden.com\/en\/#website\",\"url\":\"https:\/\/bolmensweden.com\/en\/\",\"name\":\"Bolmens fiskev\\u00e5rdsomr\\u00e5desf\\u00f6rening\",\"description\":\"Fiske f\\u00f6r hela familjen\",\"potentialAction\":[{\"@type\":\"SearchAction\",\"target\":{\"@type\":\"EntryPoint\",\"urlTemplate\":\"https:\/\/bolmensweden.com\/en\/?s={search_term_string}\"},\"query-input\":\"required name=search_term_string\"}],\"inLanguage\":\"en-GB\"},{\"@type\":\"WebPage\",\"@id\":\"https:\/\/bolmensweden.com\/en\/inloggad-sida\/#webpage\",\"url\":\"https:\/\/bolmensweden.com\/en\/inloggad-sida\/\",\"name\":\"Inloggad sida - Bolmens fiskev\\u00e5rdsomr\\u00e5desf\\u00f6rening\",\"isPartOf\":{\"@id\":\"https:\/\/bolmensweden.com\/en\/#website\"},\"datePublished\":\"2022-05-09T07:06:14+00:00\",\"dateModified\":\"2022-05-09T07:06:15+00:00\",\"breadcrumb\":{\"@id\":\"https:\/\/bolmensweden.com\/en\/inloggad-sida\/#breadcrumb\"},\"inLanguage\":\"en-GB\"}]}<\/script>\n<!-- \/ Yoast SEO plugin. -->","yoast_head_json":{"title":"Inloggad sida - Bolmens fiskev\u00e5rdsomr\u00e5desf\u00f6rening","robots":{"index":"index","follow":"follow","max-snippet":"max-snippet:-1","max-image-preview":"max-image-preview:large","max-video-preview":"max-video-preview:-1"},"canonical":"https:\/\/bolmensweden.com\/en\/inloggad-sida\/","og_locale":"en_GB","og_type":"article","og_title":"Inloggad sida - Bolmens fiskev\u00e5rdsomr\u00e5desf\u00f6rening","og_description":"There is no excerpt because this is a protected post.","og_url":"https:\/\/bolmensweden.com\/en\/inloggad-sida\/","og_site_name":"Bolmens fiskev\u00e5rdsomr\u00e5desf\u00f6rening","article_modified_time":"2022-05-09T07:06:15+00:00","twitter_card":"summary_large_image","schema":{"@context":"https:\/\/schema.org","@graph":[{"@type":"WebSite","@id":"https:\/\/bolmensweden.com\/en\/#website","url":"https:\/\/bolmensweden.com\/en\/","name":"Bolmens fiskev\u00e5rdsomr\u00e5desf\u00f6rening","description":"Fiske f\u00f6r hela familjen","potentialAction":[{"@type":"SearchAction","target":{"@type":"EntryPoint","urlTemplate":"https:\/\/bolmensweden.com\/en\/?s={search_term_string}"},"query-input":"required name=search_term_string"}],"inLanguage":"en-GB"},{"@type":"WebPage","@id":"https:\/\/bolmensweden.com\/en\/inloggad-sida\/#webpage","url":"https:\/\/bolmensweden.com\/en\/inloggad-sida\/","name":"Inloggad sida - Bolmens fiskev\u00e5rdsomr\u00e5desf\u00f6rening","isPartOf":{"@id":"https:\/\/bolmensweden.com\/en\/#website"},"datePublished":"2022-05-09T07:06:14+00:00","dateModified":"2022-05-09T07:06:15+00:00","breadcrumb":{"@id":"https:\/\/bolmensweden.com\/en\/inloggad-sida\/#breadcrumb"},"inLanguage":"en-GB"}]}},"_links":{"self":[{"href":"https:\/\/bolmensweden.com\/en\/wp-json\/wp\/v2\/pages\/1288"}],"collection":[{"href":"https:\/\/bolmensweden.com\/en\/wp-json\/wp\/v2\/pages"}],"about":[{"href":"https:\/\/bolmensweden.com\/en\/wp-json\/wp\/v2\/types\/page"}],"author":[{"embeddable":true,"href":"https:\/\/bolmensweden.com\/en\/wp-json\/wp\/v2\/users\/1"}],"replies":[{"embeddable":true,"href":"https:\/\/bolmensweden.com\/en\/wp-json\/wp\/v2\/comments?post=1288"}],"version-history":[{"count":1,"href":"https:\/\/bolmensweden.com\/en\/wp-json\/wp\/v2\/pages\/1288\/revisions"}],"predecessor-version":[{"id":1289,"href":"https:\/\/bolmensweden.com\/en\/wp-json\/wp\/v2\/pages\/1288\/revisions\/1289"}],"wp:attachment":[{"href":"https:\/\/bolmensweden.com\/en\/wp-json\/wp\/v2\/media?parent=1288"}],"curies":[{"name":"wp","href":"https:\/\/api.w.org\/{rel}","templated":true}]}}