{"id":202,"date":"2020-11-30T15:39:02","date_gmt":"2020-11-30T14:39:02","guid":{"rendered":"https:\/\/bolmensweden.com\/?page_id=202"},"modified":"2021-11-03T09:06:09","modified_gmt":"2021-11-03T08:06:09","slug":"fisken","status":"publish","type":"page","link":"https:\/\/bolmensweden.com\/en\/fisken\/","title":{"rendered":"Fisken i Bolmen"},"content":{"rendered":"<p>[et_pb_section fb_built=&#8221;1&#8243; _builder_version=&#8221;4.7.4&#8243; _module_preset=&#8221;default&#8221; background_image=&#8221;https:\/\/bolmensweden.com\/wp-content\/uploads\/2020\/11\/G0073798-scaled.jpg&#8221; height=&#8221;350px&#8221;][\/et_pb_section][et_pb_section fb_built=&#8221;1&#8243; _builder_version=&#8221;4.7.4&#8243; _module_preset=&#8221;default&#8221; background_color=&#8221;rgba(0,0,0,0)&#8221; custom_padding=&#8221;||||false|false&#8221;][et_pb_row column_structure=&#8221;2_3,1_3&#8243; _builder_version=&#8221;4.7.4&#8243; _module_preset=&#8221;default&#8221; custom_margin=&#8221;-14px|auto||auto||&#8221; custom_padding=&#8221;40px|||||&#8221;][et_pb_column type=&#8221;2_3&#8243; _builder_version=&#8221;4.7.4&#8243; _module_preset=&#8221;default&#8221;][et_pb_text _builder_version=&#8221;4.7.4&#8243; _module_preset=&#8221;default&#8221; hover_enabled=&#8221;0&#8243; background_color=&#8221;rgba(0,0,0,0)&#8221; sticky_enabled=&#8221;0&#8243;]<\/p>\n<h1>Fisken i Bolmen<\/h1>\n<p><strong>De vanligaste fiskarterna f\u00f6r sportfiskare \u00e4r g\u00e4dda, g\u00f6s, abborre men \u00e4ven lake, \u00e5l , sutare och braxen kan f\u00e5ngas i sj\u00f6n.<\/strong><\/p>\n<p>Minimim\u00e5tt f\u00f6r \u00e5l: 75 cm<\/p>\n<p>Maximim\u00e5tt f\u00f6r g\u00f6s: 75 cm. N\u00e4r du f\u00e5r upp en f\u00f6r liten fisk s\u00e4tter du normalt tillbaka den i sj\u00f6n. F\u00f6r g\u00f6s g\u00e4ller d\u00e4remot att du f\u00e5r ta upp <strong>maximalt 10 g\u00f6sar per dag.<\/strong> Du tar upp g\u00f6sen ur sj\u00f6n och beh\u00e5ller de 10 f\u00f6rsta oavsett storlek. Detta beroende p\u00e5 d\u00e5lig \u00f6verlevnad p\u00e5 f\u00e5ngad och \u00e5terutsatt g\u00f6s.<\/p>\n<p>F\u00e5r du g\u00f6s \u00f6ver 75 cm s\u00e4tter du d\u00e4remot tillbaka den i sj\u00f6n. Om man \u00e4r varsam s\u00e5 finns m\u00f6jlighet att dessa stora fiskar \u00f6verlever om de inte f\u00e5ngats p\u00e5 f\u00f6r stort djup och om de inte trollats in f\u00f6r snabbt. Stora g\u00f6sar \u00e4r viktiga f\u00f6r reproduktionen. De l\u00e4gger stor m\u00e4ngd rom och har sannolikt bra gener.<\/p>\n<p>[\/et_pb_text][\/et_pb_column][et_pb_column type=&#8221;1_3&#8243; _builder_version=&#8221;4.7.4&#8243; _module_preset=&#8221;default&#8221; background_color=&#8221;#5B711D&#8221; custom_padding=&#8221;42px|24px|62px|24px|false|true&#8221;][et_pb_text _builder_version=&#8221;4.7.4&#8243; _module_preset=&#8221;default&#8221; text_text_color=&#8221;#ffffff&#8221; header_2_font=&#8221;|700|||||||&#8221; header_2_text_color=&#8221;#ffffff&#8221; header_2_font_size=&#8221;34px&#8221; header_2_line_height=&#8221;1.3em&#8221; background_color=&#8221;rgba(0,0,0,0)&#8221; text_orientation=&#8221;center&#8221; custom_padding=&#8221;||||true|true&#8221;]<\/p>\n<h2><strong>Fishing card requirements<\/strong><\/h2>\n<p>To be allowed to fish in Bolmen you need a fishing licence permit. This can be bought digitally or at one of our retailers and are available for a day, a week, a month or alicence permit for a whole year.<\/p>\n<p>[\/et_pb_text][et_pb_button button_url=&#8221;\/fiskekort&#8221; button_text=&#8221;K\u00f6p fiskekort&#8221; button_alignment=&#8221;center&#8221; _builder_version=&#8221;4.7.4&#8243; _module_preset=&#8221;default&#8221; custom_button=&#8221;on&#8221; button_text_size=&#8221;14px&#8221; button_bg_color=&#8221;#000000&#8243; button_border_width=&#8221;0px&#8221; button_use_icon=&#8221;off&#8221; background_layout=&#8221;dark&#8221; custom_margin=&#8221;24px||||false|false&#8221;][\/et_pb_button][\/et_pb_column][\/et_pb_row][\/et_pb_section][et_pb_section fb_built=&#8221;1&#8243; _builder_version=&#8221;4.7.4&#8243; _module_preset=&#8221;default&#8221; background_color=&#8221;rgba(0,0,0,0)&#8221; custom_padding=&#8221;48px||48px||false|false&#8221;][et_pb_row column_structure=&#8221;1_3,1_3,1_3&#8243; _builder_version=&#8221;4.7.4&#8243; _module_preset=&#8221;default&#8221; hover_enabled=&#8221;0&#8243; make_equal=&#8221;on&#8221; sticky_enabled=&#8221;0&#8243;][et_pb_column type=&#8221;1_3&#8243; _builder_version=&#8221;4.7.4&#8243; _module_preset=&#8221;default&#8221; background_color=&#8221;#ffffff&#8221; custom_padding=&#8221;30px|20px|30px|20px|true|true&#8221;][et_pb_blurb title=&#8221;Abborre&#8221; image=&#8221;https:\/\/bolmensweden.com\/wp-content\/uploads\/2020\/11\/Abborre.png&#8221; _builder_version=&#8221;4.7.4&#8243; _module_preset=&#8221;default&#8221;]<\/p>\n<p>Abborre nappar hela \u00e5ret. Den finns ofta i stora stim s\u00e5 r\u00e4kna med att flera abborrar nappar p\u00e5 samma st\u00e4lle. L\u00e4ttast \u00e4r den att f\u00e5nga morgon och kv\u00e4ll d\u00e5 den jagar sm\u00e5fisk vid ytan.<\/p>\n<p>[\/et_pb_blurb][\/et_pb_column][et_pb_column type=&#8221;1_3&#8243; _builder_version=&#8221;4.7.4&#8243; _module_preset=&#8221;default&#8221; background_color=&#8221;#ffffff&#8221; custom_padding=&#8221;3px|20px|3px|20px|true|true&#8221;][et_pb_blurb title=&#8221;G\u00e4dda&#8221; image=&#8221;https:\/\/bolmensweden.com\/wp-content\/uploads\/2020\/11\/gadda.jpg&#8221; _builder_version=&#8221;4.7.4&#8243; _module_preset=&#8221;default&#8221; custom_margin=&#8221;||18px|||&#8221;]<\/p>\n<p>G\u00e4ddan \u00e4r den verklige k\u00e4mpen. Den hugger v\u00e5ldsamt och ibland tror du att kroken sitter i botten, men det kan vara g\u00e4ddan som h\u00e5ller emot. G\u00e4ddan \u00e4r p\u00e5 jakt en till tre timmar efter soluppg\u00e5ngen och likadant vid solnedg\u00e5ngen, men nappar ibland lika bra dagtid. Minimim\u00e5ttet p\u00e5 g\u00e4dda \u00e4r 40 cm om du vill beh\u00e5lla den, annars s\u00e4tter du tillbaka den i sj\u00f6n.<\/p>\n<p>M\u00e5nga som fiskat i Bolmen vittnar om att extremt stora g\u00e4ddor lurar i vassen, Vikter p\u00e5 \u00f6ver 20 kg p\u00e5st\u00e5s ha noterats fr\u00e5n relativt s\u00e4kra k\u00e4llor&#8230;<\/p>\n<p>[\/et_pb_blurb][\/et_pb_column][et_pb_column type=&#8221;1_3&#8243; _builder_version=&#8221;4.7.4&#8243; _module_preset=&#8221;default&#8221; background_color=&#8221;#ffffff&#8221; custom_padding=&#8221;30px|20px|30px|20px|true|true&#8221;][et_pb_blurb title=&#8221;G\u00f6s&#8221; image=&#8221;https:\/\/bolmensweden.com\/wp-content\/uploads\/2020\/11\/gos-wilhelm-von-wright.jpg&#8221; _builder_version=&#8221;4.7.4&#8243; _module_preset=&#8221;default&#8221;]<\/p>\n<p>G\u00f6sen \u00e4r en sp\u00e4nnande fisk som \u00e4r en alldeles uts\u00f6kt matfisk. Den jagar liksom abborren inte ensam, utan f\u00e5ngar du en kan du f\u00e5 fler p\u00e5 samma st\u00e4lle. G\u00f6sen r\u00f6r sig mer ut p\u00e5 djupet s\u00e5 b\u00e5t rekommenderas. Ska du f\u00e5nga g\u00f6s r\u00f6r den sig vid soluppg\u00e5ng och vid solnedg\u00e5ng. Minim\u00e5tt saknas. F\u00f6r att skona best\u00e5ndet f\u00e5r de 10 f\u00f6rst f\u00e5ngade g\u00f6sarna beh\u00e5llas. D\u00e4rigenom minskas d\u00f6dligheten som uppkommer genom att m\u00e5nga g\u00f6sar f\u00e5ngas och \u00e5teruts\u00e4tts. G\u00f6sen \u00e4r k\u00e4nslig p\u00e5 grund av sin slutna simbl\u00e5sa som \u00e5samkas skada vi tryckskillnad. D\u00e4rav ocks\u00e5 f\u00f6rbudet mot g\u00f6sfiske p\u00e5 st\u00f6rre djup \u00e4n 10 m.<\/p>\n<p>[\/et_pb_blurb][\/et_pb_column][\/et_pb_row][\/et_pb_section][et_pb_section fb_built=&#8221;1&#8243; _builder_version=&#8221;4.7.4&#8243; _module_preset=&#8221;default&#8221; custom_padding=&#8221;48px||64px||false|false&#8221;][et_pb_row column_structure=&#8221;1_3,1_3,1_3&#8243; _builder_version=&#8221;4.7.4&#8243; _module_preset=&#8221;default&#8221;][et_pb_column type=&#8221;1_3&#8243; _builder_version=&#8221;4.7.4&#8243; _module_preset=&#8221;default&#8221;][et_pb_blurb title=&#8221;Mete&#8221; _builder_version=&#8221;4.7.4&#8243; _module_preset=&#8221;default&#8221;]<\/p>\n<p>S\u00e4tt bete (mask) p\u00e5 kroken. S\u00e4tt dit n\u00e5gra s\u00e4nken p\u00e5 kroken s\u00e5 att fl\u00f6tet sjunker vid minsta napp. Om du anv\u00e4nder b\u00e5t &#8211; ankra upp b\u00e5ten. Drag upp direkt n\u00e4r fl\u00f6tet sjunker och r\u00f6r sig sidledes. Forts\u00e4tt fiska p\u00e5 samma st\u00e4lle &#8211; det kanske finns fler fiskar. Du kan f\u00f6rs\u00f6ka locka abborren genom att dra fl\u00f6tet \u00e5t sidan d\u00e5 och d\u00e5. Mask kan du leta upp i l\u00f6vh\u00f6gar eller komposth\u00f6gar. Du kan ocks\u00e5 k\u00f6pa dem i fiskeredskapsbutiker.<\/p>\n<p>[\/et_pb_blurb][\/et_pb_column][et_pb_column type=&#8221;1_3&#8243; _builder_version=&#8221;4.7.4&#8243; _module_preset=&#8221;default&#8221;][et_pb_blurb title=&#8221;Spinnfiske&#8221; _builder_version=&#8221;4.7.4&#8243; _module_preset=&#8221;default&#8221;]<\/p>\n<p>Anv\u00e4nd skeddrag eller spinnare f\u00f6r grunt vatten. Vid vassar och grund finns g\u00e4ddor och abborrar p\u00e5 jakt, d\u00e4r ska du ocks\u00e5 fiska. Kasta ut draget och l\u00e5t det sjunka ner mot botten.<\/p>\n<p>Veva in spinnaren snabbt, och skeddrag och vobbler l\u00e5ngsammare och ryckvis. F\u00e5r du napp s\u00e5 forts\u00e4tt p\u00e5 samma st\u00e4lle. H\u00e4nder inget &#8211; byt plats. Skulle draget fastna s\u00e5 flytta dig s\u00e5 du kan veva in i annan riktning.<\/p>\n<p>[\/et_pb_blurb][\/et_pb_column][et_pb_column type=&#8221;1_3&#8243; _builder_version=&#8221;4.7.4&#8243; _module_preset=&#8221;default&#8221;][et_pb_image src=&#8221;https:\/\/bolmensweden.com\/wp-content\/uploads\/2020\/11\/GOPR0503-scaled.jpg&#8221; title_text=&#8221;DCIM100GOPRO&#8221; _builder_version=&#8221;4.7.4&#8243; _module_preset=&#8221;default&#8221;][\/et_pb_image][\/et_pb_column][\/et_pb_row][\/et_pb_section]<\/p>","protected":false},"excerpt":{"rendered":"<p>Fisken i Bolmen De vanligaste fiskarterna f\u00f6r sportfiskare \u00e4r g\u00e4dda, g\u00f6s, abborre men \u00e4ven lake, \u00e5l , sutare och braxen kan f\u00e5ngas i sj\u00f6n. Minimim\u00e5tt f\u00f6r \u00e5l: 75 cm Maximim\u00e5tt f\u00f6r g\u00f6s: 75 cm. N\u00e4r du f\u00e5r upp en f\u00f6r liten fisk s\u00e4tter du normalt tillbaka den i sj\u00f6n. F\u00f6r g\u00f6s g\u00e4ller d\u00e4remot att du [&hellip;]<\/p>","protected":false},"author":1,"featured_media":0,"parent":0,"menu_order":0,"comment_status":"closed","ping_status":"closed","template":"","meta":{"_et_pb_use_builder":"on","_et_pb_old_content":"","_et_gb_content_width":"","_monsterinsights_skip_tracking":false,"_monsterinsights_sitenote_active":false,"_monsterinsights_sitenote_note":"","_monsterinsights_sitenote_category":0},"yoast_head":"<!-- This site is optimized with the Yoast SEO plugin v17.5 - https:\/\/yoast.com\/wordpress\/plugins\/seo\/ -->\n<title>Fisken i Bolmen - Bolmens fiskev\u00e5rdsomr\u00e5desf\u00f6rening<\/title>\n<meta name=\"robots\" content=\"index, follow, max-snippet:-1, max-image-preview:large, max-video-preview:-1\" \/>\n<link rel=\"canonical\" href=\"https:\/\/bolmensweden.com\/en\/fisken\/\" \/>\n<meta property=\"og:locale\" content=\"en_GB\" \/>\n<meta property=\"og:type\" content=\"article\" \/>\n<meta property=\"og:title\" content=\"Fisken i Bolmen - Bolmens fiskev\u00e5rdsomr\u00e5desf\u00f6rening\" \/>\n<meta property=\"og:description\" content=\"Fisken i Bolmen De vanligaste fiskarterna f\u00f6r sportfiskare \u00e4r g\u00e4dda, g\u00f6s, abborre men \u00e4ven lake, \u00e5l , sutare och braxen kan f\u00e5ngas i sj\u00f6n. Minimim\u00e5tt f\u00f6r \u00e5l: 75 cm Maximim\u00e5tt f\u00f6r g\u00f6s: 75 cm. N\u00e4r du f\u00e5r upp en f\u00f6r liten fisk s\u00e4tter du normalt tillbaka den i sj\u00f6n. F\u00f6r g\u00f6s g\u00e4ller d\u00e4remot att du [&hellip;]\" \/>\n<meta property=\"og:url\" content=\"https:\/\/bolmensweden.com\/en\/fisken\/\" \/>\n<meta property=\"og:site_name\" content=\"Bolmens fiskev\u00e5rdsomr\u00e5desf\u00f6rening\" \/>\n<meta property=\"article:modified_time\" content=\"2021-11-03T08:06:09+00:00\" \/>\n<meta name=\"twitter:card\" content=\"summary_large_image\" \/>\n<meta name=\"twitter:label1\" content=\"Estimated reading time\" \/>\n\t<meta name=\"twitter:data1\" content=\"6 minutes\" \/>\n<script type=\"application\/ld+json\" class=\"yoast-schema-graph\">{\"@context\":\"https:\/\/schema.org\",\"@graph\":[{\"@type\":\"WebSite\",\"@id\":\"https:\/\/bolmensweden.com\/en\/#website\",\"url\":\"https:\/\/bolmensweden.com\/en\/\",\"name\":\"Bolmens fiskev\\u00e5rdsomr\\u00e5desf\\u00f6rening\",\"description\":\"Fiske f\\u00f6r hela familjen\",\"potentialAction\":[{\"@type\":\"SearchAction\",\"target\":{\"@type\":\"EntryPoint\",\"urlTemplate\":\"https:\/\/bolmensweden.com\/en\/?s={search_term_string}\"},\"query-input\":\"required name=search_term_string\"}],\"inLanguage\":\"en-GB\"},{\"@type\":\"WebPage\",\"@id\":\"https:\/\/bolmensweden.com\/en\/fisken\/#webpage\",\"url\":\"https:\/\/bolmensweden.com\/en\/fisken\/\",\"name\":\"Fisken i Bolmen - Bolmens fiskev\\u00e5rdsomr\\u00e5desf\\u00f6rening\",\"isPartOf\":{\"@id\":\"https:\/\/bolmensweden.com\/en\/#website\"},\"datePublished\":\"2020-11-30T14:39:02+00:00\",\"dateModified\":\"2021-11-03T08:06:09+00:00\",\"breadcrumb\":{\"@id\":\"https:\/\/bolmensweden.com\/en\/fisken\/#breadcrumb\"},\"inLanguage\":\"en-GB\",\"potentialAction\":[{\"@type\":\"ReadAction\",\"target\":[\"https:\/\/bolmensweden.com\/en\/fisken\/\"]}]},{\"@type\":\"BreadcrumbList\",\"@id\":\"https:\/\/bolmensweden.com\/en\/fisken\/#breadcrumb\",\"itemListElement\":[{\"@type\":\"ListItem\",\"position\":1,\"name\":\"Hem\",\"item\":\"https:\/\/bolmensweden.com\/en\/\"},{\"@type\":\"ListItem\",\"position\":2,\"name\":\"Fisken i Bolmen\"}]}]}<\/script>\n<!-- \/ Yoast SEO plugin. -->","yoast_head_json":{"title":"Fisken i Bolmen - Bolmens fiskev\u00e5rdsomr\u00e5desf\u00f6rening","robots":{"index":"index","follow":"follow","max-snippet":"max-snippet:-1","max-image-preview":"max-image-preview:large","max-video-preview":"max-video-preview:-1"},"canonical":"https:\/\/bolmensweden.com\/en\/fisken\/","og_locale":"en_GB","og_type":"article","og_title":"Fisken i Bolmen - Bolmens fiskev\u00e5rdsomr\u00e5desf\u00f6rening","og_description":"Fisken i Bolmen De vanligaste fiskarterna f\u00f6r sportfiskare \u00e4r g\u00e4dda, g\u00f6s, abborre men \u00e4ven lake, \u00e5l , sutare och braxen kan f\u00e5ngas i sj\u00f6n. Minimim\u00e5tt f\u00f6r \u00e5l: 75 cm Maximim\u00e5tt f\u00f6r g\u00f6s: 75 cm. N\u00e4r du f\u00e5r upp en f\u00f6r liten fisk s\u00e4tter du normalt tillbaka den i sj\u00f6n. F\u00f6r g\u00f6s g\u00e4ller d\u00e4remot att du [&hellip;]","og_url":"https:\/\/bolmensweden.com\/en\/fisken\/","og_site_name":"Bolmens fiskev\u00e5rdsomr\u00e5desf\u00f6rening","article_modified_time":"2021-11-03T08:06:09+00:00","twitter_card":"summary_large_image","twitter_misc":{"Estimated reading time":"6 minutes"},"schema":{"@context":"https:\/\/schema.org","@graph":[{"@type":"WebSite","@id":"https:\/\/bolmensweden.com\/en\/#website","url":"https:\/\/bolmensweden.com\/en\/","name":"Bolmens fiskev\u00e5rdsomr\u00e5desf\u00f6rening","description":"Fiske f\u00f6r hela familjen","potentialAction":[{"@type":"SearchAction","target":{"@type":"EntryPoint","urlTemplate":"https:\/\/bolmensweden.com\/en\/?s={search_term_string}"},"query-input":"required name=search_term_string"}],"inLanguage":"en-GB"},{"@type":"WebPage","@id":"https:\/\/bolmensweden.com\/en\/fisken\/#webpage","url":"https:\/\/bolmensweden.com\/en\/fisken\/","name":"Fisken i Bolmen - Bolmens fiskev\u00e5rdsomr\u00e5desf\u00f6rening","isPartOf":{"@id":"https:\/\/bolmensweden.com\/en\/#website"},"datePublished":"2020-11-30T14:39:02+00:00","dateModified":"2021-11-03T08:06:09+00:00","breadcrumb":{"@id":"https:\/\/bolmensweden.com\/en\/fisken\/#breadcrumb"},"inLanguage":"en-GB","potentialAction":[{"@type":"ReadAction","target":["https:\/\/bolmensweden.com\/en\/fisken\/"]}]},{"@type":"BreadcrumbList","@id":"https:\/\/bolmensweden.com\/en\/fisken\/#breadcrumb","itemListElement":[{"@type":"ListItem","position":1,"name":"Hem","item":"https:\/\/bolmensweden.com\/en\/"},{"@type":"ListItem","position":2,"name":"Fisken i Bolmen"}]}]}},"_links":{"self":[{"href":"https:\/\/bolmensweden.com\/en\/wp-json\/wp\/v2\/pages\/202"}],"collection":[{"href":"https:\/\/bolmensweden.com\/en\/wp-json\/wp\/v2\/pages"}],"about":[{"href":"https:\/\/bolmensweden.com\/en\/wp-json\/wp\/v2\/types\/page"}],"author":[{"embeddable":true,"href":"https:\/\/bolmensweden.com\/en\/wp-json\/wp\/v2\/users\/1"}],"replies":[{"embeddable":true,"href":"https:\/\/bolmensweden.com\/en\/wp-json\/wp\/v2\/comments?post=202"}],"version-history":[{"count":27,"href":"https:\/\/bolmensweden.com\/en\/wp-json\/wp\/v2\/pages\/202\/revisions"}],"predecessor-version":[{"id":1176,"href":"https:\/\/bolmensweden.com\/en\/wp-json\/wp\/v2\/pages\/202\/revisions\/1176"}],"wp:attachment":[{"href":"https:\/\/bolmensweden.com\/en\/wp-json\/wp\/v2\/media?parent=202"}],"curies":[{"name":"wp","href":"https:\/\/api.w.org\/{rel}","templated":true}]}}