{"id":238,"date":"2020-12-01T08:28:17","date_gmt":"2020-12-01T07:28:17","guid":{"rendered":"https:\/\/bolmensweden.com\/?page_id=238"},"modified":"2025-04-14T17:29:00","modified_gmt":"2025-04-14T15:29:00","slug":"fiskerattsagare","status":"publish","type":"page","link":"https:\/\/bolmensweden.com\/en\/fiskerattsagare\/","title":{"rendered":"Fishing water owners"},"content":{"rendered":"<p>[et_pb_section fb_built=&#8221;1&#8243; _builder_version=&#8221;4.16&#8243; _module_preset=&#8221;default&#8221; background_color=&#8221;rgba(0,0,0,0)&#8221; global_colors_info=&#8221;{}&#8221;][et_pb_row _builder_version=&#8221;4.16&#8243; _module_preset=&#8221;default&#8221; custom_margin=&#8221;29px|auto||auto||&#8221; global_colors_info=&#8221;{}&#8221;][et_pb_column type=&#8221;4_4&#8243; _builder_version=&#8221;4.16&#8243; _module_preset=&#8221;default&#8221; global_colors_info=&#8221;{}&#8221;][et_pb_text _builder_version=&#8221;4.16&#8243; _module_preset=&#8221;default&#8221; background_color=&#8221;rgba(0,0,0,0)&#8221; global_colors_info=&#8221;{}&#8221;]<\/p>\n<h1>Fishing water owners<\/h1>\n<p><strong>Bolmens fiskev\u00e5rdsomr\u00e5de \u00e4r indelat i fem olika omr\u00e5den. Kontakta g\u00e4rna oss vid fr\u00e5gor.<\/strong><\/p>\n<p>[\/et_pb_text][\/et_pb_column][\/et_pb_row][\/et_pb_section][et_pb_section fb_built=&#8221;1&#8243; specialty=&#8221;on&#8221; _builder_version=&#8221;4.16&#8243; _module_preset=&#8221;default&#8221; background_color=&#8221;rgba(0,0,0,0)&#8221; global_colors_info=&#8221;{}&#8221;][et_pb_column type=&#8221;2_3&#8243; specialty_columns=&#8221;2&#8243; _builder_version=&#8221;4.16&#8243; custom_padding=&#8221;|||&#8221; global_colors_info=&#8221;{}&#8221; custom_padding__hover=&#8221;|||&#8221;][et_pb_row_inner column_structure=&#8221;1_2,1_2&#8243; use_custom_gutter=&#8221;on&#8221; gutter_width=&#8221;2&#8243; _builder_version=&#8221;4.16&#8243; _module_preset=&#8221;default&#8221; custom_padding=&#8221;7px|||||&#8221; global_colors_info=&#8221;{}&#8221;][et_pb_column_inner type=&#8221;1_2&#8243; saved_specialty_column_type=&#8221;2_3&#8243; _builder_version=&#8221;4.16&#8243; _module_preset=&#8221;default&#8221; global_colors_info=&#8221;{}&#8221;][et_pb_text _builder_version=&#8221;4.16&#8243; _module_preset=&#8221;default&#8221; background_color=&#8221;rgba(0,0,0,0)&#8221; global_colors_info=&#8221;{}&#8221;]<\/p>\n<p><span style=\"color: #ff9900;\"><strong>Omr\u00e5de 1 (orange)<\/strong> <\/span><br \/>Jonathan Uvebrant<br \/>Tel: 076-8359323<\/p>\n<p>[\/et_pb_text][et_pb_text _builder_version=&#8221;4.16&#8243; _module_preset=&#8221;default&#8221; background_color=&#8221;rgba(0,0,0,0)&#8221; global_colors_info=&#8221;{}&#8221;]<\/p>\n<p><span style=\"color: #ffee00;\"><strong>Omr\u00e5de 2 (gul)<\/strong><\/span><br \/> Leif Bjurka<br \/> Tel: <a href=tel:070-5301313>070-5301313<\/a><\/p>\n<p>[\/et_pb_text][et_pb_text _builder_version=&#8221;4.16&#8243; _module_preset=&#8221;default&#8221; background_color=&#8221;rgba(0,0,0,0)&#8221; global_colors_info=&#8221;{}&#8221;]<\/p>\n<p><span style=\"color: #cc0000;\"><strong>Omr\u00e5de 3 (r\u00f6d)<\/strong><\/span><br \/>Joakim St\u00e5lebo<br \/>Tel: 0372-276903<\/p>\n<p>[\/et_pb_text][\/et_pb_column_inner][et_pb_column_inner type=&#8221;1_2&#8243; saved_specialty_column_type=&#8221;2_3&#8243; _builder_version=&#8221;4.16&#8243; _module_preset=&#8221;default&#8221; global_colors_info=&#8221;{}&#8221;][et_pb_text _builder_version=&#8221;4.16&#8243; _module_preset=&#8221;default&#8221; background_color=&#8221;rgba(0,0,0,0)&#8221; global_colors_info=&#8221;{}&#8221;]<\/p>\n<p><span style=\"color: #00ccee;\"><strong>Omr\u00e5de 4 (bl\u00e5)<\/strong> <\/span><br \/> David Salomonsson<br \/> Tel: <a href=tel:070-2738646>070-2738646<\/a><\/p>\n<p>[\/et_pb_text][et_pb_text _builder_version=&#8221;4.16&#8243; _module_preset=&#8221;default&#8221; background_color=&#8221;rgba(0,0,0,0)&#8221; global_colors_info=&#8221;{}&#8221;]<\/p>\n<p><span style=\"color: #666699;\"><strong>Omr\u00e5de 5 (lila)<\/strong> <\/span><br \/> Lennart Karlsson<br \/> Tel: <a href=tel:070-6908679>070-6908679<\/a><\/p>\n<p>[\/et_pb_text][\/et_pb_column_inner][\/et_pb_row_inner][\/et_pb_column][et_pb_column type=&#8221;1_3&#8243; _builder_version=&#8221;4.16&#8243; custom_padding=&#8221;|||&#8221; global_colors_info=&#8221;{}&#8221; custom_padding__hover=&#8221;|||&#8221;][et_pb_image src=&#8221;https:\/\/bolmensweden.com\/wp-content\/uploads\/2021\/01\/fiskeomraden.png&#8221; title_text=&#8221;fiskeomraden&#8221; _builder_version=&#8221;4.16&#8243; _module_preset=&#8221;default&#8221; global_colors_info=&#8221;{}&#8221;][\/et_pb_image][\/et_pb_column][\/et_pb_section][et_pb_section fb_built=&#8221;1&#8243; _builder_version=&#8221;4.16&#8243; _module_preset=&#8221;default&#8221; background_color=&#8221;#ffffff&#8221; custom_padding=&#8221;64px||64px||false|false&#8221; global_colors_info=&#8221;{}&#8221;][et_pb_row column_structure=&#8221;1_2,1_2&#8243; _builder_version=&#8221;4.16&#8243; _module_preset=&#8221;default&#8221; global_colors_info=&#8221;{}&#8221;][et_pb_column type=&#8221;1_2&#8243; _builder_version=&#8221;4.16&#8243; _module_preset=&#8221;default&#8221; global_colors_info=&#8221;{}&#8221;][et_pb_text _builder_version=&#8221;4.16&#8243; _module_preset=&#8221;default&#8221; global_colors_info=&#8221;{}&#8221;]<\/p>\n<h3>Provfisket<\/h3>\n<p>Fiskeplanen antogs 2014. Provfiske har genomf\u00f6rts och redovisning \u00e4r klar sommaren 2018<\/p>\n<p>\u00c5rsm\u00f6tesprotokoll kommer som vanligt att finnas hos ordinarie ledamot i ditt omr\u00e5de, samt p\u00e5 n\u00e4tet. Kontakta v\u00e5r\u00a0<a title=\"e-post\" style=\"font-weight:bold; color: #4f647c;\" href=\"mailto:kontakt@bolmensweden.com\">e-post<\/a>\u00a0samt uppge fastighet som visar att du har fisker\u00e4tt[\/et_pb_text][\/et_pb_column][et_pb_column type=&#8221;1_2&#8243; _builder_version=&#8221;4.16&#8243; _module_preset=&#8221;default&#8221; global_colors_info=&#8221;{}&#8221;][et_pb_text _builder_version=&#8221;4.16&#8243; _module_preset=&#8221;default&#8221; global_colors_info=&#8221;{}&#8221;]<\/p>\n<h3>Fiskeregler f\u00f6r dig som fiskevatten\u00e4gare<\/h3>\n<p>F\u00f6r fiskevatten\u00e4gare har du r\u00e4tt att s\u00e4tta ut redskap. Detta f\u00e5r endast ske inom ditt skifteslags omr\u00e5de.<span>\u00a0<\/span><strong>Du m\u00e4rker redskapen med fastighetens namn och nummer samt ditt telefonnummer.<\/strong><\/p>\n<p>F\u00f6r handredskapsfiske vilket du f\u00e5r utf\u00f6ra \u00f6ver hela sj\u00f6n, g\u00e4ller samma regler som f\u00f6r kortk\u00f6pare. P\u00e5 ditt eget vatten eller skifteslags vatten g\u00e4ller regler som omfattas av \u00e4gandet.<\/p>\n<p><a style=\"font-weight: bold; color: #16467c!important; text-transform: uppercase;\" href=\"https:\/\/bolmensweden.com\/en\/fiskeregler-fiskerattsagare\/\"><strong>More<\/strong><\/a><\/p>\n<p>[\/et_pb_text][\/et_pb_column][\/et_pb_row][\/et_pb_section]<\/p>","protected":false},"excerpt":{"rendered":"<p>Fisker\u00e4tts\u00e4gare Bolmens fiskev\u00e5rdsomr\u00e5de \u00e4r indelat i fem olika omr\u00e5den. Kontakta g\u00e4rna oss vid fr\u00e5gor.Omr\u00e5de 1 (orange) Jonathan UvebrantTel: 076-8359323Omr\u00e5de 2 (gul) Leif Bjurka Tel: 070-5301313Omr\u00e5de 3 (r\u00f6d)Joakim St\u00e5leboTel: 0372-276903Omr\u00e5de 4 (bl\u00e5) David Salomonsson Tel: 070-2738646Omr\u00e5de 5 (lila) Lennart Karlsson Tel: 070-6908679Provfisket Fiskeplanen antogs 2014. Provfiske har genomf\u00f6rts och redovisning \u00e4r klar sommaren 2018 \u00c5rsm\u00f6tesprotokoll kommer [&hellip;]<\/p>","protected":false},"author":1,"featured_media":0,"parent":0,"menu_order":0,"comment_status":"closed","ping_status":"closed","template":"","meta":{"_et_pb_use_builder":"on","_et_pb_old_content":"","_et_gb_content_width":"","_monsterinsights_skip_tracking":false,"_monsterinsights_sitenote_active":false,"_monsterinsights_sitenote_note":"","_monsterinsights_sitenote_category":0},"yoast_head":"<!-- This site is optimized with the Yoast SEO plugin v17.5 - https:\/\/yoast.com\/wordpress\/plugins\/seo\/ -->\n<title>Fisker\u00e4tts\u00e4gare - Bolmens fiskev\u00e5rdsomr\u00e5desf\u00f6rening<\/title>\n<meta name=\"robots\" content=\"index, follow, max-snippet:-1, max-image-preview:large, max-video-preview:-1\" \/>\n<link rel=\"canonical\" href=\"https:\/\/bolmensweden.com\/en\/fiskerattsagare\/\" \/>\n<meta property=\"og:locale\" content=\"en_GB\" \/>\n<meta property=\"og:type\" content=\"article\" \/>\n<meta property=\"og:title\" content=\"Fisker\u00e4tts\u00e4gare - Bolmens fiskev\u00e5rdsomr\u00e5desf\u00f6rening\" \/>\n<meta property=\"og:description\" content=\"Fisker\u00e4tts\u00e4gare Bolmens fiskev\u00e5rdsomr\u00e5de \u00e4r indelat i fem olika omr\u00e5den. Kontakta g\u00e4rna oss vid fr\u00e5gor.Omr\u00e5de 1 (orange) Jonathan UvebrantTel: 076-8359323Omr\u00e5de 2 (gul) Leif Bjurka Tel: 070-5301313Omr\u00e5de 3 (r\u00f6d)Joakim St\u00e5leboTel: 0372-276903Omr\u00e5de 4 (bl\u00e5) David Salomonsson Tel: 070-2738646Omr\u00e5de 5 (lila) Lennart Karlsson Tel: 070-6908679Provfisket Fiskeplanen antogs 2014. Provfiske har genomf\u00f6rts och redovisning \u00e4r klar sommaren 2018 \u00c5rsm\u00f6tesprotokoll kommer [&hellip;]\" \/>\n<meta property=\"og:url\" content=\"https:\/\/bolmensweden.com\/en\/fiskerattsagare\/\" \/>\n<meta property=\"og:site_name\" content=\"Bolmens fiskev\u00e5rdsomr\u00e5desf\u00f6rening\" \/>\n<meta property=\"article:modified_time\" content=\"2025-04-14T15:29:00+00:00\" \/>\n<meta name=\"twitter:card\" content=\"summary_large_image\" \/>\n<meta name=\"twitter:label1\" content=\"Estimated reading time\" \/>\n\t<meta name=\"twitter:data1\" content=\"3 minutes\" \/>\n<script type=\"application\/ld+json\" class=\"yoast-schema-graph\">{\"@context\":\"https:\/\/schema.org\",\"@graph\":[{\"@type\":\"WebSite\",\"@id\":\"https:\/\/bolmensweden.com\/en\/#website\",\"url\":\"https:\/\/bolmensweden.com\/en\/\",\"name\":\"Bolmens fiskev\\u00e5rdsomr\\u00e5desf\\u00f6rening\",\"description\":\"Fiske f\\u00f6r hela familjen\",\"potentialAction\":[{\"@type\":\"SearchAction\",\"target\":{\"@type\":\"EntryPoint\",\"urlTemplate\":\"https:\/\/bolmensweden.com\/en\/?s={search_term_string}\"},\"query-input\":\"required name=search_term_string\"}],\"inLanguage\":\"en-GB\"},{\"@type\":\"WebPage\",\"@id\":\"https:\/\/bolmensweden.com\/en\/fiskerattsagare\/#webpage\",\"url\":\"https:\/\/bolmensweden.com\/en\/fiskerattsagare\/\",\"name\":\"Fisker\\u00e4tts\\u00e4gare - Bolmens fiskev\\u00e5rdsomr\\u00e5desf\\u00f6rening\",\"isPartOf\":{\"@id\":\"https:\/\/bolmensweden.com\/en\/#website\"},\"datePublished\":\"2020-12-01T07:28:17+00:00\",\"dateModified\":\"2025-04-14T15:29:00+00:00\",\"breadcrumb\":{\"@id\":\"https:\/\/bolmensweden.com\/en\/fiskerattsagare\/#breadcrumb\"},\"inLanguage\":\"en-GB\",\"potentialAction\":[{\"@type\":\"ReadAction\",\"target\":[\"https:\/\/bolmensweden.com\/en\/fiskerattsagare\/\"]}]},{\"@type\":\"BreadcrumbList\",\"@id\":\"https:\/\/bolmensweden.com\/en\/fiskerattsagare\/#breadcrumb\",\"itemListElement\":[{\"@type\":\"ListItem\",\"position\":1,\"name\":\"Hem\",\"item\":\"https:\/\/bolmensweden.com\/en\/\"},{\"@type\":\"ListItem\",\"position\":2,\"name\":\"Fisker\\u00e4tts\\u00e4gare\"}]}]}<\/script>\n<!-- \/ Yoast SEO plugin. -->","yoast_head_json":{"title":"Fisker\u00e4tts\u00e4gare - Bolmens fiskev\u00e5rdsomr\u00e5desf\u00f6rening","robots":{"index":"index","follow":"follow","max-snippet":"max-snippet:-1","max-image-preview":"max-image-preview:large","max-video-preview":"max-video-preview:-1"},"canonical":"https:\/\/bolmensweden.com\/en\/fiskerattsagare\/","og_locale":"en_GB","og_type":"article","og_title":"Fisker\u00e4tts\u00e4gare - Bolmens fiskev\u00e5rdsomr\u00e5desf\u00f6rening","og_description":"Fisker\u00e4tts\u00e4gare Bolmens fiskev\u00e5rdsomr\u00e5de \u00e4r indelat i fem olika omr\u00e5den. Kontakta g\u00e4rna oss vid fr\u00e5gor.Omr\u00e5de 1 (orange) Jonathan UvebrantTel: 076-8359323Omr\u00e5de 2 (gul) Leif Bjurka Tel: 070-5301313Omr\u00e5de 3 (r\u00f6d)Joakim St\u00e5leboTel: 0372-276903Omr\u00e5de 4 (bl\u00e5) David Salomonsson Tel: 070-2738646Omr\u00e5de 5 (lila) Lennart Karlsson Tel: 070-6908679Provfisket Fiskeplanen antogs 2014. Provfiske har genomf\u00f6rts och redovisning \u00e4r klar sommaren 2018 \u00c5rsm\u00f6tesprotokoll kommer [&hellip;]","og_url":"https:\/\/bolmensweden.com\/en\/fiskerattsagare\/","og_site_name":"Bolmens fiskev\u00e5rdsomr\u00e5desf\u00f6rening","article_modified_time":"2025-04-14T15:29:00+00:00","twitter_card":"summary_large_image","twitter_misc":{"Estimated reading time":"3 minutes"},"schema":{"@context":"https:\/\/schema.org","@graph":[{"@type":"WebSite","@id":"https:\/\/bolmensweden.com\/en\/#website","url":"https:\/\/bolmensweden.com\/en\/","name":"Bolmens fiskev\u00e5rdsomr\u00e5desf\u00f6rening","description":"Fiske f\u00f6r hela familjen","potentialAction":[{"@type":"SearchAction","target":{"@type":"EntryPoint","urlTemplate":"https:\/\/bolmensweden.com\/en\/?s={search_term_string}"},"query-input":"required name=search_term_string"}],"inLanguage":"en-GB"},{"@type":"WebPage","@id":"https:\/\/bolmensweden.com\/en\/fiskerattsagare\/#webpage","url":"https:\/\/bolmensweden.com\/en\/fiskerattsagare\/","name":"Fisker\u00e4tts\u00e4gare - Bolmens fiskev\u00e5rdsomr\u00e5desf\u00f6rening","isPartOf":{"@id":"https:\/\/bolmensweden.com\/en\/#website"},"datePublished":"2020-12-01T07:28:17+00:00","dateModified":"2025-04-14T15:29:00+00:00","breadcrumb":{"@id":"https:\/\/bolmensweden.com\/en\/fiskerattsagare\/#breadcrumb"},"inLanguage":"en-GB","potentialAction":[{"@type":"ReadAction","target":["https:\/\/bolmensweden.com\/en\/fiskerattsagare\/"]}]},{"@type":"BreadcrumbList","@id":"https:\/\/bolmensweden.com\/en\/fiskerattsagare\/#breadcrumb","itemListElement":[{"@type":"ListItem","position":1,"name":"Hem","item":"https:\/\/bolmensweden.com\/en\/"},{"@type":"ListItem","position":2,"name":"Fisker\u00e4tts\u00e4gare"}]}]}},"_links":{"self":[{"href":"https:\/\/bolmensweden.com\/en\/wp-json\/wp\/v2\/pages\/238"}],"collection":[{"href":"https:\/\/bolmensweden.com\/en\/wp-json\/wp\/v2\/pages"}],"about":[{"href":"https:\/\/bolmensweden.com\/en\/wp-json\/wp\/v2\/types\/page"}],"author":[{"embeddable":true,"href":"https:\/\/bolmensweden.com\/en\/wp-json\/wp\/v2\/users\/1"}],"replies":[{"embeddable":true,"href":"https:\/\/bolmensweden.com\/en\/wp-json\/wp\/v2\/comments?post=238"}],"version-history":[{"count":24,"href":"https:\/\/bolmensweden.com\/en\/wp-json\/wp\/v2\/pages\/238\/revisions"}],"predecessor-version":[{"id":1608,"href":"https:\/\/bolmensweden.com\/en\/wp-json\/wp\/v2\/pages\/238\/revisions\/1608"}],"wp:attachment":[{"href":"https:\/\/bolmensweden.com\/en\/wp-json\/wp\/v2\/media?parent=238"}],"curies":[{"name":"wp","href":"https:\/\/api.w.org\/{rel}","templated":true}]}}