{"id":245,"date":"2020-12-01T08:43:03","date_gmt":"2020-12-01T07:43:03","guid":{"rendered":"https:\/\/bolmensweden.com\/?page_id=245"},"modified":"2024-01-30T12:53:47","modified_gmt":"2024-01-30T11:53:47","slug":"fiskeregler","status":"publish","type":"page","link":"https:\/\/bolmensweden.com\/en\/fiskeregler\/","title":{"rendered":"Fishing rules"},"content":{"rendered":"<p>[et_pb_section fb_built=&#8221;1&#8243; fullwidth=&#8221;on&#8221; _builder_version=&#8221;4.16&#8243; _module_preset=&#8221;default&#8221; background_image=&#8221;https:\/\/bolmensweden.com\/wp-content\/uploads\/2021\/01\/shutterstock_1819711112-scaled.jpg&#8221; height=&#8221;350px&#8221; global_colors_info=&#8221;{}&#8221;][\/et_pb_section][et_pb_section fb_built=&#8221;1&#8243; _builder_version=&#8221;4.16&#8243; _module_preset=&#8221;default&#8221; background_color=&#8221;rgba(0,0,0,0)&#8221; custom_margin_tablet=&#8221;&#8221; custom_margin_phone=&#8221;&#8221; custom_margin_last_edited=&#8221;on|phone&#8221; custom_padding=&#8221;3px|||0px|false|false&#8221; global_colors_info=&#8221;{}&#8221;][et_pb_row column_structure=&#8221;2_3,1_3&#8243; _builder_version=&#8221;4.16&#8243; _module_preset=&#8221;default&#8221; custom_padding=&#8221;41px|||||&#8221; global_colors_info=&#8221;{}&#8221;][et_pb_column type=&#8221;2_3&#8243; _builder_version=&#8221;4.16&#8243; _module_preset=&#8221;default&#8221; global_colors_info=&#8221;{}&#8221;][et_pb_text _builder_version=&#8221;4.16&#8243; _module_preset=&#8221;default&#8221; background_color=&#8221;rgba(0,0,0,0)&#8221; custom_padding_tablet=&#8221;&#8221; custom_padding_phone=&#8221;&#8221; custom_padding_last_edited=&#8221;on|phone&#8221; global_colors_info=&#8221;{}&#8221;]<\/p>\n<p>\u00a0(2 personer)85<\/p>\n<h1><\/h1>\n<h1>Fishing rules<\/h1>\n<h3><span style=\"font-size: large;\"><strong><em>General rules for anglers with a fishing license Bolmen FVOF<\/em><br \/><\/strong><\/span><\/h3>\n<h4><strong>The boundaries are:<\/strong><\/h4>\n<ul>\n<li>At Stor\u00e5n by the mill at Sl\u00e4tt\u00f6.<\/li>\n<li>At \u00d6nne stream at the bridge by the road between Unnaryd and Odensj\u00f6.<\/li>\n<li>At the outlet at the power station at Skeen<\/li>\n<li>Apart from these boundaries there are boundaries at the outlets of the different streams into Bolmen.<\/li>\n<\/ul>\n<h4><strong>Prices of fishing licence permits<\/strong><\/h4>\n<p>Bolmen Fvof grants the public access to fishing by selling fishing license permits. Prices according to the following;<\/p>\n<ul>\n<li>One day card 180 SEK<\/li>\n<li>One week card 440 SEK<\/li>\n<li>One month card 750 SEK<\/li>\n<li>One year card 1000 SEK<\/li>\n<li>Family card (valid for 2 family members) 1250 SEK<\/li>\n<li>Angling competion 20 SEK per person and day<\/li>\n<li>Company permit 2 400 SEK<\/li>\n<\/ul>\n<h4><strong>Rules where an inspection fee may be taken at infringements of rules<\/strong><\/h4>\n<ul>\n<li>For trout where the minimum size is 50 centimeters<\/li>\n<li>Fishing ban in \u00d6nne stream all year<\/li>\n<li>Fishing ban in Stor\u00e5n from the 15th of April until the 15th of June.<\/li>\n<li>There is a maximum amount of fishing tools (lines or baits) per permit. A family card allows two lines and two baits per angler.<\/li>\n<li>The fishing limit for pike-perch is 10 for each permit and day<\/li>\n<li>The inspection fee is 2000 kr.<\/li>\n<\/ul>\n<h4><strong>Other rules for buyers of a fishing license permit<\/strong><\/h4>\n<ul>\n<li>The permit is personal and cannot be transferred to another person<\/li>\n<li>Fishing is not allowed nearby fishing nets or other fishing tackle so that these may come to harm.<\/li>\n<li>The permit gives the user the right to fish in Bolmen lake according to the rules where only fishing devices such as fishing rods, jig twigs, casting rods, fly rods or spinners\/troll angling are allowed.<\/li>\n<li>Ice fishing is only allowed when there is ice on the lake. At the most 10 ice fishing devices are allowed per permit. The fisher may not leave his ice fishing devices and must keep them under constant supervision at all times.<\/li>\n<li>The fishing license permit or the check number of the iFiske\u00b4s permit must be available at all times during fishing and be shown on demand by police or water bailiff.  Fishing tackle must be taken up at inspection to facilitate inspection. \nYoungsters at the age of 18 years or younger may fish without a fishing license permit but follow the same rules as other fishers with a fishing license permit.<\/li>\n<li>To be able to buy a family fishing permit all family members must be registered at the same address as the buyer. All names of those given right to fish must be written on the permit. A maximum of two fishers are allowed on a family permit.<\/li>\n<li>The largest size allowed for trench is 75 centimeters. Larger trench than that must be reset in the lake.<\/li>\n<li>Catch and reset is not allowed for trench under 75 centimeters.<\/li>\n<li>Fishing devices are not allowed in deeper water than 10 meters.<\/li>\n<li>Fishing competitions only allow fishing with rods and jig twigs.<\/li>\n<li>A company license permit consists of four plasticized cards with the company name on it, one fisher per card. It can only be issued by the treasurer of the company. It may only be used by employees of the company. Customers and suppliers may not use the company fishing license permit.<\/li>\n<\/ul>\n<p><span style=\"font-size: medium;\">\u00a0<strong>Information<\/strong><\/span><\/p>\n<p>We sell maps with information of depth. These are available for purchase at our retailers.<\/p>\n<p>[\/et_pb_text][\/et_pb_column][et_pb_column type=&#8221;1_3&#8243; _builder_version=&#8221;4.16&#8243; _module_preset=&#8221;default&#8221; background_color=&#8221;#5B711D&#8221; custom_padding=&#8221;42px|24px|62px|24px|false|true&#8221; global_colors_info=&#8221;{}&#8221;][et_pb_text _builder_version=&#8221;4.16&#8243; _module_preset=&#8221;default&#8221; text_text_color=&#8221;#ffffff&#8221; header_2_font=&#8221;|700|||||||&#8221; header_2_text_color=&#8221;#ffffff&#8221; header_2_font_size=&#8221;34px&#8221; header_2_line_height=&#8221;1.3em&#8221; background_color=&#8221;rgba(0,0,0,0)&#8221; text_orientation=&#8221;center&#8221; custom_padding=&#8221;||||true|true&#8221; global_colors_info=&#8221;{}&#8221;]<\/p>\n<h2><strong>Fishing card requirements<\/strong><\/h2>\n<p>F\u00f6r att kunna fiska i Bolmen beh\u00f6ver du ett fiskekort. Detta kan k\u00f6pas digitalt eller hos f\u00f6rs\u00e4ljare, och finns f\u00f6r dag, vecka eller \u00e5rskort.<\/p>\n<p>[\/et_pb_text][et_pb_button button_url=&#8221;\/fiskekort&#8221; button_text=&#8221;K\u00f6p fiskekort&#8221; button_alignment=&#8221;center&#8221; _builder_version=&#8221;4.16&#8243; _module_preset=&#8221;default&#8221; custom_button=&#8221;on&#8221; button_text_size=&#8221;14px&#8221; button_bg_color=&#8221;#000000&#8243; button_border_width=&#8221;0px&#8221; button_use_icon=&#8221;off&#8221; background_layout=&#8221;dark&#8221; custom_margin=&#8221;24px||||false|false&#8221; global_colors_info=&#8221;{}&#8221;][\/et_pb_button][\/et_pb_column][\/et_pb_row][\/et_pb_section][et_pb_section fb_built=&#8221;1&#8243; _builder_version=&#8221;4.16&#8243; _module_preset=&#8221;default&#8221; background_color=&#8221;rgba(0,0,0,0)&#8221; custom_padding=&#8221;24px||||false|false&#8221; global_colors_info=&#8221;{}&#8221;][et_pb_row _builder_version=&#8221;4.16&#8243; _module_preset=&#8221;default&#8221; global_colors_info=&#8221;{}&#8221;][et_pb_column type=&#8221;4_4&#8243; _builder_version=&#8221;4.16&#8243; _module_preset=&#8221;default&#8221; global_colors_info=&#8221;{}&#8221;][et_pb_button button_text=&#8221;Aktuellt fr\u00e5n Bolmens fiskev\u00e5rdsomr\u00e5desf\u00f6rening&#8221; _builder_version=&#8221;4.16&#8243; _module_preset=&#8221;default&#8221; custom_button=&#8221;on&#8221; button_text_color=&#8221;#000000&#8243; button_border_width=&#8221;0px&#8221; button_icon=&#8221;&#xe056;||divi||400&#8243; button_icon_placement=&#8221;left&#8221; button_on_hover=&#8221;off&#8221; custom_margin=&#8221;||16px|26px|false|false&#8221; custom_padding=&#8221;0px|0px|0px|0px|false|false&#8221; global_colors_info=&#8221;{}&#8221;][\/et_pb_button][\/et_pb_column][\/et_pb_row][et_pb_row use_custom_gutter=&#8221;on&#8221; make_equal=&#8221;on&#8221; _builder_version=&#8221;4.16&#8243; _module_preset=&#8221;default&#8221; global_colors_info=&#8221;{}&#8221;][et_pb_column type=&#8221;4_4&#8243; _builder_version=&#8221;4.16&#8243; _module_preset=&#8221;default&#8221; global_colors_info=&#8221;{}&#8221;][et_pb_blog fullwidth=&#8221;off&#8221; posts_number=&#8221;3&#8243; excerpt_length=&#8221;150&#8243; show_more=&#8221;on&#8221; show_author=&#8221;off&#8221; show_categories=&#8221;off&#8221; _builder_version=&#8221;4.16&#8243; _module_preset=&#8221;default&#8221; read_more_font=&#8221;||||||||&#8221; read_more_text_color=&#8221;#007fe0&#8243; background_color=&#8221;rgba(0,0,0,0)&#8221; text_orientation=&#8221;left&#8221; border_width_all=&#8221;4px&#8221; border_color_all=&#8221;#f8f5f0&#8243; global_colors_info=&#8221;{}&#8221;][\/et_pb_blog][\/et_pb_column][\/et_pb_row][\/et_pb_section]<\/p>","protected":false},"excerpt":{"rendered":"<p>\u00a0(2 personer)85 Fiskeregler Allm\u00e4na fiskeregler f\u00f6r kortk\u00f6pare Bolmens FVOF Bolmens FVOF begr\u00e4nsningsomr\u00e5de Gr\u00e4nsen \u00e4r i Stor\u00e5n vid kvarnen i Sl\u00e4tt\u00f6. I \u00d6nne \u00e5 g\u00e5r gr\u00e4nsen vid bron p\u00e5 allm\u00e4nna v\u00e4gen Unnaryd-Odensj\u00f6. I utloppet Bolm\u00e5n \u00e4r gr\u00e4nsen i kraftverket vid Skeen. I \u00f6vrigt s\u00e5 \u00e4r gr\u00e4nsen vid respektive vattendrags utlopp i Bolmen. Priser p\u00e5 fiskekort Bolmens [&hellip;]<\/p>","protected":false},"author":1,"featured_media":0,"parent":0,"menu_order":0,"comment_status":"closed","ping_status":"closed","template":"","meta":{"_et_pb_use_builder":"on","_et_pb_old_content":"","_et_gb_content_width":"","_monsterinsights_skip_tracking":false,"_monsterinsights_sitenote_active":false,"_monsterinsights_sitenote_note":"","_monsterinsights_sitenote_category":0},"yoast_head":"<!-- This site is optimized with the Yoast SEO plugin v17.5 - https:\/\/yoast.com\/wordpress\/plugins\/seo\/ -->\n<title>Fiskeregler - Bolmens fiskev\u00e5rdsomr\u00e5desf\u00f6rening<\/title>\n<meta name=\"robots\" content=\"index, follow, max-snippet:-1, max-image-preview:large, max-video-preview:-1\" \/>\n<link rel=\"canonical\" href=\"https:\/\/bolmensweden.com\/en\/fiskeregler\/\" \/>\n<meta property=\"og:locale\" content=\"en_GB\" \/>\n<meta property=\"og:type\" content=\"article\" \/>\n<meta property=\"og:title\" content=\"Fiskeregler - Bolmens fiskev\u00e5rdsomr\u00e5desf\u00f6rening\" \/>\n<meta property=\"og:description\" content=\"\u00a0(2 personer)85 Fiskeregler Allm\u00e4na fiskeregler f\u00f6r kortk\u00f6pare Bolmens FVOF Bolmens FVOF begr\u00e4nsningsomr\u00e5de Gr\u00e4nsen \u00e4r i Stor\u00e5n vid kvarnen i Sl\u00e4tt\u00f6. I \u00d6nne \u00e5 g\u00e5r gr\u00e4nsen vid bron p\u00e5 allm\u00e4nna v\u00e4gen Unnaryd-Odensj\u00f6. I utloppet Bolm\u00e5n \u00e4r gr\u00e4nsen i kraftverket vid Skeen. I \u00f6vrigt s\u00e5 \u00e4r gr\u00e4nsen vid respektive vattendrags utlopp i Bolmen. Priser p\u00e5 fiskekort Bolmens [&hellip;]\" \/>\n<meta property=\"og:url\" content=\"https:\/\/bolmensweden.com\/en\/fiskeregler\/\" \/>\n<meta property=\"og:site_name\" content=\"Bolmens fiskev\u00e5rdsomr\u00e5desf\u00f6rening\" \/>\n<meta property=\"article:modified_time\" content=\"2024-01-30T11:53:47+00:00\" \/>\n<meta name=\"twitter:card\" content=\"summary_large_image\" \/>\n<meta name=\"twitter:label1\" content=\"Estimated reading time\" \/>\n\t<meta name=\"twitter:data1\" content=\"5 minutes\" \/>\n<script type=\"application\/ld+json\" class=\"yoast-schema-graph\">{\"@context\":\"https:\/\/schema.org\",\"@graph\":[{\"@type\":\"WebSite\",\"@id\":\"https:\/\/bolmensweden.com\/en\/#website\",\"url\":\"https:\/\/bolmensweden.com\/en\/\",\"name\":\"Bolmens fiskev\\u00e5rdsomr\\u00e5desf\\u00f6rening\",\"description\":\"Fiske f\\u00f6r hela familjen\",\"potentialAction\":[{\"@type\":\"SearchAction\",\"target\":{\"@type\":\"EntryPoint\",\"urlTemplate\":\"https:\/\/bolmensweden.com\/en\/?s={search_term_string}\"},\"query-input\":\"required name=search_term_string\"}],\"inLanguage\":\"en-GB\"},{\"@type\":\"WebPage\",\"@id\":\"https:\/\/bolmensweden.com\/en\/fiskeregler\/#webpage\",\"url\":\"https:\/\/bolmensweden.com\/en\/fiskeregler\/\",\"name\":\"Fiskeregler - Bolmens fiskev\\u00e5rdsomr\\u00e5desf\\u00f6rening\",\"isPartOf\":{\"@id\":\"https:\/\/bolmensweden.com\/en\/#website\"},\"datePublished\":\"2020-12-01T07:43:03+00:00\",\"dateModified\":\"2024-01-30T11:53:47+00:00\",\"breadcrumb\":{\"@id\":\"https:\/\/bolmensweden.com\/en\/fiskeregler\/#breadcrumb\"},\"inLanguage\":\"en-GB\",\"potentialAction\":[{\"@type\":\"ReadAction\",\"target\":[\"https:\/\/bolmensweden.com\/en\/fiskeregler\/\"]}]},{\"@type\":\"BreadcrumbList\",\"@id\":\"https:\/\/bolmensweden.com\/en\/fiskeregler\/#breadcrumb\",\"itemListElement\":[{\"@type\":\"ListItem\",\"position\":1,\"name\":\"Hem\",\"item\":\"https:\/\/bolmensweden.com\/en\/\"},{\"@type\":\"ListItem\",\"position\":2,\"name\":\"Fiskeregler\"}]}]}<\/script>\n<!-- \/ Yoast SEO plugin. -->","yoast_head_json":{"title":"Fiskeregler - Bolmens fiskev\u00e5rdsomr\u00e5desf\u00f6rening","robots":{"index":"index","follow":"follow","max-snippet":"max-snippet:-1","max-image-preview":"max-image-preview:large","max-video-preview":"max-video-preview:-1"},"canonical":"https:\/\/bolmensweden.com\/en\/fiskeregler\/","og_locale":"en_GB","og_type":"article","og_title":"Fiskeregler - Bolmens fiskev\u00e5rdsomr\u00e5desf\u00f6rening","og_description":"\u00a0(2 personer)85 Fiskeregler Allm\u00e4na fiskeregler f\u00f6r kortk\u00f6pare Bolmens FVOF Bolmens FVOF begr\u00e4nsningsomr\u00e5de Gr\u00e4nsen \u00e4r i Stor\u00e5n vid kvarnen i Sl\u00e4tt\u00f6. I \u00d6nne \u00e5 g\u00e5r gr\u00e4nsen vid bron p\u00e5 allm\u00e4nna v\u00e4gen Unnaryd-Odensj\u00f6. I utloppet Bolm\u00e5n \u00e4r gr\u00e4nsen i kraftverket vid Skeen. I \u00f6vrigt s\u00e5 \u00e4r gr\u00e4nsen vid respektive vattendrags utlopp i Bolmen. Priser p\u00e5 fiskekort Bolmens [&hellip;]","og_url":"https:\/\/bolmensweden.com\/en\/fiskeregler\/","og_site_name":"Bolmens fiskev\u00e5rdsomr\u00e5desf\u00f6rening","article_modified_time":"2024-01-30T11:53:47+00:00","twitter_card":"summary_large_image","twitter_misc":{"Estimated reading time":"5 minutes"},"schema":{"@context":"https:\/\/schema.org","@graph":[{"@type":"WebSite","@id":"https:\/\/bolmensweden.com\/en\/#website","url":"https:\/\/bolmensweden.com\/en\/","name":"Bolmens fiskev\u00e5rdsomr\u00e5desf\u00f6rening","description":"Fiske f\u00f6r hela familjen","potentialAction":[{"@type":"SearchAction","target":{"@type":"EntryPoint","urlTemplate":"https:\/\/bolmensweden.com\/en\/?s={search_term_string}"},"query-input":"required name=search_term_string"}],"inLanguage":"en-GB"},{"@type":"WebPage","@id":"https:\/\/bolmensweden.com\/en\/fiskeregler\/#webpage","url":"https:\/\/bolmensweden.com\/en\/fiskeregler\/","name":"Fiskeregler - Bolmens fiskev\u00e5rdsomr\u00e5desf\u00f6rening","isPartOf":{"@id":"https:\/\/bolmensweden.com\/en\/#website"},"datePublished":"2020-12-01T07:43:03+00:00","dateModified":"2024-01-30T11:53:47+00:00","breadcrumb":{"@id":"https:\/\/bolmensweden.com\/en\/fiskeregler\/#breadcrumb"},"inLanguage":"en-GB","potentialAction":[{"@type":"ReadAction","target":["https:\/\/bolmensweden.com\/en\/fiskeregler\/"]}]},{"@type":"BreadcrumbList","@id":"https:\/\/bolmensweden.com\/en\/fiskeregler\/#breadcrumb","itemListElement":[{"@type":"ListItem","position":1,"name":"Hem","item":"https:\/\/bolmensweden.com\/en\/"},{"@type":"ListItem","position":2,"name":"Fiskeregler"}]}]}},"_links":{"self":[{"href":"https:\/\/bolmensweden.com\/en\/wp-json\/wp\/v2\/pages\/245"}],"collection":[{"href":"https:\/\/bolmensweden.com\/en\/wp-json\/wp\/v2\/pages"}],"about":[{"href":"https:\/\/bolmensweden.com\/en\/wp-json\/wp\/v2\/types\/page"}],"author":[{"embeddable":true,"href":"https:\/\/bolmensweden.com\/en\/wp-json\/wp\/v2\/users\/1"}],"replies":[{"embeddable":true,"href":"https:\/\/bolmensweden.com\/en\/wp-json\/wp\/v2\/comments?post=245"}],"version-history":[{"count":31,"href":"https:\/\/bolmensweden.com\/en\/wp-json\/wp\/v2\/pages\/245\/revisions"}],"predecessor-version":[{"id":1491,"href":"https:\/\/bolmensweden.com\/en\/wp-json\/wp\/v2\/pages\/245\/revisions\/1491"}],"wp:attachment":[{"href":"https:\/\/bolmensweden.com\/en\/wp-json\/wp\/v2\/media?parent=245"}],"curies":[{"name":"wp","href":"https:\/\/api.w.org\/{rel}","templated":true}]}}