{"id":572,"date":"2021-01-19T09:59:49","date_gmt":"2021-01-19T08:59:49","guid":{"rendered":"https:\/\/bolmensweden.com\/?page_id=572"},"modified":"2021-11-03T09:05:06","modified_gmt":"2021-11-03T08:05:06","slug":"hantering-av-fisk","status":"publish","type":"page","link":"https:\/\/bolmensweden.com\/en\/hantering-av-fisk\/","title":{"rendered":"The handling of fish"},"content":{"rendered":"<p>[et_pb_section fb_built=&#8221;1&#8243; _builder_version=&#8221;4.7.4&#8243; _module_preset=&#8221;default&#8221; background_image=&#8221;https:\/\/bolmensweden.com\/wp-content\/uploads\/2020\/11\/2020-05-03.jpg&#8221; height=&#8221;350px&#8221;][\/et_pb_section][et_pb_section fb_built=&#8221;1&#8243; _builder_version=&#8221;4.7.4&#8243; _module_preset=&#8221;default&#8221; background_color=&#8221;rgba(0,0,0,0)&#8221; custom_padding=&#8221;4px||||false|false&#8221;][et_pb_row column_structure=&#8221;2_3,1_3&#8243; _builder_version=&#8221;4.7.4&#8243; _module_preset=&#8221;default&#8221; custom_padding=&#8221;40px|||||&#8221;][et_pb_column type=&#8221;2_3&#8243; _builder_version=&#8221;4.7.4&#8243; _module_preset=&#8221;default&#8221;][et_pb_text _builder_version=&#8221;4.7.4&#8243; _module_preset=&#8221;default&#8221; custom_padding=&#8221;|21px||||&#8221; hover_enabled=&#8221;0&#8243; background_color=&#8221;rgba(0,0,0,0)&#8221; sticky_enabled=&#8221;0&#8243;]<\/p>\n<h1>The handling of fish<\/h1>\n<p><strong>This is how you put back large pike-perch and other fish<\/strong><\/p>\n<p><strong><\/strong><\/p>\n<ol>\n<li>Pliers\/peang may be useful.<\/li>\n<li>Use a net without knots and rubberised, when landing fish. Do not use a gaff.<\/li>\n<li>An alternative way is to use a a lip grip. It has the functions of a carpenter\u2019s pliers and can be bought in fishing shops. The disadvantage is that the fish is held vertically which means that intestines and roe may sink downward. Avoid therefore to handle large fish or roe filled fish with a lip grip. When using a lip grip it should be able to rotate as large fish easily pivot.<\/li>\n<li>If you need to lift the fish, take hold of the tail coil and support the fish underneath by the pectoral fins. Do not squeeze the belly of the fish. The same rules apply when taking photografs of the fish.<\/li>\n<li>Weighing of fish should be done in special weighing sacks which can be bought in fishing shops, but an IKEA bag works just as well. Weighing large fish such as pike should be weighed horisontally.<\/li>\n<li>When dehooking the fish you should use a dehooking mat to avoid injuring the fish.  Alternatively you can use a sleeping pad wrapped in a large plastic bag. On moist bedding  such as moss you may put the fish directly  on the ground. If possible the fish should be handled in the shadow as they are very sensitive to light.<\/li>\n<li>Make sure that hands and bedding are moist when you handle the fish. Damaged fish scale can make the fish sensitive to parasites and infections.<\/li>\n<li>Re-setting of fish should be done with haste. Fish hare very sensitive to dehydration.<\/li>\n<li>It is important to think about that drilling in warm water increases the risks for the fish.<\/li>\n<li>If the fish is tired, artificial respiration may be used. The fish should be taken forward in the water so as to increase the flowing of oxygen passed the gills. Do not however pull the fish back and forth as this can damage their gills. Wait until the fish starts to wriggle before letting it go.<\/li>\n<li>Some species of fish, mainly perchfish such as perch and pike-perch are sensitive to changes of pressure. Mortality with these increases dramatically if they are caught in waters deeper  than ten meters. Therefore you should avoid fishing in deeper waters.<\/li>\n<li>During winter you must make sure that fish that should be re-set, that this is done before the watery membrane which covers the eyes of the fish, freezes.<\/li>\n<\/ol>\n<p>[\/et_pb_text][\/et_pb_column][et_pb_column type=&#8221;1_3&#8243; _builder_version=&#8221;4.7.4&#8243; _module_preset=&#8221;default&#8221; background_color=&#8221;#5B711D&#8221; custom_padding=&#8221;42px|24px|62px|24px|false|true&#8221;][et_pb_text _builder_version=&#8221;4.7.4&#8243; _module_preset=&#8221;default&#8221; text_text_color=&#8221;#ffffff&#8221; header_2_font=&#8221;|700|||||||&#8221; header_2_text_color=&#8221;#ffffff&#8221; header_2_font_size=&#8221;34px&#8221; header_2_line_height=&#8221;1.3em&#8221; text_orientation=&#8221;center&#8221; custom_padding=&#8221;||||true|true&#8221; hover_enabled=&#8221;0&#8243; background_color=&#8221;rgba(0,0,0,0)&#8221; sticky_enabled=&#8221;0&#8243;]<\/p>\n<h2><strong>Fishing card requirements<\/strong><\/h2>\n<p>To be allowed to fish in Bolmen you need a fishing licence permit. This can be bought digitally or at one of our retailers and are available for a day, a week, a month or alicence permit for a whole year.<\/p>\n<p>[\/et_pb_text][et_pb_button button_url=&#8221;\/fiskekort&#8221; button_text=&#8221;K\u00f6p fiskekort&#8221; button_alignment=&#8221;center&#8221; _builder_version=&#8221;4.7.4&#8243; _module_preset=&#8221;default&#8221; custom_button=&#8221;on&#8221; button_text_size=&#8221;14px&#8221; button_bg_color=&#8221;#000000&#8243; button_border_width=&#8221;0px&#8221; button_use_icon=&#8221;off&#8221; background_layout=&#8221;dark&#8221; custom_margin=&#8221;24px||||false|false&#8221;][\/et_pb_button][\/et_pb_column][\/et_pb_row][\/et_pb_section][et_pb_section fb_built=&#8221;1&#8243; _builder_version=&#8221;4.7.4&#8243; _module_preset=&#8221;default&#8221; background_color=&#8221;rgba(0,0,0,0)&#8221; custom_padding=&#8221;24px||||false|false&#8221; global_module=&#8221;557&#8243; saved_tabs=&#8221;all&#8221;][et_pb_row _builder_version=&#8221;4.7.4&#8243; _module_preset=&#8221;default&#8221;][et_pb_column type=&#8221;4_4&#8243; _builder_version=&#8221;4.7.4&#8243; _module_preset=&#8221;default&#8221;][et_pb_button button_text=&#8221;Aktuellt fr\u00e5n Bolmens fiskev\u00e5rdsomr\u00e5desf\u00f6rening&#8221; _builder_version=&#8221;4.7.4&#8243; _module_preset=&#8221;default&#8221; custom_button=&#8221;on&#8221; button_text_color=&#8221;#000000&#8243; button_border_width=&#8221;0px&#8221; button_icon=&#8221;%%206%%&#8221; button_icon_placement=&#8221;left&#8221; button_on_hover=&#8221;off&#8221; custom_margin=&#8221;||16px|26px|false|false&#8221; custom_padding=&#8221;0px|0px|0px|0px|false|false&#8221;][\/et_pb_button][\/et_pb_column][\/et_pb_row][et_pb_row use_custom_gutter=&#8221;on&#8221; make_equal=&#8221;on&#8221; _builder_version=&#8221;4.7.4&#8243; _module_preset=&#8221;default&#8221;][et_pb_column type=&#8221;4_4&#8243; _builder_version=&#8221;4.7.4&#8243; _module_preset=&#8221;default&#8221;][et_pb_blog fullwidth=&#8221;off&#8221; posts_number=&#8221;9&#8243; include_categories=&#8221;all&#8221; excerpt_length=&#8221;150&#8243; show_more=&#8221;on&#8221; show_author=&#8221;off&#8221; show_categories=&#8221;off&#8221; _builder_version=&#8221;4.7.4&#8243; _module_preset=&#8221;default&#8221; read_more_font=&#8221;|700|||||||&#8221; read_more_text_color=&#8221;#16467c&#8221; background_color=&#8221;rgba(0,0,0,0)&#8221; text_orientation=&#8221;left&#8221; border_width_all=&#8221;4px&#8221; border_color_all=&#8221;#f8f5f0&#8243;][\/et_pb_blog][\/et_pb_column][\/et_pb_row][\/et_pb_section]<\/p>","protected":false},"excerpt":{"rendered":"<p>Hantering av fisk S\u00e5 s\u00e4tter du ut stora g\u00f6sar och andra fiskar. T\u00e5ng\/peang \u00e4r bra att ha. Anv\u00e4nd h\u00e5v, g\u00e4rna knutl\u00f6s och gummerad, vid landning av fisk. Anv\u00e4nd absolut inte huggkrok. Som alternativ kan s.k. lip-grip anv\u00e4ndas. Den har principen av en hovt\u00e5ng och kan k\u00f6pas i fiskebutiker. Nackdelen \u00e4r att fisken h\u00e5lls lodr\u00e4tt vilket [&hellip;]<\/p>","protected":false},"author":1,"featured_media":0,"parent":0,"menu_order":0,"comment_status":"closed","ping_status":"closed","template":"","meta":{"_et_pb_use_builder":"on","_et_pb_old_content":"","_et_gb_content_width":"","_monsterinsights_skip_tracking":false,"_monsterinsights_sitenote_active":false,"_monsterinsights_sitenote_note":"","_monsterinsights_sitenote_category":0},"yoast_head":"<!-- This site is optimized with the Yoast SEO plugin v17.5 - https:\/\/yoast.com\/wordpress\/plugins\/seo\/ -->\n<title>Hantering av fisk - Bolmens fiskev\u00e5rdsomr\u00e5desf\u00f6rening<\/title>\n<meta name=\"robots\" content=\"index, follow, max-snippet:-1, max-image-preview:large, max-video-preview:-1\" \/>\n<link rel=\"canonical\" href=\"https:\/\/bolmensweden.com\/en\/hantering-av-fisk\/\" \/>\n<meta property=\"og:locale\" content=\"en_GB\" \/>\n<meta property=\"og:type\" content=\"article\" \/>\n<meta property=\"og:title\" content=\"Hantering av fisk - Bolmens fiskev\u00e5rdsomr\u00e5desf\u00f6rening\" \/>\n<meta property=\"og:description\" content=\"Hantering av fisk S\u00e5 s\u00e4tter du ut stora g\u00f6sar och andra fiskar. T\u00e5ng\/peang \u00e4r bra att ha. Anv\u00e4nd h\u00e5v, g\u00e4rna knutl\u00f6s och gummerad, vid landning av fisk. Anv\u00e4nd absolut inte huggkrok. Som alternativ kan s.k. lip-grip anv\u00e4ndas. Den har principen av en hovt\u00e5ng och kan k\u00f6pas i fiskebutiker. Nackdelen \u00e4r att fisken h\u00e5lls lodr\u00e4tt vilket [&hellip;]\" \/>\n<meta property=\"og:url\" content=\"https:\/\/bolmensweden.com\/en\/hantering-av-fisk\/\" \/>\n<meta property=\"og:site_name\" content=\"Bolmens fiskev\u00e5rdsomr\u00e5desf\u00f6rening\" \/>\n<meta property=\"article:modified_time\" content=\"2021-11-03T08:05:06+00:00\" \/>\n<meta name=\"twitter:card\" content=\"summary_large_image\" \/>\n<meta name=\"twitter:label1\" content=\"Estimated reading time\" \/>\n\t<meta name=\"twitter:data1\" content=\"4 minutes\" \/>\n<script type=\"application\/ld+json\" class=\"yoast-schema-graph\">{\"@context\":\"https:\/\/schema.org\",\"@graph\":[{\"@type\":\"WebSite\",\"@id\":\"https:\/\/bolmensweden.com\/en\/#website\",\"url\":\"https:\/\/bolmensweden.com\/en\/\",\"name\":\"Bolmens fiskev\\u00e5rdsomr\\u00e5desf\\u00f6rening\",\"description\":\"Fiske f\\u00f6r hela familjen\",\"potentialAction\":[{\"@type\":\"SearchAction\",\"target\":{\"@type\":\"EntryPoint\",\"urlTemplate\":\"https:\/\/bolmensweden.com\/en\/?s={search_term_string}\"},\"query-input\":\"required name=search_term_string\"}],\"inLanguage\":\"en-GB\"},{\"@type\":\"WebPage\",\"@id\":\"https:\/\/bolmensweden.com\/en\/hantering-av-fisk\/#webpage\",\"url\":\"https:\/\/bolmensweden.com\/en\/hantering-av-fisk\/\",\"name\":\"Hantering av fisk - Bolmens fiskev\\u00e5rdsomr\\u00e5desf\\u00f6rening\",\"isPartOf\":{\"@id\":\"https:\/\/bolmensweden.com\/en\/#website\"},\"datePublished\":\"2021-01-19T08:59:49+00:00\",\"dateModified\":\"2021-11-03T08:05:06+00:00\",\"breadcrumb\":{\"@id\":\"https:\/\/bolmensweden.com\/en\/hantering-av-fisk\/#breadcrumb\"},\"inLanguage\":\"en-GB\",\"potentialAction\":[{\"@type\":\"ReadAction\",\"target\":[\"https:\/\/bolmensweden.com\/en\/hantering-av-fisk\/\"]}]},{\"@type\":\"BreadcrumbList\",\"@id\":\"https:\/\/bolmensweden.com\/en\/hantering-av-fisk\/#breadcrumb\",\"itemListElement\":[{\"@type\":\"ListItem\",\"position\":1,\"name\":\"Hem\",\"item\":\"https:\/\/bolmensweden.com\/en\/\"},{\"@type\":\"ListItem\",\"position\":2,\"name\":\"Hantering av fisk\"}]}]}<\/script>\n<!-- \/ Yoast SEO plugin. -->","yoast_head_json":{"title":"Hantering av fisk - Bolmens fiskev\u00e5rdsomr\u00e5desf\u00f6rening","robots":{"index":"index","follow":"follow","max-snippet":"max-snippet:-1","max-image-preview":"max-image-preview:large","max-video-preview":"max-video-preview:-1"},"canonical":"https:\/\/bolmensweden.com\/en\/hantering-av-fisk\/","og_locale":"en_GB","og_type":"article","og_title":"Hantering av fisk - Bolmens fiskev\u00e5rdsomr\u00e5desf\u00f6rening","og_description":"Hantering av fisk S\u00e5 s\u00e4tter du ut stora g\u00f6sar och andra fiskar. T\u00e5ng\/peang \u00e4r bra att ha. Anv\u00e4nd h\u00e5v, g\u00e4rna knutl\u00f6s och gummerad, vid landning av fisk. Anv\u00e4nd absolut inte huggkrok. Som alternativ kan s.k. lip-grip anv\u00e4ndas. Den har principen av en hovt\u00e5ng och kan k\u00f6pas i fiskebutiker. Nackdelen \u00e4r att fisken h\u00e5lls lodr\u00e4tt vilket [&hellip;]","og_url":"https:\/\/bolmensweden.com\/en\/hantering-av-fisk\/","og_site_name":"Bolmens fiskev\u00e5rdsomr\u00e5desf\u00f6rening","article_modified_time":"2021-11-03T08:05:06+00:00","twitter_card":"summary_large_image","twitter_misc":{"Estimated reading time":"4 minutes"},"schema":{"@context":"https:\/\/schema.org","@graph":[{"@type":"WebSite","@id":"https:\/\/bolmensweden.com\/en\/#website","url":"https:\/\/bolmensweden.com\/en\/","name":"Bolmens fiskev\u00e5rdsomr\u00e5desf\u00f6rening","description":"Fiske f\u00f6r hela familjen","potentialAction":[{"@type":"SearchAction","target":{"@type":"EntryPoint","urlTemplate":"https:\/\/bolmensweden.com\/en\/?s={search_term_string}"},"query-input":"required name=search_term_string"}],"inLanguage":"en-GB"},{"@type":"WebPage","@id":"https:\/\/bolmensweden.com\/en\/hantering-av-fisk\/#webpage","url":"https:\/\/bolmensweden.com\/en\/hantering-av-fisk\/","name":"Hantering av fisk - Bolmens fiskev\u00e5rdsomr\u00e5desf\u00f6rening","isPartOf":{"@id":"https:\/\/bolmensweden.com\/en\/#website"},"datePublished":"2021-01-19T08:59:49+00:00","dateModified":"2021-11-03T08:05:06+00:00","breadcrumb":{"@id":"https:\/\/bolmensweden.com\/en\/hantering-av-fisk\/#breadcrumb"},"inLanguage":"en-GB","potentialAction":[{"@type":"ReadAction","target":["https:\/\/bolmensweden.com\/en\/hantering-av-fisk\/"]}]},{"@type":"BreadcrumbList","@id":"https:\/\/bolmensweden.com\/en\/hantering-av-fisk\/#breadcrumb","itemListElement":[{"@type":"ListItem","position":1,"name":"Hem","item":"https:\/\/bolmensweden.com\/en\/"},{"@type":"ListItem","position":2,"name":"Hantering av fisk"}]}]}},"_links":{"self":[{"href":"https:\/\/bolmensweden.com\/en\/wp-json\/wp\/v2\/pages\/572"}],"collection":[{"href":"https:\/\/bolmensweden.com\/en\/wp-json\/wp\/v2\/pages"}],"about":[{"href":"https:\/\/bolmensweden.com\/en\/wp-json\/wp\/v2\/types\/page"}],"author":[{"embeddable":true,"href":"https:\/\/bolmensweden.com\/en\/wp-json\/wp\/v2\/users\/1"}],"replies":[{"embeddable":true,"href":"https:\/\/bolmensweden.com\/en\/wp-json\/wp\/v2\/comments?post=572"}],"version-history":[{"count":12,"href":"https:\/\/bolmensweden.com\/en\/wp-json\/wp\/v2\/pages\/572\/revisions"}],"predecessor-version":[{"id":1174,"href":"https:\/\/bolmensweden.com\/en\/wp-json\/wp\/v2\/pages\/572\/revisions\/1174"}],"wp:attachment":[{"href":"https:\/\/bolmensweden.com\/en\/wp-json\/wp\/v2\/media?parent=572"}],"curies":[{"name":"wp","href":"https:\/\/api.w.org\/{rel}","templated":true}]}}