{"id":622,"date":"2021-01-20T10:21:45","date_gmt":"2021-01-20T09:21:45","guid":{"rendered":"https:\/\/bolmensweden.com\/?page_id=622"},"modified":"2021-11-03T09:10:44","modified_gmt":"2021-11-03T08:10:44","slug":"bolmens-fiskestipendium","status":"publish","type":"page","link":"https:\/\/bolmensweden.com\/en\/bolmens-fiskestipendium\/","title":{"rendered":"Bolmens fiskestipendium"},"content":{"rendered":"<p>[et_pb_section fb_built=&#8221;1&#8243; _builder_version=&#8221;4.7.4&#8243; _module_preset=&#8221;default&#8221; background_image=&#8221;https:\/\/bolmensweden.com\/wp-content\/uploads\/2021\/01\/118786356_3643615402338223_6226205748556701521_n.jpg&#8221; height=&#8221;350px&#8221;][\/et_pb_section][et_pb_section fb_built=&#8221;1&#8243; _builder_version=&#8221;4.7.4&#8243; _module_preset=&#8221;default&#8221; background_color=&#8221;rgba(0,0,0,0)&#8221; custom_padding=&#8221;1px||||false|false&#8221;][et_pb_row column_structure=&#8221;2_3,1_3&#8243; _builder_version=&#8221;4.7.4&#8243; _module_preset=&#8221;default&#8221; custom_padding=&#8221;40px|||||&#8221;][et_pb_column type=&#8221;2_3&#8243; _builder_version=&#8221;4.7.4&#8243; _module_preset=&#8221;default&#8221;][et_pb_text _builder_version=&#8221;4.7.4&#8243; _module_preset=&#8221;default&#8221; custom_margin=&#8221;|24px|||false|false&#8221; custom_padding=&#8221;|7px||||&#8221; hover_enabled=&#8221;0&#8243; background_color=&#8221;rgba(0,0,0,0)&#8221; sticky_enabled=&#8221;0&#8243;]<\/p>\n<h1>Bolmens fiskestipendium<\/h1>\n<p><strong>Styrelsen f\u00f6r Bolmens fiskev\u00e5rsomr\u00e5desf\u00f6rening har 2006 beslutat att instifta Bolmens fiskestipendium.<\/strong><\/p>\n<p><strong>\u00c5rlig utdelning<\/strong><br \/> Genom att \u00e5rligen dela ut en summa av h\u00f6gst 5 000 kronor vill f\u00f6reningen fr\u00e4mja intresset f\u00f6r studier, forskning och utbildning som r\u00f6r fisk och fiske och d\u00e4rmed sammanh\u00e4ngande milj\u00f6fr\u00e5gor.<\/p>\n<p>Summan kan f\u00f6rdelas p\u00e5 flera mottagare. Stipendiet kan tilldelas enskilda personer, skolor, fiske och milj\u00f6organisationer. Fr\u00e4mst ska unga m\u00e4nniskors intresse tillgodoses, vilket inte utesluter att styrelsen, om den finner andras id\u00e9er v\u00e4rda att utveckla, tilldelar \u00e4ldre stipendiet.<\/p>\n<p>Offentligg\u00f6rande av stipendiat eller stipendiater avses kunna ske vid l\u00e4mplig tid under \u00e5ret. Som motprestation f\u00f6rv\u00e4ntas stipendiat\/stipendiater vid f\u00f6reningens \u00e5rsm\u00f6te redovisa resultatet av de studier som gjorts.<\/p>\n<p>Styrelsen i Bolmens fiskev\u00e5rdsomr\u00e5desf\u00f6rening<\/p>\n<p>[\/et_pb_text][\/et_pb_column][et_pb_column type=&#8221;1_3&#8243; _builder_version=&#8221;4.7.4&#8243; _module_preset=&#8221;default&#8221; background_color=&#8221;#DFB759&#8243; custom_padding=&#8221;42px|24px|32px|24px|false|true&#8221;][et_pb_text _builder_version=&#8221;4.7.4&#8243; _module_preset=&#8221;default&#8221; text_text_color=&#8221;#000000&#8243; header_text_color=&#8221;#000000&#8243; header_2_font=&#8221;|700|||||||&#8221; header_2_text_color=&#8221;#000000&#8243; header_2_font_size=&#8221;34px&#8221; header_2_line_height=&#8221;1.1em&#8221; text_orientation=&#8221;center&#8221; custom_margin=&#8221;||24px||false|false&#8221; custom_padding=&#8221;||||true|true&#8221; hover_enabled=&#8221;0&#8243; background_color=&#8221;rgba(0,0,0,0)&#8221; sticky_enabled=&#8221;0&#8243;]<\/p>\n<h2><strong>Ans\u00f6k<\/strong><\/h2>\n<p>Ans\u00f6kan om stipendiet ska g\u00f6ras personligen. \u00c4ven f\u00f6rslag till mottagare tas emot. Ans\u00f6kan ska vara skriftlig och inl\u00e4mnas till fiskev\u00e5rdsomr\u00e5desf\u00f6reningen.<\/p>\n<p>Stipendiater utses av f\u00f6reningens styrelse.<\/p>\n<p>Styrelsen tar emot ans\u00f6kningar via e-post p\u00e5 adressen: <span style=\"text-decoration: underline; color: #000000;\"><strong><a href=\"mailto:kontakt@bolmensweden.com\" style=\"color: #000000; text-decoration: underline;\">kontakt@bolmensweden.com<\/a><\/strong><\/span>.<\/p>\n<p>[\/et_pb_text][\/et_pb_column][\/et_pb_row][\/et_pb_section][et_pb_section fb_built=&#8221;1&#8243; _builder_version=&#8221;4.7.4&#8243; _module_preset=&#8221;default&#8221; background_color=&#8221;rgba(0,0,0,0)&#8221; custom_padding=&#8221;24px||||false|false&#8221; global_module=&#8221;557&#8243; saved_tabs=&#8221;all&#8221;][et_pb_row _builder_version=&#8221;4.7.4&#8243; _module_preset=&#8221;default&#8221;][et_pb_column type=&#8221;4_4&#8243; _builder_version=&#8221;4.7.4&#8243; _module_preset=&#8221;default&#8221;][et_pb_button button_text=&#8221;Aktuellt fr\u00e5n Bolmens fiskev\u00e5rdsomr\u00e5desf\u00f6rening&#8221; _builder_version=&#8221;4.7.4&#8243; _module_preset=&#8221;default&#8221; custom_button=&#8221;on&#8221; button_text_color=&#8221;#000000&#8243; button_border_width=&#8221;0px&#8221; button_icon=&#8221;%%206%%&#8221; button_icon_placement=&#8221;left&#8221; button_on_hover=&#8221;off&#8221; custom_margin=&#8221;||16px|26px|false|false&#8221; custom_padding=&#8221;0px|0px|0px|0px|false|false&#8221;][\/et_pb_button][\/et_pb_column][\/et_pb_row][et_pb_row use_custom_gutter=&#8221;on&#8221; make_equal=&#8221;on&#8221; _builder_version=&#8221;4.7.4&#8243; _module_preset=&#8221;default&#8221;][et_pb_column type=&#8221;4_4&#8243; _builder_version=&#8221;4.7.4&#8243; _module_preset=&#8221;default&#8221;][et_pb_blog fullwidth=&#8221;off&#8221; posts_number=&#8221;9&#8243; include_categories=&#8221;all&#8221; excerpt_length=&#8221;150&#8243; show_more=&#8221;on&#8221; show_author=&#8221;off&#8221; show_categories=&#8221;off&#8221; _builder_version=&#8221;4.7.4&#8243; _module_preset=&#8221;default&#8221; read_more_font=&#8221;|700|||||||&#8221; read_more_text_color=&#8221;#16467c&#8221; background_color=&#8221;rgba(0,0,0,0)&#8221; text_orientation=&#8221;left&#8221; border_width_all=&#8221;4px&#8221; border_color_all=&#8221;#f8f5f0&#8243;][\/et_pb_blog][\/et_pb_column][\/et_pb_row][\/et_pb_section]<\/p>","protected":false},"excerpt":{"rendered":"<p>Bolmens fiskestipendium Styrelsen f\u00f6r Bolmens fiskev\u00e5rsomr\u00e5desf\u00f6rening har 2006 beslutat att instifta Bolmens fiskestipendium. \u00c5rlig utdelning Genom att \u00e5rligen dela ut en summa av h\u00f6gst 5 000 kronor vill f\u00f6reningen fr\u00e4mja intresset f\u00f6r studier, forskning och utbildning som r\u00f6r fisk och fiske och d\u00e4rmed sammanh\u00e4ngande milj\u00f6fr\u00e5gor. Summan kan f\u00f6rdelas p\u00e5 flera mottagare. Stipendiet kan tilldelas enskilda [&hellip;]<\/p>","protected":false},"author":1,"featured_media":0,"parent":0,"menu_order":0,"comment_status":"closed","ping_status":"closed","template":"","meta":{"_et_pb_use_builder":"on","_et_pb_old_content":"","_et_gb_content_width":"","_monsterinsights_skip_tracking":false,"_monsterinsights_sitenote_active":false,"_monsterinsights_sitenote_note":"","_monsterinsights_sitenote_category":0},"yoast_head":"<!-- This site is optimized with the Yoast SEO plugin v17.5 - https:\/\/yoast.com\/wordpress\/plugins\/seo\/ -->\n<title>Bolmens fiskestipendium - Bolmens fiskev\u00e5rdsomr\u00e5desf\u00f6rening<\/title>\n<meta name=\"robots\" content=\"index, follow, max-snippet:-1, max-image-preview:large, max-video-preview:-1\" \/>\n<link rel=\"canonical\" href=\"https:\/\/bolmensweden.com\/en\/bolmens-fiskestipendium\/\" \/>\n<meta property=\"og:locale\" content=\"en_GB\" \/>\n<meta property=\"og:type\" content=\"article\" \/>\n<meta property=\"og:title\" content=\"Bolmens fiskestipendium - Bolmens fiskev\u00e5rdsomr\u00e5desf\u00f6rening\" \/>\n<meta property=\"og:description\" content=\"Bolmens fiskestipendium Styrelsen f\u00f6r Bolmens fiskev\u00e5rsomr\u00e5desf\u00f6rening har 2006 beslutat att instifta Bolmens fiskestipendium. \u00c5rlig utdelning Genom att \u00e5rligen dela ut en summa av h\u00f6gst 5 000 kronor vill f\u00f6reningen fr\u00e4mja intresset f\u00f6r studier, forskning och utbildning som r\u00f6r fisk och fiske och d\u00e4rmed sammanh\u00e4ngande milj\u00f6fr\u00e5gor. Summan kan f\u00f6rdelas p\u00e5 flera mottagare. Stipendiet kan tilldelas enskilda [&hellip;]\" \/>\n<meta property=\"og:url\" content=\"https:\/\/bolmensweden.com\/en\/bolmens-fiskestipendium\/\" \/>\n<meta property=\"og:site_name\" content=\"Bolmens fiskev\u00e5rdsomr\u00e5desf\u00f6rening\" \/>\n<meta property=\"article:modified_time\" content=\"2021-11-03T08:10:44+00:00\" \/>\n<meta name=\"twitter:card\" content=\"summary_large_image\" \/>\n<meta name=\"twitter:label1\" content=\"Estimated reading time\" \/>\n\t<meta name=\"twitter:data1\" content=\"3 minutes\" \/>\n<script type=\"application\/ld+json\" class=\"yoast-schema-graph\">{\"@context\":\"https:\/\/schema.org\",\"@graph\":[{\"@type\":\"WebSite\",\"@id\":\"https:\/\/bolmensweden.com\/en\/#website\",\"url\":\"https:\/\/bolmensweden.com\/en\/\",\"name\":\"Bolmens fiskev\\u00e5rdsomr\\u00e5desf\\u00f6rening\",\"description\":\"Fiske f\\u00f6r hela familjen\",\"potentialAction\":[{\"@type\":\"SearchAction\",\"target\":{\"@type\":\"EntryPoint\",\"urlTemplate\":\"https:\/\/bolmensweden.com\/en\/?s={search_term_string}\"},\"query-input\":\"required name=search_term_string\"}],\"inLanguage\":\"en-GB\"},{\"@type\":\"WebPage\",\"@id\":\"https:\/\/bolmensweden.com\/en\/bolmens-fiskestipendium\/#webpage\",\"url\":\"https:\/\/bolmensweden.com\/en\/bolmens-fiskestipendium\/\",\"name\":\"Bolmens fiskestipendium - Bolmens fiskev\\u00e5rdsomr\\u00e5desf\\u00f6rening\",\"isPartOf\":{\"@id\":\"https:\/\/bolmensweden.com\/en\/#website\"},\"datePublished\":\"2021-01-20T09:21:45+00:00\",\"dateModified\":\"2021-11-03T08:10:44+00:00\",\"breadcrumb\":{\"@id\":\"https:\/\/bolmensweden.com\/en\/bolmens-fiskestipendium\/#breadcrumb\"},\"inLanguage\":\"en-GB\",\"potentialAction\":[{\"@type\":\"ReadAction\",\"target\":[\"https:\/\/bolmensweden.com\/en\/bolmens-fiskestipendium\/\"]}]},{\"@type\":\"BreadcrumbList\",\"@id\":\"https:\/\/bolmensweden.com\/en\/bolmens-fiskestipendium\/#breadcrumb\",\"itemListElement\":[{\"@type\":\"ListItem\",\"position\":1,\"name\":\"Hem\",\"item\":\"https:\/\/bolmensweden.com\/en\/\"},{\"@type\":\"ListItem\",\"position\":2,\"name\":\"Bolmens fiskestipendium\"}]}]}<\/script>\n<!-- \/ Yoast SEO plugin. -->","yoast_head_json":{"title":"Bolmens fiskestipendium - Bolmens fiskev\u00e5rdsomr\u00e5desf\u00f6rening","robots":{"index":"index","follow":"follow","max-snippet":"max-snippet:-1","max-image-preview":"max-image-preview:large","max-video-preview":"max-video-preview:-1"},"canonical":"https:\/\/bolmensweden.com\/en\/bolmens-fiskestipendium\/","og_locale":"en_GB","og_type":"article","og_title":"Bolmens fiskestipendium - Bolmens fiskev\u00e5rdsomr\u00e5desf\u00f6rening","og_description":"Bolmens fiskestipendium Styrelsen f\u00f6r Bolmens fiskev\u00e5rsomr\u00e5desf\u00f6rening har 2006 beslutat att instifta Bolmens fiskestipendium. \u00c5rlig utdelning Genom att \u00e5rligen dela ut en summa av h\u00f6gst 5 000 kronor vill f\u00f6reningen fr\u00e4mja intresset f\u00f6r studier, forskning och utbildning som r\u00f6r fisk och fiske och d\u00e4rmed sammanh\u00e4ngande milj\u00f6fr\u00e5gor. Summan kan f\u00f6rdelas p\u00e5 flera mottagare. Stipendiet kan tilldelas enskilda [&hellip;]","og_url":"https:\/\/bolmensweden.com\/en\/bolmens-fiskestipendium\/","og_site_name":"Bolmens fiskev\u00e5rdsomr\u00e5desf\u00f6rening","article_modified_time":"2021-11-03T08:10:44+00:00","twitter_card":"summary_large_image","twitter_misc":{"Estimated reading time":"3 minutes"},"schema":{"@context":"https:\/\/schema.org","@graph":[{"@type":"WebSite","@id":"https:\/\/bolmensweden.com\/en\/#website","url":"https:\/\/bolmensweden.com\/en\/","name":"Bolmens fiskev\u00e5rdsomr\u00e5desf\u00f6rening","description":"Fiske f\u00f6r hela familjen","potentialAction":[{"@type":"SearchAction","target":{"@type":"EntryPoint","urlTemplate":"https:\/\/bolmensweden.com\/en\/?s={search_term_string}"},"query-input":"required name=search_term_string"}],"inLanguage":"en-GB"},{"@type":"WebPage","@id":"https:\/\/bolmensweden.com\/en\/bolmens-fiskestipendium\/#webpage","url":"https:\/\/bolmensweden.com\/en\/bolmens-fiskestipendium\/","name":"Bolmens fiskestipendium - Bolmens fiskev\u00e5rdsomr\u00e5desf\u00f6rening","isPartOf":{"@id":"https:\/\/bolmensweden.com\/en\/#website"},"datePublished":"2021-01-20T09:21:45+00:00","dateModified":"2021-11-03T08:10:44+00:00","breadcrumb":{"@id":"https:\/\/bolmensweden.com\/en\/bolmens-fiskestipendium\/#breadcrumb"},"inLanguage":"en-GB","potentialAction":[{"@type":"ReadAction","target":["https:\/\/bolmensweden.com\/en\/bolmens-fiskestipendium\/"]}]},{"@type":"BreadcrumbList","@id":"https:\/\/bolmensweden.com\/en\/bolmens-fiskestipendium\/#breadcrumb","itemListElement":[{"@type":"ListItem","position":1,"name":"Hem","item":"https:\/\/bolmensweden.com\/en\/"},{"@type":"ListItem","position":2,"name":"Bolmens fiskestipendium"}]}]}},"_links":{"self":[{"href":"https:\/\/bolmensweden.com\/en\/wp-json\/wp\/v2\/pages\/622"}],"collection":[{"href":"https:\/\/bolmensweden.com\/en\/wp-json\/wp\/v2\/pages"}],"about":[{"href":"https:\/\/bolmensweden.com\/en\/wp-json\/wp\/v2\/types\/page"}],"author":[{"embeddable":true,"href":"https:\/\/bolmensweden.com\/en\/wp-json\/wp\/v2\/users\/1"}],"replies":[{"embeddable":true,"href":"https:\/\/bolmensweden.com\/en\/wp-json\/wp\/v2\/comments?post=622"}],"version-history":[{"count":8,"href":"https:\/\/bolmensweden.com\/en\/wp-json\/wp\/v2\/pages\/622\/revisions"}],"predecessor-version":[{"id":1180,"href":"https:\/\/bolmensweden.com\/en\/wp-json\/wp\/v2\/pages\/622\/revisions\/1180"}],"wp:attachment":[{"href":"https:\/\/bolmensweden.com\/en\/wp-json\/wp\/v2\/media?parent=622"}],"curies":[{"name":"wp","href":"https:\/\/api.w.org\/{rel}","templated":true}]}}