{"id":906,"date":"2021-03-09T14:34:08","date_gmt":"2021-03-09T13:34:08","guid":{"rendered":"https:\/\/bolmensweden.com\/?page_id=906"},"modified":"2021-03-09T20:53:50","modified_gmt":"2021-03-09T19:53:50","slug":"fiskeregler-fiskerattsagare","status":"publish","type":"page","link":"https:\/\/bolmensweden.com\/en\/fiskeregler-fiskerattsagare\/","title":{"rendered":"Fiskeregler &#8211; fisker\u00e4tts\u00e4gare"},"content":{"rendered":"<p>[et_pb_section fb_built=&#8221;1&#8243; fullwidth=&#8221;on&#8221; _builder_version=&#8221;4.7.4&#8243; _module_preset=&#8221;default&#8221; background_image=&#8221;https:\/\/bolmensweden.com\/wp-content\/uploads\/2021\/01\/shutterstock_1819711112-scaled.jpg&#8221; height=&#8221;350px&#8221;][\/et_pb_section][et_pb_section fb_built=&#8221;1&#8243; _builder_version=&#8221;4.7.4&#8243; _module_preset=&#8221;default&#8221; background_color=&#8221;rgba(0,0,0,0)&#8221; custom_margin_tablet=&#8221;&#8221; custom_margin_phone=&#8221;&#8221; custom_margin_last_edited=&#8221;on|phone&#8221; custom_padding=&#8221;3px|||0px|false|false&#8221;][et_pb_row column_structure=&#8221;2_3,1_3&#8243; _builder_version=&#8221;4.7.4&#8243; _module_preset=&#8221;default&#8221; custom_padding=&#8221;41px|||||&#8221;][et_pb_column type=&#8221;2_3&#8243; _builder_version=&#8221;4.7.4&#8243; _module_preset=&#8221;default&#8221;][et_pb_text _builder_version=&#8221;4.7.4&#8243; _module_preset=&#8221;default&#8221; custom_padding_tablet=&#8221;&#8221; custom_padding_phone=&#8221;&#8221; custom_padding_last_edited=&#8221;on|phone&#8221; hover_enabled=&#8221;0&#8243; sticky_enabled=&#8221;0&#8243;]<\/p>\n<h1><\/h1>\n<h1>Fiskeregler &#8211; fisker\u00e4tts\u00e4gare<\/h1>\n<h4><span style=\"font-size: large;\"><strong>Allm\u00e4na fiskeregler f\u00f6r fisker\u00e4tts\u00e4gare Bolmens FVOF 2020<br \/> <\/strong><\/span><\/h4>\n<p><strong>The boundaries are:<\/strong>&lt;\/<\/p>\n<ul>\n<li>At Stor\u00e5n by the mill at Sl\u00e4tt\u00f6.<\/li>\n<li>At \u00d6nne stream at the bridge by the road between Unnaryd and Odensj\u00f6.<\/li>\n<li>At the outlet at the power station at Skeen<\/li>\n<li>Apart from these boundaries there are boundaries at the outlets of the different streams into Bolmen.<\/li>\n<\/ul>\n<p><strong>Generella regler f\u00f6r alla<\/strong><\/p>\n<ul>\n<li>P\u00e5 \u00f6ring \u00e4r det minimikrav p\u00e5 50 cm.<\/li>\n<li>Fiskef\u00f6rbud i \u00d6nne\u00e5, hela \u00e5ret.<\/li>\n<li>Fiskef\u00f6rbud i Stor\u00e5n fr\u00e5n 15 april till 15 juni.<\/li>\n<\/ul>\n<p><strong>Fiskevatten\u00e4garnas fiske<\/strong><\/p>\n<ul>\n<li>Medlem f\u00e5r ut\u00f6va sin fisker\u00e4tt inom det fiskevatten som tillh\u00f6r det egna skifteslaget eller den egna fastigheten. Det finns i varje sk\u00f6tselomr\u00e5de kartmaterial \u00f6ver skifteslagen och \u00e4garf\u00f6rteckning \u00f6ver fastigheterna.<\/li>\n<li>Fisker\u00e4tt p\u00e5 samf\u00e4llt vatten kan inte \u00f6verf\u00f6ras, utl\u00e5nas eller arrenderas till annan utan att samtliga i samf\u00e4lligheten skriftligt medgivit detta. Aktuellt sk\u00f6tselomr\u00e5de ska skriftligt underr\u00e4ttas i de h\u00e4r fallen.<\/li>\n<li>Medlem har r\u00e4tt att inom hela fiskev\u00e5rdsomr\u00e5det bedriva s\u00e5dant fiske som enligt \u00a7 6 i stadgarna f\u00e5r uppl\u00e5tas till allm\u00e4nheten. Fisker\u00e4tts\u00e4gare ska d\u00e5 f\u00f6lja de regler som g\u00e4ller f\u00f6r kortk\u00f6pare.<\/li>\n<li>Alla redskap ska vara m\u00e4rkta. N\u00e4tkoppel l\u00e4ngre \u00e4n 200 m ska vara utm\u00e4rkta med minst tre bojar. L\u00e4ngre \u00e4n 300 m fyra bojar osv. Redskapen ska vara m\u00e4rkta med \u00e4garens namn, fastighetsbeteckning och telefonnummer.<\/li>\n<li>N\u00e4t ska vittjas minst tre g\u00e5nger per vecka eller t\u00e4tare, om temperatur eller v\u00e4der s\u00e5 kr\u00e4ver. Andra fasta redskap (ryssja, mj\u00e4rde, bottengarn) ska vittjas minst en g\u00e5ngper vecka. Bottengarn ska tas upp eller ligga nedf\u00e4llda p\u00e5 botten under perioder d\u00e5 fiskaren inte kan sk\u00f6ta dem p\u00e5 f\u00f6reskrivet s\u00e4tt.<\/li>\n<li>St\u00f6rsta maskstorlek p\u00e5 n\u00e4t \u00e4r 70 mm.<\/li>\n<li>Fisker\u00e4ttsinnehavare har skyldighet att kunna styrka sin fisker\u00e4tt enligt \u00a7 8 i stadgarna.<\/li>\n<li>F\u00e5ngad mink betals med 300 kr. Utbetalning g\u00f6rs av sk\u00f6tselomr\u00e5denas kass\u00f6rer.<\/li>\n<li>Styrelsen arbetar efter fiskeplan fastst\u00e4lld p\u00e5 \u00e5rsst\u00e4mman 2014.<\/li>\n<\/ul>\n<p>[\/et_pb_text][\/et_pb_column][et_pb_column type=&#8221;1_3&#8243; _builder_version=&#8221;4.7.4&#8243; _module_preset=&#8221;default&#8221; background_color=&#8221;#5B711D&#8221; custom_padding=&#8221;42px|24px|62px|24px|false|true&#8221;][et_pb_text _builder_version=&#8221;4.7.4&#8243; _module_preset=&#8221;default&#8221; text_text_color=&#8221;#ffffff&#8221; header_2_font=&#8221;|700|||||||&#8221; header_2_text_color=&#8221;#ffffff&#8221; header_2_font_size=&#8221;34px&#8221; header_2_line_height=&#8221;1.3em&#8221; text_orientation=&#8221;center&#8221; custom_padding=&#8221;||||true|true&#8221;]<\/p>\n<h2><strong>Fishing card requirements<\/strong><\/h2>\n<p>To be allowed to fish in Bolmen you need a fishing licence permit. This can be bought digitally or at one of our retailers and are available for a day, a week, a month or alicence permit for a whole year.<\/p>\n<p>[\/et_pb_text][et_pb_button button_url=&#8221;\/fiskekort&#8221; button_text=&#8221;K\u00f6p fiskekort&#8221; button_alignment=&#8221;center&#8221; _builder_version=&#8221;4.7.4&#8243; _module_preset=&#8221;default&#8221; custom_button=&#8221;on&#8221; button_text_size=&#8221;14px&#8221; button_bg_color=&#8221;#000000&#8243; button_border_width=&#8221;0px&#8221; button_use_icon=&#8221;off&#8221; background_layout=&#8221;dark&#8221; custom_margin=&#8221;24px||||false|false&#8221;][\/et_pb_button][\/et_pb_column][\/et_pb_row][\/et_pb_section][et_pb_section fb_built=&#8221;1&#8243; _builder_version=&#8221;4.7.4&#8243; _module_preset=&#8221;default&#8221; background_color=&#8221;rgba(0,0,0,0)&#8221; custom_padding=&#8221;24px||||false|false&#8221;][et_pb_row _builder_version=&#8221;4.7.4&#8243; _module_preset=&#8221;default&#8221;][et_pb_column type=&#8221;4_4&#8243; _builder_version=&#8221;4.7.4&#8243; _module_preset=&#8221;default&#8221;][et_pb_button button_text=&#8221;Aktuellt fr\u00e5n Bolmens fiskev\u00e5rdsomr\u00e5desf\u00f6rening&#8221; _builder_version=&#8221;4.7.4&#8243; _module_preset=&#8221;default&#8221; custom_button=&#8221;on&#8221; button_text_color=&#8221;#000000&#8243; button_border_width=&#8221;0px&#8221; button_icon=&#8221;%%206%%&#8221; button_icon_placement=&#8221;left&#8221; button_on_hover=&#8221;off&#8221; custom_margin=&#8221;||16px|26px|false|false&#8221; custom_padding=&#8221;0px|0px|0px|0px|false|false&#8221;][\/et_pb_button][\/et_pb_column][\/et_pb_row][et_pb_row use_custom_gutter=&#8221;on&#8221; make_equal=&#8221;on&#8221; _builder_version=&#8221;4.7.4&#8243; _module_preset=&#8221;default&#8221;][et_pb_column type=&#8221;4_4&#8243; _builder_version=&#8221;4.7.4&#8243; _module_preset=&#8221;default&#8221;][et_pb_blog fullwidth=&#8221;off&#8221; posts_number=&#8221;3&#8243; excerpt_length=&#8221;150&#8243; show_more=&#8221;on&#8221; show_author=&#8221;off&#8221; show_categories=&#8221;off&#8221; _builder_version=&#8221;4.7.4&#8243; _module_preset=&#8221;default&#8221; read_more_font=&#8221;||||||||&#8221; read_more_text_color=&#8221;#007fe0&#8243; background_color=&#8221;rgba(0,0,0,0)&#8221; text_orientation=&#8221;left&#8221; border_width_all=&#8221;4px&#8221; border_color_all=&#8221;#f8f5f0&#8243;][\/et_pb_blog][\/et_pb_column][\/et_pb_row][\/et_pb_section]<\/p>","protected":false},"excerpt":{"rendered":"<p>Fiskeregler &#8211; fisker\u00e4tts\u00e4gare Allm\u00e4na fiskeregler f\u00f6r fisker\u00e4tts\u00e4gare Bolmens FVOF 2020 Bolmens FVOF begr\u00e4nsningsomr\u00e5de&lt;\/ Gr\u00e4nsen \u00e4r i Stor\u00e5n vid kvarnen i Sl\u00e4tt\u00f6. I \u00d6nne \u00e5 g\u00e5r gr\u00e4nsen vid bron p\u00e5 allm\u00e4nna v\u00e4gen Unnaryd-Odensj\u00f6. I utloppet Bolm\u00e5n \u00e4r gr\u00e4nsen i kraftverket vid Skeen. I \u00f6vrigt s\u00e5 \u00e4r gr\u00e4nsen vid respektive vattendrags utlopp i Bolmen. Generella regler f\u00f6r [&hellip;]<\/p>","protected":false},"author":2,"featured_media":0,"parent":0,"menu_order":0,"comment_status":"closed","ping_status":"closed","template":"","meta":{"_et_pb_use_builder":"on","_et_pb_old_content":"","_et_gb_content_width":"","_monsterinsights_skip_tracking":false,"_monsterinsights_sitenote_active":false,"_monsterinsights_sitenote_note":"","_monsterinsights_sitenote_category":0},"yoast_head":"<!-- This site is optimized with the Yoast SEO plugin v17.5 - https:\/\/yoast.com\/wordpress\/plugins\/seo\/ -->\n<title>Fiskeregler - fisker\u00e4tts\u00e4gare - Bolmens fiskev\u00e5rdsomr\u00e5desf\u00f6rening<\/title>\n<meta name=\"robots\" content=\"index, follow, max-snippet:-1, max-image-preview:large, max-video-preview:-1\" \/>\n<link rel=\"canonical\" href=\"https:\/\/bolmensweden.com\/en\/fiskeregler-fiskerattsagare\/\" \/>\n<meta property=\"og:locale\" content=\"en_GB\" \/>\n<meta property=\"og:type\" content=\"article\" \/>\n<meta property=\"og:title\" content=\"Fiskeregler - fisker\u00e4tts\u00e4gare - Bolmens fiskev\u00e5rdsomr\u00e5desf\u00f6rening\" \/>\n<meta property=\"og:description\" content=\"Fiskeregler - fisker\u00e4tts\u00e4gare Allm\u00e4na fiskeregler f\u00f6r fisker\u00e4tts\u00e4gare Bolmens FVOF 2020 Bolmens FVOF begr\u00e4nsningsomr\u00e5de&lt;\/ Gr\u00e4nsen \u00e4r i Stor\u00e5n vid kvarnen i Sl\u00e4tt\u00f6. I \u00d6nne \u00e5 g\u00e5r gr\u00e4nsen vid bron p\u00e5 allm\u00e4nna v\u00e4gen Unnaryd-Odensj\u00f6. I utloppet Bolm\u00e5n \u00e4r gr\u00e4nsen i kraftverket vid Skeen. I \u00f6vrigt s\u00e5 \u00e4r gr\u00e4nsen vid respektive vattendrags utlopp i Bolmen. Generella regler f\u00f6r [&hellip;]\" \/>\n<meta property=\"og:url\" content=\"https:\/\/bolmensweden.com\/en\/fiskeregler-fiskerattsagare\/\" \/>\n<meta property=\"og:site_name\" content=\"Bolmens fiskev\u00e5rdsomr\u00e5desf\u00f6rening\" \/>\n<meta property=\"article:modified_time\" content=\"2021-03-09T19:53:50+00:00\" \/>\n<meta name=\"twitter:card\" content=\"summary_large_image\" \/>\n<script type=\"application\/ld+json\" class=\"yoast-schema-graph\">{\"@context\":\"https:\/\/schema.org\",\"@graph\":[{\"@type\":\"WebSite\",\"@id\":\"https:\/\/bolmensweden.com\/en\/#website\",\"url\":\"https:\/\/bolmensweden.com\/en\/\",\"name\":\"Bolmens fiskev\\u00e5rdsomr\\u00e5desf\\u00f6rening\",\"description\":\"Fiske f\\u00f6r hela familjen\",\"potentialAction\":[{\"@type\":\"SearchAction\",\"target\":{\"@type\":\"EntryPoint\",\"urlTemplate\":\"https:\/\/bolmensweden.com\/en\/?s={search_term_string}\"},\"query-input\":\"required name=search_term_string\"}],\"inLanguage\":\"en-GB\"},{\"@type\":\"WebPage\",\"@id\":\"https:\/\/bolmensweden.com\/en\/fiskeregler-fiskerattsagare\/#webpage\",\"url\":\"https:\/\/bolmensweden.com\/en\/fiskeregler-fiskerattsagare\/\",\"name\":\"Fiskeregler - fisker\\u00e4tts\\u00e4gare - Bolmens fiskev\\u00e5rdsomr\\u00e5desf\\u00f6rening\",\"isPartOf\":{\"@id\":\"https:\/\/bolmensweden.com\/en\/#website\"},\"datePublished\":\"2021-03-09T13:34:08+00:00\",\"dateModified\":\"2021-03-09T19:53:50+00:00\",\"breadcrumb\":{\"@id\":\"https:\/\/bolmensweden.com\/en\/fiskeregler-fiskerattsagare\/#breadcrumb\"},\"inLanguage\":\"en-GB\",\"potentialAction\":[{\"@type\":\"ReadAction\",\"target\":[\"https:\/\/bolmensweden.com\/en\/fiskeregler-fiskerattsagare\/\"]}]},{\"@type\":\"BreadcrumbList\",\"@id\":\"https:\/\/bolmensweden.com\/en\/fiskeregler-fiskerattsagare\/#breadcrumb\",\"itemListElement\":[{\"@type\":\"ListItem\",\"position\":1,\"name\":\"Hem\",\"item\":\"https:\/\/bolmensweden.com\/en\/\"},{\"@type\":\"ListItem\",\"position\":2,\"name\":\"Fiskeregler &#8211; fisker\\u00e4tts\\u00e4gare\"}]}]}<\/script>\n<!-- \/ Yoast SEO plugin. -->","yoast_head_json":{"title":"Fiskeregler - fisker\u00e4tts\u00e4gare - Bolmens fiskev\u00e5rdsomr\u00e5desf\u00f6rening","robots":{"index":"index","follow":"follow","max-snippet":"max-snippet:-1","max-image-preview":"max-image-preview:large","max-video-preview":"max-video-preview:-1"},"canonical":"https:\/\/bolmensweden.com\/en\/fiskeregler-fiskerattsagare\/","og_locale":"en_GB","og_type":"article","og_title":"Fiskeregler - fisker\u00e4tts\u00e4gare - Bolmens fiskev\u00e5rdsomr\u00e5desf\u00f6rening","og_description":"Fiskeregler - fisker\u00e4tts\u00e4gare Allm\u00e4na fiskeregler f\u00f6r fisker\u00e4tts\u00e4gare Bolmens FVOF 2020 Bolmens FVOF begr\u00e4nsningsomr\u00e5de&lt;\/ Gr\u00e4nsen \u00e4r i Stor\u00e5n vid kvarnen i Sl\u00e4tt\u00f6. I \u00d6nne \u00e5 g\u00e5r gr\u00e4nsen vid bron p\u00e5 allm\u00e4nna v\u00e4gen Unnaryd-Odensj\u00f6. I utloppet Bolm\u00e5n \u00e4r gr\u00e4nsen i kraftverket vid Skeen. I \u00f6vrigt s\u00e5 \u00e4r gr\u00e4nsen vid respektive vattendrags utlopp i Bolmen. Generella regler f\u00f6r [&hellip;]","og_url":"https:\/\/bolmensweden.com\/en\/fiskeregler-fiskerattsagare\/","og_site_name":"Bolmens fiskev\u00e5rdsomr\u00e5desf\u00f6rening","article_modified_time":"2021-03-09T19:53:50+00:00","twitter_card":"summary_large_image","schema":{"@context":"https:\/\/schema.org","@graph":[{"@type":"WebSite","@id":"https:\/\/bolmensweden.com\/en\/#website","url":"https:\/\/bolmensweden.com\/en\/","name":"Bolmens fiskev\u00e5rdsomr\u00e5desf\u00f6rening","description":"Fiske f\u00f6r hela familjen","potentialAction":[{"@type":"SearchAction","target":{"@type":"EntryPoint","urlTemplate":"https:\/\/bolmensweden.com\/en\/?s={search_term_string}"},"query-input":"required name=search_term_string"}],"inLanguage":"en-GB"},{"@type":"WebPage","@id":"https:\/\/bolmensweden.com\/en\/fiskeregler-fiskerattsagare\/#webpage","url":"https:\/\/bolmensweden.com\/en\/fiskeregler-fiskerattsagare\/","name":"Fiskeregler - fisker\u00e4tts\u00e4gare - Bolmens fiskev\u00e5rdsomr\u00e5desf\u00f6rening","isPartOf":{"@id":"https:\/\/bolmensweden.com\/en\/#website"},"datePublished":"2021-03-09T13:34:08+00:00","dateModified":"2021-03-09T19:53:50+00:00","breadcrumb":{"@id":"https:\/\/bolmensweden.com\/en\/fiskeregler-fiskerattsagare\/#breadcrumb"},"inLanguage":"en-GB","potentialAction":[{"@type":"ReadAction","target":["https:\/\/bolmensweden.com\/en\/fiskeregler-fiskerattsagare\/"]}]},{"@type":"BreadcrumbList","@id":"https:\/\/bolmensweden.com\/en\/fiskeregler-fiskerattsagare\/#breadcrumb","itemListElement":[{"@type":"ListItem","position":1,"name":"Hem","item":"https:\/\/bolmensweden.com\/en\/"},{"@type":"ListItem","position":2,"name":"Fiskeregler &#8211; fisker\u00e4tts\u00e4gare"}]}]}},"_links":{"self":[{"href":"https:\/\/bolmensweden.com\/en\/wp-json\/wp\/v2\/pages\/906"}],"collection":[{"href":"https:\/\/bolmensweden.com\/en\/wp-json\/wp\/v2\/pages"}],"about":[{"href":"https:\/\/bolmensweden.com\/en\/wp-json\/wp\/v2\/types\/page"}],"author":[{"embeddable":true,"href":"https:\/\/bolmensweden.com\/en\/wp-json\/wp\/v2\/users\/2"}],"replies":[{"embeddable":true,"href":"https:\/\/bolmensweden.com\/en\/wp-json\/wp\/v2\/comments?post=906"}],"version-history":[{"count":5,"href":"https:\/\/bolmensweden.com\/en\/wp-json\/wp\/v2\/pages\/906\/revisions"}],"predecessor-version":[{"id":926,"href":"https:\/\/bolmensweden.com\/en\/wp-json\/wp\/v2\/pages\/906\/revisions\/926"}],"wp:attachment":[{"href":"https:\/\/bolmensweden.com\/en\/wp-json\/wp\/v2\/media?parent=906"}],"curies":[{"name":"wp","href":"https:\/\/api.w.org\/{rel}","templated":true}]}}